{"id":4633,"date":"2023-11-19T10:00:05","date_gmt":"2023-11-19T10:00:05","guid":{"rendered":"https:\/\/lacuinade.timit2003.com\/poniclub\/primera-clase-en-pony\/"},"modified":"2024-03-21T07:20:23","modified_gmt":"2024-03-21T07:20:23","slug":"primera-clase-en-pony","status":"publish","type":"page","link":"https:\/\/poniclubcatalunya.cat\/es\/pequena-escuela\/primer-contacto\/primera-clase-en-pony\/","title":{"rendered":"Primera clase en pony"},"content":{"rendered":"\t\t<div data-elementor-type=\"wp-page\" data-elementor-id=\"4633\" class=\"elementor elementor-4633 elementor-2749\" data-elementor-post-type=\"page\">\n\t\t\t\t<div class=\"elementor-element elementor-element-f26adc3 e-flex e-con-boxed e-con e-parent\" data-id=\"f26adc3\" data-element_type=\"container\" data-e-type=\"container\">\n\t\t\t\t\t<div class=\"e-con-inner\">\n\t\t<div class=\"elementor-element elementor-element-91ed669 e-con-full e-flex e-con e-child\" data-id=\"91ed669\" data-element_type=\"container\" data-e-type=\"container\">\n\t\t\t\t<div class=\"elementor-element elementor-element-41f83c4 elementor-widget elementor-widget-text-editor\" data-id=\"41f83c4\" data-element_type=\"widget\" data-e-type=\"widget\" data-widget_type=\"text-editor.default\">\n\t\t\t\t<div class=\"elementor-widget-container\">\n\t\t\t\t\t\t\t\t\t<div class=\"wp-block-column is-layout-flow wp-block-column-is-layout-flow\">\n<h3 class=\"title_event\">Tu primera clase<\/h3>\n<p><strong>Aproximadamente 1 h de actividad<\/strong><\/p>\n<ul>\n<li>Para ni\u00f1os y ni\u00f1as entre 3 y 7 a\u00f1os<\/li>\n<\/ul>\n<p>Una buena manera de descubrir si le gusta la equitaci\u00f3n.<\/p>\n<p><strong>Actividad reducida de m\u00e1ximo 5 ni\u00f1os\/as<\/strong><\/p>\n<p>Se aprender\u00e1 las normas de seguridad, preparaci\u00f3n y cuidado del pony antes y despu\u00e9s de la monta, montar y avanzar al paso, parar, girar y una vez se tenga el equilibrio necesario: el trote.<\/p>\n<div><strong>No podr\u00e1n permanecer en nuestras instalaciones una vez finalizada la actividad.<\/strong><\/div>\n<div> <\/div>\n<div><strong>VESTIMENTA NECESARIA<\/strong><\/div>\n<ul>\n<li>Pantal\u00f3n largo c\u00f3modo (si puede ser el\u00e1stico, evitar vaqueros) y calzado cerrado (si puede ser botas de monta\u00f1a o por la lluvia, evitar zapatillas con velcro).<\/li>\n<\/ul>\n<p><strong>PROTOCOLO<\/strong><\/p>\n<ul>\n<li>Deber\u00e1n llegar a la hora reservada e ir directamente a la Peque\u00f1a Escuela.<\/li>\n<\/ul>\n<div>\n<p>Precio: <strong>25 \u20ac<\/strong><\/p>\n<\/div>\n<\/div>\n\t\t\t\t\t\t\t\t<\/div>\n\t\t\t\t<\/div>\n\t\t\t\t<div class=\"elementor-element elementor-element-9fe2ae9 elementor-widget elementor-widget-button\" data-id=\"9fe2ae9\" data-element_type=\"widget\" data-e-type=\"widget\" data-widget_type=\"button.default\">\n\t\t\t\t<div class=\"elementor-widget-container\">\n\t\t\t\t\t\t\t\t\t<div class=\"elementor-button-wrapper\">\n\t\t\t\t\t<a class=\"elementor-button elementor-button-link elementor-size-sm\" href=\"https:\/\/gesthipapp.com\/bookCalendarGesthipObert?equestrian_center_id=294&#038;type=classe_prova_petita_escola_menors&#038;key=ed464994196f5b620ada57f731f0700ee17910e3_3a085d1bc5fa41313c4e0910e7341af761b0f7db\" target=\"_blank\" rel=\"noopener\">\n\t\t\t\t\t\t<span class=\"elementor-button-content-wrapper\">\n\t\t\t\t\t\t<span class=\"elementor-button-icon\">\n\t\t\t\t<i aria-hidden=\"true\" class=\"fas fa-plus-square\"><\/i>\t\t\t<\/span>\n\t\t\t\t\t\t\t\t\t<span class=\"elementor-button-text\">Reserva ahora<\/span>\n\t\t\t\t\t<\/span>\n\t\t\t\t\t<\/a>\n\t\t\t\t<\/div>\n\t\t\t\t\t\t\t\t<\/div>\n\t\t\t\t<\/div>\n\t\t\t\t<\/div>\n\t\t<div class=\"elementor-element elementor-element-53477f1 e-con-full e-flex e-con e-child\" data-id=\"53477f1\" data-element_type=\"container\" data-e-type=\"container\">\n\t\t\t\t<div class=\"elementor-element elementor-element-e871364 elementor-widget elementor-widget-image\" data-id=\"e871364\" data-element_type=\"widget\" data-e-type=\"widget\" data-widget_type=\"image.default\">\n\t\t\t\t<div class=\"elementor-widget-container\">\n\t\t\t\t\t\t\t\t\t\t\t\t\t\t\t<img fetchpriority=\"high\" decoding=\"async\" width=\"800\" height=\"562\" src=\"https:\/\/poniclubcatalunya.cat\/wp-content\/uploads\/2019\/01\/TXell.jpg\" class=\"attachment-large size-large wp-image-380\" alt=\"\" srcset=\"https:\/\/poniclubcatalunya.cat\/wp-content\/uploads\/2019\/01\/TXell.jpg 1000w, https:\/\/poniclubcatalunya.cat\/wp-content\/uploads\/2019\/01\/TXell-300x211.jpg 300w, https:\/\/poniclubcatalunya.cat\/wp-content\/uploads\/2019\/01\/TXell-768x540.jpg 768w, https:\/\/poniclubcatalunya.cat\/wp-content\/uploads\/2019\/01\/TXell-500x352.jpg 500w\" sizes=\"(max-width: 800px) 100vw, 800px\" \/>\t\t\t\t\t\t\t\t\t\t\t\t\t\t\t<\/div>\n\t\t\t\t<\/div>\n\t\t\t\t<\/div>\n\t\t\t\t\t<\/div>\n\t\t\t\t<\/div>\n\t\t<div class=\"elementor-element elementor-element-510624e e-flex e-con-boxed e-con e-parent\" data-id=\"510624e\" data-element_type=\"container\" data-e-type=\"container\" data-settings=\"{&quot;background_background&quot;:&quot;classic&quot;}\">\n\t\t\t\t\t<div class=\"e-con-inner\">\n\t\t<div class=\"elementor-element elementor-element-2a83c0a e-con-full e-flex e-con e-child\" data-id=\"2a83c0a\" data-element_type=\"container\" data-e-type=\"container\">\n\t\t\t\t<div class=\"elementor-element elementor-element-eb120b2 elementor-widget elementor-widget-heading\" data-id=\"eb120b2\" data-element_type=\"widget\" data-e-type=\"widget\" data-widget_type=\"heading.default\">\n\t\t\t\t<div class=\"elementor-widget-container\">\n\t\t\t\t\t<h2 class=\"elementor-heading-title elementor-size-default\">Reserva tu primera clase.<\/h2>\t\t\t\t<\/div>\n\t\t\t\t<\/div>\n\t\t\t\t<\/div>\n\t\t<div class=\"elementor-element elementor-element-d4703e2 e-con-full e-flex e-con e-child\" data-id=\"d4703e2\" data-element_type=\"container\" data-e-type=\"container\">\n\t\t\t\t<div class=\"elementor-element elementor-element-be9b090 elementor-align-center elementor-widget elementor-widget-button\" data-id=\"be9b090\" data-element_type=\"widget\" data-e-type=\"widget\" data-widget_type=\"button.default\">\n\t\t\t\t<div class=\"elementor-widget-container\">\n\t\t\t\t\t\t\t\t\t<div class=\"elementor-button-wrapper\">\n\t\t\t\t\t<a class=\"elementor-button elementor-button-link elementor-size-md\" href=\"https:\/\/gesthipapp.com\/bookCalendarGesthipObert?equestrian_center_id=294&#038;type=classe_prova_petita_escola_menors&#038;key=ed464994196f5b620ada57f731f0700ee17910e3_3a085d1bc5fa41313c4e0910e7341af761b0f7db\" target=\"_blank\" rel=\"noopener\">\n\t\t\t\t\t\t<span class=\"elementor-button-content-wrapper\">\n\t\t\t\t\t\t<span class=\"elementor-button-icon\">\n\t\t\t\t<i aria-hidden=\"true\" class=\"fas fa-plus-square\"><\/i>\t\t\t<\/span>\n\t\t\t\t\t\t\t\t\t<span class=\"elementor-button-text\">RESERVAR<\/span>\n\t\t\t\t\t<\/span>\n\t\t\t\t\t<\/a>\n\t\t\t\t<\/div>\n\t\t\t\t\t\t\t\t<\/div>\n\t\t\t\t<\/div>\n\t\t\t\t<\/div>\n\t\t\t\t\t<\/div>\n\t\t\t\t<\/div>\n\t\t<div class=\"elementor-element elementor-element-2b0ddfe e-flex e-con-boxed e-con e-parent\" data-id=\"2b0ddfe\" data-element_type=\"container\" data-e-type=\"container\">\n\t\t\t\t\t<div class=\"e-con-inner\">\n\t\t\t\t<div class=\"elementor-element elementor-element-3076be5 elementor-widget elementor-widget-text-editor\" data-id=\"3076be5\" data-element_type=\"widget\" data-e-type=\"widget\" data-widget_type=\"text-editor.default\">\n\t\t\t\t<div class=\"elementor-widget-container\">\n\t\t\t\t\t\t\t\t\t<div class=\"wp-block-column is-layout-flow wp-block-column-is-layout-flow\">\n<h3 class=\"act_title\"><span style=\"color: var( --e-global-color-text ); font-family: var( --e-global-typography-text-font-family ), Sans-serif; text-align: var(--text-align);\"><b>FAQs<br \/><\/b><\/span><\/h3>\n<p>Preguntas frecuentes sobre la primera clase en poni.<b><\/b><\/p>\n<div><span style=\"color: var( --e-global-color-text ); font-family: var( --e-global-typography-text-font-family ), Sans-serif; text-align: var(--text-align);\"><b> <\/b><\/span><\/div>\n<\/div>\n\t\t\t\t\t\t\t\t<\/div>\n\t\t\t\t<\/div>\n\t\t\t\t<div class=\"elementor-element elementor-element-be31ed4 elementor-widget elementor-widget-toggle\" data-id=\"be31ed4\" data-element_type=\"widget\" data-e-type=\"widget\" data-widget_type=\"toggle.default\">\n\t\t\t\t<div class=\"elementor-widget-container\">\n\t\t\t\t\t\t\t<div class=\"elementor-toggle\">\n\t\t\t\t\t\t\t<div class=\"elementor-toggle-item\">\n\t\t\t\t\t<div id=\"elementor-tab-title-1991\" class=\"elementor-tab-title\" data-tab=\"1\" role=\"button\" aria-controls=\"elementor-tab-content-1991\" aria-expanded=\"false\">\n\t\t\t\t\t\t\t\t\t\t\t\t<span class=\"elementor-toggle-icon elementor-toggle-icon-left\" aria-hidden=\"true\">\n\t\t\t\t\t\t\t\t\t\t\t\t\t\t\t<span class=\"elementor-toggle-icon-closed\"><i class=\"fas fa-caret-right\"><\/i><\/span>\n\t\t\t\t\t\t\t\t<span class=\"elementor-toggle-icon-opened\"><i class=\"elementor-toggle-icon-opened fas fa-caret-up\"><\/i><\/span>\n\t\t\t\t\t\t\t\t\t\t\t\t\t<\/span>\n\t\t\t\t\t\t\t\t\t\t\t\t<a class=\"elementor-toggle-title\" tabindex=\"0\">\u00bfHay que haber montado antes?<\/a>\n\t\t\t\t\t<\/div>\n\n\t\t\t\t\t<div id=\"elementor-tab-content-1991\" class=\"elementor-tab-content elementor-clearfix\" data-tab=\"1\" role=\"region\" aria-labelledby=\"elementor-tab-title-1991\"><p>\u00a1No necesariamente! No se requiere experiencia previa con ponis para participar en esta actividad.<\/p>\n<p>Es un primer contacto con el ponis para saber si a los ni\u00f1os les gusta el mundo de la h\u00edpica.<\/p>\n<\/div>\n\t\t\t\t<\/div>\n\t\t\t\t\t\t\t<div class=\"elementor-toggle-item\">\n\t\t\t\t\t<div id=\"elementor-tab-title-1992\" class=\"elementor-tab-title\" data-tab=\"2\" role=\"button\" aria-controls=\"elementor-tab-content-1992\" aria-expanded=\"false\">\n\t\t\t\t\t\t\t\t\t\t\t\t<span class=\"elementor-toggle-icon elementor-toggle-icon-left\" aria-hidden=\"true\">\n\t\t\t\t\t\t\t\t\t\t\t\t\t\t\t<span class=\"elementor-toggle-icon-closed\"><i class=\"fas fa-caret-right\"><\/i><\/span>\n\t\t\t\t\t\t\t\t<span class=\"elementor-toggle-icon-opened\"><i class=\"elementor-toggle-icon-opened fas fa-caret-up\"><\/i><\/span>\n\t\t\t\t\t\t\t\t\t\t\t\t\t<\/span>\n\t\t\t\t\t\t\t\t\t\t\t\t<a class=\"elementor-toggle-title\" tabindex=\"0\">\u00bfExiste posibilidad de continuidad?<\/a>\n\t\t\t\t\t<\/div>\n\n\t\t\t\t\t<div id=\"elementor-tab-content-1992\" class=\"elementor-tab-content elementor-clearfix\" data-tab=\"2\" role=\"region\" aria-labelledby=\"elementor-tab-title-1992\"><p>Si el ni\u00f1o o ni\u00f1a tiene ganas de seguir practicando la h\u00edpica, buscaremos un grupo en el que encaje y pueda seguir con la pr\u00e1ctica de este deporte.<\/p>\n<\/div>\n\t\t\t\t<\/div>\n\t\t\t\t\t\t\t<div class=\"elementor-toggle-item\">\n\t\t\t\t\t<div id=\"elementor-tab-title-1993\" class=\"elementor-tab-title\" data-tab=\"3\" role=\"button\" aria-controls=\"elementor-tab-content-1993\" aria-expanded=\"false\">\n\t\t\t\t\t\t\t\t\t\t\t\t<span class=\"elementor-toggle-icon elementor-toggle-icon-left\" aria-hidden=\"true\">\n\t\t\t\t\t\t\t\t\t\t\t\t\t\t\t<span class=\"elementor-toggle-icon-closed\"><i class=\"fas fa-caret-right\"><\/i><\/span>\n\t\t\t\t\t\t\t\t<span class=\"elementor-toggle-icon-opened\"><i class=\"elementor-toggle-icon-opened fas fa-caret-up\"><\/i><\/span>\n\t\t\t\t\t\t\t\t\t\t\t\t\t<\/span>\n\t\t\t\t\t\t\t\t\t\t\t\t<a class=\"elementor-toggle-title\" tabindex=\"0\">Conoce un poco m\u00e1s a nuestros ponis<\/a>\n\t\t\t\t\t<\/div>\n\n\t\t\t\t\t<div id=\"elementor-tab-content-1993\" class=\"elementor-tab-content elementor-clearfix\" data-tab=\"3\" role=\"region\" aria-labelledby=\"elementor-tab-title-1993\"><p>Los ponis son una raza peque\u00f1a de caballos y se caracterizan por su tama\u00f1o compacto y su temperamento suave. Aunque son peque\u00f1os, los ponis son fuertes y pueden ser muy r\u00e1pidos.<\/p>\n<p>Adem\u00e1s de su tama\u00f1o, los ponis tienen distintos colores y patrones en su pelaje. Podemos encontrar ponis de colores como blanco, negro, marr\u00f3n y gris, as\u00ed como combinaciones de estos colores. Algunos ponis tienen manchas o rayas en su pelaje, lo que les hace a\u00fan m\u00e1s especiales.<\/p>\n<p>Los ponis son animales muy inteligentes y amigables. Les encanta interactuar con los humanos y pueden ser entrenados para realizar diferentes actividades, como saltar obst\u00e1culos, pasear y participar en competencias. Tambi\u00e9n son muy buenos animales de compa\u00f1\u00eda y pueden ser excelentes mascotas.<\/p>\n<\/div>\n\t\t\t\t<\/div>\n\t\t\t\t\t\t\t\t<\/div>\n\t\t\t\t\t\t<\/div>\n\t\t\t\t<\/div>\n\t\t\t\t\t<\/div>\n\t\t\t\t<\/div>\n\t\t\t\t<\/div>\n\t\t","protected":false},"excerpt":{"rendered":"<p>Tu primera clase Aproximadamente 1 h de actividad Para ni\u00f1os y ni\u00f1as entre 3 y 7 a\u00f1os Una buena manera de descubrir si le gusta la equitaci\u00f3n. Actividad reducida de m\u00e1ximo 5 ni\u00f1os\/as Se aprender\u00e1 las normas de seguridad, preparaci\u00f3n y cuidado del pony antes y despu\u00e9s de la monta, montar y avanzar al paso, [&hellip;]<\/p>\n","protected":false},"author":1,"featured_media":4533,"parent":4644,"menu_order":0,"comment_status":"closed","ping_status":"closed","template":"","meta":{"_acf_changed":false,"footnotes":""},"class_list":["post-4633","page","type-page","status-publish","has-post-thumbnail","hentry"],"acf":[],"_links":{"self":[{"href":"https:\/\/poniclubcatalunya.cat\/es\/wp-json\/wp\/v2\/pages\/4633","targetHints":{"allow":["GET"]}}],"collection":[{"href":"https:\/\/poniclubcatalunya.cat\/es\/wp-json\/wp\/v2\/pages"}],"about":[{"href":"https:\/\/poniclubcatalunya.cat\/es\/wp-json\/wp\/v2\/types\/page"}],"author":[{"embeddable":true,"href":"https:\/\/poniclubcatalunya.cat\/es\/wp-json\/wp\/v2\/users\/1"}],"replies":[{"embeddable":true,"href":"https:\/\/poniclubcatalunya.cat\/es\/wp-json\/wp\/v2\/comments?post=4633"}],"version-history":[{"count":5,"href":"https:\/\/poniclubcatalunya.cat\/es\/wp-json\/wp\/v2\/pages\/4633\/revisions"}],"predecessor-version":[{"id":5468,"href":"https:\/\/poniclubcatalunya.cat\/es\/wp-json\/wp\/v2\/pages\/4633\/revisions\/5468"}],"up":[{"embeddable":true,"href":"https:\/\/poniclubcatalunya.cat\/es\/wp-json\/wp\/v2\/pages\/4644"}],"wp:featuredmedia":[{"embeddable":true,"href":"https:\/\/poniclubcatalunya.cat\/es\/wp-json\/wp\/v2\/media\/4533"}],"wp:attachment":[{"href":"https:\/\/poniclubcatalunya.cat\/es\/wp-json\/wp\/v2\/media?parent=4633"}],"curies":[{"name":"wp","href":"https:\/\/api.w.org\/{rel}","templated":true}]}}