{"id":4637,"date":"2023-11-19T09:44:39","date_gmt":"2023-11-19T09:44:39","guid":{"rendered":"https:\/\/lacuinade.timit2003.com\/poniclub\/visitas-de-escuelas\/"},"modified":"2024-01-14T10:09:54","modified_gmt":"2024-01-14T10:09:54","slug":"visitas-de-escuelas","status":"publish","type":"page","link":"https:\/\/poniclubcatalunya.cat\/es\/actividades\/visitas-de-escuelas\/","title":{"rendered":"Visitas de escuelas"},"content":{"rendered":"\t\t<div data-elementor-type=\"wp-page\" data-elementor-id=\"4637\" class=\"elementor elementor-4637 elementor-2675\" data-elementor-post-type=\"page\">\n\t\t\t\t<div class=\"elementor-element elementor-element-14d6e665 e-flex e-con-boxed e-con e-parent\" data-id=\"14d6e665\" data-element_type=\"container\" data-e-type=\"container\">\n\t\t\t\t\t<div class=\"e-con-inner\">\n\t\t<div class=\"elementor-element elementor-element-3ca38826 e-con-full e-flex e-con e-child\" data-id=\"3ca38826\" data-element_type=\"container\" data-e-type=\"container\">\n\t\t\t\t<div class=\"elementor-element elementor-element-e080767 elementor-widget elementor-widget-text-editor\" data-id=\"e080767\" data-element_type=\"widget\" data-e-type=\"widget\" data-widget_type=\"text-editor.default\">\n\t\t\t\t<div class=\"elementor-widget-container\">\n\t\t\t\t\t\t\t\t\t<div class=\"wp-block-column is-layout-flow wp-block-column-is-layout-flow\">\n<h5 class=\"act_title\"><strong>De martes a viernes de 10.00 ha 13.00 h, dirigido a grupos escolares de P3 hasta 4\u00ba de ESO<\/strong><\/h5>\n<p>Visitas escolares de una ma\u00f1ana o con opci\u00f3n de quedarse a comer, (traed picnic) disponemos de mesas y sillas para que pod\u00e1is estar tranquilos a esta hora.<\/p>\n<p>Os proponemos pasar una jornada diferente con la escuela, venir a aprender a montar a pony, cuidarlo y descubrir las caracter\u00edsticas de su entorno.<\/p>\n<h4>Incluye<\/h4>\n<p>Material de trabajo para el docente adaptado a la edad del alumno\/a: Una presentaci\u00f3n para proyectar en clase antes de venir a realizar la actividad.<br \/>Un dossier de trabajo para despu\u00e9s de venir a la h\u00edpica.<br \/>Diferentes actividades con los ponis y monitores\/as.<br \/>2 horas de uso de las instalaciones (una vez finalizada la actividad) para el picnic (picnic no incluido).<\/p>\n<h4>El Horario<\/h4>\n<p>10:00 Llegada al Club y desayuno<br \/>10:30 Presentaci\u00f3n<br \/>10:45 Inicio de la actividad<br \/>13:00 Picnic<\/p>\n<p>Contamos con un amplio abanico de opciones seg\u00fan edades y n\u00famero de alumnos.<\/p>\n<\/div>\n\t\t\t\t\t\t\t\t<\/div>\n\t\t\t\t<\/div>\n\t\t\t\t<div class=\"elementor-element elementor-element-7e68534d elementor-widget elementor-widget-button\" data-id=\"7e68534d\" data-element_type=\"widget\" data-e-type=\"widget\" data-widget_type=\"button.default\">\n\t\t\t\t<div class=\"elementor-widget-container\">\n\t\t\t\t\t\t\t\t\t<div class=\"elementor-button-wrapper\">\n\t\t\t\t\t<a class=\"elementor-button elementor-button-link elementor-size-sm\" href=\"https:\/\/poniclubcatalunya.cat\/es\/contacto\/\">\n\t\t\t\t\t\t<span class=\"elementor-button-content-wrapper\">\n\t\t\t\t\t\t<span class=\"elementor-button-icon\">\n\t\t\t\t<i aria-hidden=\"true\" class=\"fas fa-plus-square\"><\/i>\t\t\t<\/span>\n\t\t\t\t\t\t\t\t\t<span class=\"elementor-button-text\">Contacta con nosotros<\/span>\n\t\t\t\t\t<\/span>\n\t\t\t\t\t<\/a>\n\t\t\t\t<\/div>\n\t\t\t\t\t\t\t\t<\/div>\n\t\t\t\t<\/div>\n\t\t\t\t<\/div>\n\t\t<div class=\"elementor-element elementor-element-50c02884 e-con-full e-flex e-con e-child\" data-id=\"50c02884\" data-element_type=\"container\" data-e-type=\"container\">\n\t\t\t\t<div class=\"elementor-element elementor-element-7dcf3806 elementor-widget elementor-widget-image\" data-id=\"7dcf3806\" data-element_type=\"widget\" data-e-type=\"widget\" data-widget_type=\"image.default\">\n\t\t\t\t<div class=\"elementor-widget-container\">\n\t\t\t\t\t\t\t\t\t\t\t\t\t\t\t<img fetchpriority=\"high\" decoding=\"async\" width=\"800\" height=\"562\" src=\"https:\/\/poniclubcatalunya.cat\/wp-content\/uploads\/2023\/12\/previ_activitat.png\" class=\"attachment-large size-large wp-image-3230\" alt=\"\" srcset=\"https:\/\/poniclubcatalunya.cat\/wp-content\/uploads\/2023\/12\/previ_activitat.png 1000w, https:\/\/poniclubcatalunya.cat\/wp-content\/uploads\/2023\/12\/previ_activitat-300x211.png 300w, https:\/\/poniclubcatalunya.cat\/wp-content\/uploads\/2023\/12\/previ_activitat-768x540.png 768w\" sizes=\"(max-width: 800px) 100vw, 800px\" \/>\t\t\t\t\t\t\t\t\t\t\t\t\t\t\t<\/div>\n\t\t\t\t<\/div>\n\t\t\t\t<\/div>\n\t\t\t\t\t<\/div>\n\t\t\t\t<\/div>\n\t\t<div class=\"elementor-element elementor-element-452cc76d e-flex e-con-boxed e-con e-parent\" data-id=\"452cc76d\" data-element_type=\"container\" data-e-type=\"container\" data-settings=\"{&quot;background_background&quot;:&quot;classic&quot;}\">\n\t\t\t\t\t<div class=\"e-con-inner\">\n\t\t<div class=\"elementor-element elementor-element-123b4cbd e-con-full e-flex e-con e-child\" data-id=\"123b4cbd\" data-element_type=\"container\" data-e-type=\"container\">\n\t\t\t\t<div class=\"elementor-element elementor-element-2003887a elementor-widget elementor-widget-heading\" data-id=\"2003887a\" data-element_type=\"widget\" data-e-type=\"widget\" data-widget_type=\"heading.default\">\n\t\t\t\t<div class=\"elementor-widget-container\">\n\t\t\t\t\t<h2 class=\"elementor-heading-title elementor-size-default\">Reserva tu primera clase.<\/h2>\t\t\t\t<\/div>\n\t\t\t\t<\/div>\n\t\t\t\t<\/div>\n\t\t<div class=\"elementor-element elementor-element-6e791009 e-con-full e-flex e-con e-child\" data-id=\"6e791009\" data-element_type=\"container\" data-e-type=\"container\">\n\t\t\t\t<div class=\"elementor-element elementor-element-6ca568f1 elementor-align-center elementor-widget elementor-widget-button\" data-id=\"6ca568f1\" data-element_type=\"widget\" data-e-type=\"widget\" data-widget_type=\"button.default\">\n\t\t\t\t<div class=\"elementor-widget-container\">\n\t\t\t\t\t\t\t\t\t<div class=\"elementor-button-wrapper\">\n\t\t\t\t\t<a class=\"elementor-button elementor-button-link elementor-size-md\" href=\"https:\/\/poniclubcatalunya.cat\/es\/contacto\/\">\n\t\t\t\t\t\t<span class=\"elementor-button-content-wrapper\">\n\t\t\t\t\t\t<span class=\"elementor-button-icon\">\n\t\t\t\t<i aria-hidden=\"true\" class=\"fas fa-plus-square\"><\/i>\t\t\t<\/span>\n\t\t\t\t\t\t\t\t\t<span class=\"elementor-button-text\">RESERVAR<\/span>\n\t\t\t\t\t<\/span>\n\t\t\t\t\t<\/a>\n\t\t\t\t<\/div>\n\t\t\t\t\t\t\t\t<\/div>\n\t\t\t\t<\/div>\n\t\t\t\t<\/div>\n\t\t\t\t\t<\/div>\n\t\t\t\t<\/div>\n\t\t<div class=\"elementor-element elementor-element-4f55672f e-flex e-con-boxed e-con e-parent\" data-id=\"4f55672f\" data-element_type=\"container\" data-e-type=\"container\">\n\t\t\t\t\t<div class=\"e-con-inner\">\n\t\t\t\t<div class=\"elementor-element elementor-element-6af3172 elementor-widget elementor-widget-text-editor\" data-id=\"6af3172\" data-element_type=\"widget\" data-e-type=\"widget\" data-widget_type=\"text-editor.default\">\n\t\t\t\t<div class=\"elementor-widget-container\">\n\t\t\t\t\t\t\t\t\t<div class=\"wp-block-column is-layout-flow wp-block-column-is-layout-flow\">\n<h3 class=\"act_title\"><span style=\"color: var( --e-global-color-text ); font-family: var( --e-global-typography-text-font-family ), Sans-serif; text-align: var(--text-align);\"><b>FAQs<br \/><\/b><\/span><\/h3>\n<p>Preguntas frecuentes sobre la visita de escuelas.<b><\/b><\/p>\n<div><span style=\"color: var( --e-global-color-text ); font-family: var( --e-global-typography-text-font-family ), Sans-serif; text-align: var(--text-align);\"><b> <\/b><\/span><\/div>\n<\/div>\n\t\t\t\t\t\t\t\t<\/div>\n\t\t\t\t<\/div>\n\t\t\t\t<div class=\"elementor-element elementor-element-5178d17b elementor-widget elementor-widget-toggle\" data-id=\"5178d17b\" data-element_type=\"widget\" data-e-type=\"widget\" data-widget_type=\"toggle.default\">\n\t\t\t\t<div class=\"elementor-widget-container\">\n\t\t\t\t\t\t\t<div class=\"elementor-toggle\">\n\t\t\t\t\t\t\t<div class=\"elementor-toggle-item\">\n\t\t\t\t\t<div id=\"elementor-tab-title-1361\" class=\"elementor-tab-title\" data-tab=\"1\" role=\"button\" aria-controls=\"elementor-tab-content-1361\" aria-expanded=\"false\">\n\t\t\t\t\t\t\t\t\t\t\t\t<span class=\"elementor-toggle-icon elementor-toggle-icon-left\" aria-hidden=\"true\">\n\t\t\t\t\t\t\t\t\t\t\t\t\t\t\t<span class=\"elementor-toggle-icon-closed\"><i class=\"fas fa-caret-right\"><\/i><\/span>\n\t\t\t\t\t\t\t\t<span class=\"elementor-toggle-icon-opened\"><i class=\"elementor-toggle-icon-opened fas fa-caret-up\"><\/i><\/span>\n\t\t\t\t\t\t\t\t\t\t\t\t\t<\/span>\n\t\t\t\t\t\t\t\t\t\t\t\t<a class=\"elementor-toggle-title\" tabindex=\"0\">\u00bfC\u00f3mo reservar?<\/a>\n\t\t\t\t\t<\/div>\n\n\t\t\t\t\t<div id=\"elementor-tab-content-1361\" class=\"elementor-tab-content elementor-clearfix\" data-tab=\"1\" role=\"region\" aria-labelledby=\"elementor-tab-title-1361\"><p><strong>Enviando<\/strong> un correo electr\u00f3nico a <a href=\"mailto:info@poniclubcatalunya.com\">info@poniclubcatalunya.com<\/a> o llamando al 933716364 preguntado por la disponibilidad de la fecha deseada.<\/p>\n<\/div>\n\t\t\t\t<\/div>\n\t\t\t\t\t\t\t<div class=\"elementor-toggle-item\">\n\t\t\t\t\t<div id=\"elementor-tab-title-1362\" class=\"elementor-tab-title\" data-tab=\"2\" role=\"button\" aria-controls=\"elementor-tab-content-1362\" aria-expanded=\"false\">\n\t\t\t\t\t\t\t\t\t\t\t\t<span class=\"elementor-toggle-icon elementor-toggle-icon-left\" aria-hidden=\"true\">\n\t\t\t\t\t\t\t\t\t\t\t\t\t\t\t<span class=\"elementor-toggle-icon-closed\"><i class=\"fas fa-caret-right\"><\/i><\/span>\n\t\t\t\t\t\t\t\t<span class=\"elementor-toggle-icon-opened\"><i class=\"elementor-toggle-icon-opened fas fa-caret-up\"><\/i><\/span>\n\t\t\t\t\t\t\t\t\t\t\t\t\t<\/span>\n\t\t\t\t\t\t\t\t\t\t\t\t<a class=\"elementor-toggle-title\" tabindex=\"0\">\u00bfY si llueve?<\/a>\n\t\t\t\t\t<\/div>\n\n\t\t\t\t\t<div id=\"elementor-tab-content-1362\" class=\"elementor-tab-content elementor-clearfix\" data-tab=\"2\" role=\"region\" aria-labelledby=\"elementor-tab-title-1362\"><p>En caso de que haga mal tiempo (lluvia), la actividad se aplazar\u00e1 a la siguiente fecha disponible.<\/p>\n<\/div>\n\t\t\t\t<\/div>\n\t\t\t\t\t\t\t<div class=\"elementor-toggle-item\">\n\t\t\t\t\t<div id=\"elementor-tab-title-1363\" class=\"elementor-tab-title\" data-tab=\"3\" role=\"button\" aria-controls=\"elementor-tab-content-1363\" aria-expanded=\"false\">\n\t\t\t\t\t\t\t\t\t\t\t\t<span class=\"elementor-toggle-icon elementor-toggle-icon-left\" aria-hidden=\"true\">\n\t\t\t\t\t\t\t\t\t\t\t\t\t\t\t<span class=\"elementor-toggle-icon-closed\"><i class=\"fas fa-caret-right\"><\/i><\/span>\n\t\t\t\t\t\t\t\t<span class=\"elementor-toggle-icon-opened\"><i class=\"elementor-toggle-icon-opened fas fa-caret-up\"><\/i><\/span>\n\t\t\t\t\t\t\t\t\t\t\t\t\t<\/span>\n\t\t\t\t\t\t\t\t\t\t\t\t<a class=\"elementor-toggle-title\" tabindex=\"0\">\u00bfC\u00f3mo realizar el pago?<\/a>\n\t\t\t\t\t<\/div>\n\n\t\t\t\t\t<div id=\"elementor-tab-content-1363\" class=\"elementor-tab-content elementor-clearfix\" data-tab=\"3\" role=\"region\" aria-labelledby=\"elementor-tab-title-1363\"><p>El pago se realizar\u00e1 posteriormente al d\u00eda de la actividad mediante transferencia bancaria (de esta forma ahorramos a los profesores la responsabilidad de llevar el dinero en efectivo y se cobrar\u00e1 el n\u00famero de ni\u00f1os participantes reales), o al finalizar la actividad en efectivo o con tarjeta directamente en la oficina del Club.<\/p>\n<\/div>\n\t\t\t\t<\/div>\n\t\t\t\t\t\t\t<div class=\"elementor-toggle-item\">\n\t\t\t\t\t<div id=\"elementor-tab-title-1364\" class=\"elementor-tab-title\" data-tab=\"4\" role=\"button\" aria-controls=\"elementor-tab-content-1364\" aria-expanded=\"false\">\n\t\t\t\t\t\t\t\t\t\t\t\t<span class=\"elementor-toggle-icon elementor-toggle-icon-left\" aria-hidden=\"true\">\n\t\t\t\t\t\t\t\t\t\t\t\t\t\t\t<span class=\"elementor-toggle-icon-closed\"><i class=\"fas fa-caret-right\"><\/i><\/span>\n\t\t\t\t\t\t\t\t<span class=\"elementor-toggle-icon-opened\"><i class=\"elementor-toggle-icon-opened fas fa-caret-up\"><\/i><\/span>\n\t\t\t\t\t\t\t\t\t\t\t\t\t<\/span>\n\t\t\t\t\t\t\t\t\t\t\t\t<a class=\"elementor-toggle-title\" tabindex=\"0\">Previo a la actividad<\/a>\n\t\t\t\t\t<\/div>\n\n\t\t\t\t\t<div id=\"elementor-tab-content-1364\" class=\"elementor-tab-content elementor-clearfix\" data-tab=\"4\" role=\"region\" aria-labelledby=\"elementor-tab-title-1364\"><div class=\"page\" title=\"Page 2\">\n<div class=\"section\">\n<div class=\"layoutArea\">\n<div class=\"column\">\n<p>Es muy importante que sepamos la edad y el n\u00famero de ni\u00f1os que participar\u00e1n en la actividad para adecuar tanto la din\u00e1mica, el tipo de ponis y el n\u00famero de monitores.<\/p>\n<p>Por este motivo, una semana antes le solicitaremos la informaci\u00f3n correspondiente.<\/p>\n<p>Contemplando la posibilidad de cambios de \u00faltima hora, nos pondremos en contacto durante los 2 d\u00edas previos a la fecha pactada a efectos de confirmar y\/o modificar la informaci\u00f3n y los detalles al respecto.<\/p>\n<p>En caso de <strong>variaci\u00f3n del n\u00famero de participantes<\/strong> , especialmente de su aumento, ser\u00e1 necesaria su <strong>comunicaci\u00f3n 2 h antes del inicio de la actividad<\/strong> a efectos de la mejor previsi\u00f3n y organizaci\u00f3n.<\/p>\n<p><strong>* En ning\u00fan caso se podr\u00e1 tratar de un aumento de m\u00e1s de 4 ni\u00f1os.<\/strong><\/p>\n<\/div>\n<\/div>\n<\/div>\n<\/div>\n<\/div>\n\t\t\t\t<\/div>\n\t\t\t\t\t\t\t<div class=\"elementor-toggle-item\">\n\t\t\t\t\t<div id=\"elementor-tab-title-1365\" class=\"elementor-tab-title\" data-tab=\"5\" role=\"button\" aria-controls=\"elementor-tab-content-1365\" aria-expanded=\"false\">\n\t\t\t\t\t\t\t\t\t\t\t\t<span class=\"elementor-toggle-icon elementor-toggle-icon-left\" aria-hidden=\"true\">\n\t\t\t\t\t\t\t\t\t\t\t\t\t\t\t<span class=\"elementor-toggle-icon-closed\"><i class=\"fas fa-caret-right\"><\/i><\/span>\n\t\t\t\t\t\t\t\t<span class=\"elementor-toggle-icon-opened\"><i class=\"elementor-toggle-icon-opened fas fa-caret-up\"><\/i><\/span>\n\t\t\t\t\t\t\t\t\t\t\t\t\t<\/span>\n\t\t\t\t\t\t\t\t\t\t\t\t<a class=\"elementor-toggle-title\" tabindex=\"0\">Descripci\u00f3n de la actividad<\/a>\n\t\t\t\t\t<\/div>\n\n\t\t\t\t\t<div id=\"elementor-tab-content-1365\" class=\"elementor-tab-content elementor-clearfix\" data-tab=\"5\" role=\"region\" aria-labelledby=\"elementor-tab-title-1365\"><p>La actividad se desarrollar\u00e1 de diferentes formas seg\u00fan el n\u00famero de ni\u00f1os que participen en ella. Pero todas comparten unas actividades b\u00e1sicas, \u00e9stas son:<\/p>\n<p>\u2022 Breve presentaci\u00f3n en el grupo y explicaci\u00f3n de normas y desarrollo de la actividad.<br \/>\u2022 Visita de los distintos espacios de la h\u00edpica con su explicaci\u00f3n correspondiente.<br \/>\u2022 Acariciar y cepillar el pony.<br \/>\u2022 Montar en pista haciendo una serie de ejercicios b\u00e1sicos de equilibrio y habilidad.<\/p>\n<p><strong>* Seg\u00fan la edad de los ni\u00f1os variar\u00e1 la dificultad y contenido de las diferentes actividades.  <\/strong><\/p>\n<p><strong>* Todas las actividades se realizan bajo las indicaciones y supervisi\u00f3n de profesores titulados.<\/strong><\/p>\n<\/div>\n\t\t\t\t<\/div>\n\t\t\t\t\t\t\t<div class=\"elementor-toggle-item\">\n\t\t\t\t\t<div id=\"elementor-tab-title-1366\" class=\"elementor-tab-title\" data-tab=\"6\" role=\"button\" aria-controls=\"elementor-tab-content-1366\" aria-expanded=\"false\">\n\t\t\t\t\t\t\t\t\t\t\t\t<span class=\"elementor-toggle-icon elementor-toggle-icon-left\" aria-hidden=\"true\">\n\t\t\t\t\t\t\t\t\t\t\t\t\t\t\t<span class=\"elementor-toggle-icon-closed\"><i class=\"fas fa-caret-right\"><\/i><\/span>\n\t\t\t\t\t\t\t\t<span class=\"elementor-toggle-icon-opened\"><i class=\"elementor-toggle-icon-opened fas fa-caret-up\"><\/i><\/span>\n\t\t\t\t\t\t\t\t\t\t\t\t\t<\/span>\n\t\t\t\t\t\t\t\t\t\t\t\t<a class=\"elementor-toggle-title\" tabindex=\"0\">Recomendaciones<\/a>\n\t\t\t\t\t<\/div>\n\n\t\t\t\t\t<div id=\"elementor-tab-content-1366\" class=\"elementor-tab-content elementor-clearfix\" data-tab=\"6\" role=\"region\" aria-labelledby=\"elementor-tab-title-1366\"><div class=\"page\" title=\"Page 2\">\n<div class=\"section\">\n<div class=\"layoutArea\">\n<div class=\"column\">\n<p><strong>VESTIMENTA<\/strong><\/p>\n<p>Para una mayor seguridad, los participantes deben ir con zapatos cerrados ya ser posible de tejido duro (nunca sandalias, chancletas o bailarinas). Para ir m\u00e1s c\u00f3modo, se recomienda ir con ropa deportiva o mallas.<\/p>\n<p><strong>DECORACI\u00d3N ESPACIO<\/strong><\/p>\n<p>Puede decorar el espacio a su gusto siempre que despu\u00e9s lo deje tal y como lo ha encontrado.<\/p>\n<p><strong>PIC-NIC \/ MERIENDA<\/strong><\/p>\n<p>Disponemos de unas mesas y bancos debajo de una carpa larga donde podr\u00e1 acomodarse. Al lado de este espacio tenemos una casita con una nevera porque puede llevar bebidas y ponerlas antes de la actividad. Tambi\u00e9n disponemos de m\u00e1quinas de vending de caf\u00e9, snaks y bebidas.  <strong>No nos encargamos de comer, pastel y bebidas.<\/strong><\/p>\n<\/div>\n<\/div>\n<\/div>\n<\/div>\n<\/div>\n\t\t\t\t<\/div>\n\t\t\t\t\t\t\t<div class=\"elementor-toggle-item\">\n\t\t\t\t\t<div id=\"elementor-tab-title-1367\" class=\"elementor-tab-title\" data-tab=\"7\" role=\"button\" aria-controls=\"elementor-tab-content-1367\" aria-expanded=\"false\">\n\t\t\t\t\t\t\t\t\t\t\t\t<span class=\"elementor-toggle-icon elementor-toggle-icon-left\" aria-hidden=\"true\">\n\t\t\t\t\t\t\t\t\t\t\t\t\t\t\t<span class=\"elementor-toggle-icon-closed\"><i class=\"fas fa-caret-right\"><\/i><\/span>\n\t\t\t\t\t\t\t\t<span class=\"elementor-toggle-icon-opened\"><i class=\"elementor-toggle-icon-opened fas fa-caret-up\"><\/i><\/span>\n\t\t\t\t\t\t\t\t\t\t\t\t\t<\/span>\n\t\t\t\t\t\t\t\t\t\t\t\t<a class=\"elementor-toggle-title\" tabindex=\"0\">Normas<\/a>\n\t\t\t\t\t<\/div>\n\n\t\t\t\t\t<div id=\"elementor-tab-content-1367\" class=\"elementor-tab-content elementor-clearfix\" data-tab=\"7\" role=\"region\" aria-labelledby=\"elementor-tab-title-1367\"><div class=\"page\" title=\"Page 2\">\n<div class=\"section\">\n<div class=\"layoutArea\">\n<div class=\"column\">\n<p>Debido al emplazamiento en el que se celebra el evento debemos delimitar una serie de normas que aseguren el buen funcionamiento de la actividad y el respeto a los animales con los que trataremos as\u00ed como su entorno.<\/p>\n<ol class=\"numered_list\">\n<li><strong>NO<\/strong> debemos <strong>gritar<\/strong> Los ponis se pueden asustar.<\/li>\n<li><strong>NO<\/strong> debemos <strong>correr<\/strong> estando cerca de usted \u2013&gt; Los ponis se pueden asustar.<\/li>\n<li><strong>NO<\/strong> debemos situarnos nunca <strong>detr\u00e1s del pony<\/strong> \u2013&gt; puede no vernos y darnos una vez o pisarnos.<\/li>\n<li><strong>NO<\/strong> debemos <strong>tirar<\/strong> piedras, palos u otros objetos que puedan da\u00f1ar o asustar a los ponis oa otros ni\u00f1os.<\/li>\n<li>Est\u00e1 <strong>PROHIBIDO<\/strong> jugar a <strong>pelota<\/strong> en TODA la h\u00edpica.<\/li>\n<li><strong>NO<\/strong> debemos <strong>entrar en las pistas<\/strong> ni jugar con el material que hay dentro, ya que son zonas de trabajo de los alumnos que dan clase.<\/li>\n<li><strong>NO<\/strong> debemos <strong>subir<\/strong> a puertas ni vallas, ya que \u00e9sta no es su finalidad y se pueden romper.<\/li>\n<li>Una vez finalizada la fiesta procuraremos dejar el espacio tal y como lo hemos encontrado.<\/li>\n<\/ol>\n<\/div>\n<\/div>\n<\/div>\n<\/div>\n<\/div>\n\t\t\t\t<\/div>\n\t\t\t\t\t\t\t\t<\/div>\n\t\t\t\t\t\t<\/div>\n\t\t\t\t<\/div>\n\t\t\t\t\t<\/div>\n\t\t\t\t<\/div>\n\t\t\t\t<\/div>\n\t\t","protected":false},"excerpt":{"rendered":"<p>De martes a viernes de 10.00 ha 13.00 h, dirigido a grupos escolares de P3 hasta 4\u00ba de ESO Visitas escolares de una ma\u00f1ana o con opci\u00f3n de quedarse a comer, (traed picnic) disponemos de mesas y sillas para que pod\u00e1is estar tranquilos a esta hora. Os proponemos pasar una jornada diferente con la escuela, [&hellip;]<\/p>\n","protected":false},"author":1,"featured_media":4598,"parent":4781,"menu_order":0,"comment_status":"closed","ping_status":"closed","template":"","meta":{"_acf_changed":false,"footnotes":""},"class_list":["post-4637","page","type-page","status-publish","has-post-thumbnail","hentry"],"acf":[],"_links":{"self":[{"href":"https:\/\/poniclubcatalunya.cat\/es\/wp-json\/wp\/v2\/pages\/4637","targetHints":{"allow":["GET"]}}],"collection":[{"href":"https:\/\/poniclubcatalunya.cat\/es\/wp-json\/wp\/v2\/pages"}],"about":[{"href":"https:\/\/poniclubcatalunya.cat\/es\/wp-json\/wp\/v2\/types\/page"}],"author":[{"embeddable":true,"href":"https:\/\/poniclubcatalunya.cat\/es\/wp-json\/wp\/v2\/users\/1"}],"replies":[{"embeddable":true,"href":"https:\/\/poniclubcatalunya.cat\/es\/wp-json\/wp\/v2\/comments?post=4637"}],"version-history":[{"count":3,"href":"https:\/\/poniclubcatalunya.cat\/es\/wp-json\/wp\/v2\/pages\/4637\/revisions"}],"predecessor-version":[{"id":5022,"href":"https:\/\/poniclubcatalunya.cat\/es\/wp-json\/wp\/v2\/pages\/4637\/revisions\/5022"}],"up":[{"embeddable":true,"href":"https:\/\/poniclubcatalunya.cat\/es\/wp-json\/wp\/v2\/pages\/4781"}],"wp:featuredmedia":[{"embeddable":true,"href":"https:\/\/poniclubcatalunya.cat\/es\/wp-json\/wp\/v2\/media\/4598"}],"wp:attachment":[{"href":"https:\/\/poniclubcatalunya.cat\/es\/wp-json\/wp\/v2\/media?parent=4637"}],"curies":[{"name":"wp","href":"https:\/\/api.w.org\/{rel}","templated":true}]}}