{"id":4646,"date":"2023-11-19T09:44:22","date_gmt":"2023-11-19T09:44:22","guid":{"rendered":"https:\/\/lacuinade.timit2003.com\/poniclub\/fiestas-de-cumpleanos\/"},"modified":"2024-04-11T11:03:48","modified_gmt":"2024-04-11T11:03:48","slug":"fiestas-de-cumpleanos","status":"publish","type":"page","link":"https:\/\/poniclubcatalunya.cat\/es\/actividades\/fiestas-de-cumpleanos\/","title":{"rendered":"Fiestas de cumplea\u00f1os"},"content":{"rendered":"\t\t<div data-elementor-type=\"wp-page\" data-elementor-id=\"4646\" class=\"elementor elementor-4646 elementor-2674\" data-elementor-post-type=\"page\">\n\t\t\t\t<div class=\"elementor-element elementor-element-584472a2 e-flex e-con-boxed e-con e-parent\" data-id=\"584472a2\" data-element_type=\"container\" data-e-type=\"container\">\n\t\t\t\t\t<div class=\"e-con-inner\">\n\t\t<div class=\"elementor-element elementor-element-75fea0b1 e-con-full e-flex e-con e-child\" data-id=\"75fea0b1\" data-element_type=\"container\" data-e-type=\"container\">\n\t\t\t\t<div class=\"elementor-element elementor-element-28bc615f elementor-widget elementor-widget-text-editor\" data-id=\"28bc615f\" data-element_type=\"widget\" data-e-type=\"widget\" data-widget_type=\"text-editor.default\">\n\t\t\t\t<div class=\"elementor-widget-container\">\n\t\t\t\t\t\t\t\t\t<div class=\"wp-block-column is-layout-flow wp-block-column-is-layout-flow\"><p><strong>CUANDO<\/strong><br \/><span class=\"hiddenGrammarError\">S\u00e1bados<\/span> y domingos por la tarde para ni\u00f1os y ni\u00f1as a partir de <span class=\"hiddenGreenError\">3<\/span> a\u00f1os.<\/p><p><strong>PRECIO<\/strong><br \/>El precio es de 27 \u20ac por ni\u00f1o\/a, m\u00ednimo 5 ni\u00f1os\/as y m\u00e1ximo 16 ni\u00f1os\/as. En caso de querer hacer una reserva para m\u00e1s ni\u00f1os\/as debe enviar un email a <a href=\"mailto:info@poniclubcatalunya.com\">info@poniclubcatalunya.com<\/a> .<\/p><p><strong>Incluye<\/strong><br \/>Una hora de actividad l\u00fadica con los ponis el monitor o monitora.<br \/>Una hora de uso de las instalaciones (una vez finalizada la actividad) para la merienda (merienda no incluida).<\/p><p><strong>ORGANIZACI\u00d3N<\/strong><\/p><ul><li>16:00 h Llegada al Club<\/li><li>16:30 h Inicio de la actividad l\u00fadica<\/li><li>17:30 h Merienda<\/li><li>18:30 h Clausura<\/li><\/ul><p>Durante el invierno se adelantar\u00e1n los horarios entre media hora y una hora para que no oscurezca, y durante los meses de m\u00e1s calor se podr\u00e1n retrasar media hora por el calor.<br \/>Para reservar la fecha, ser\u00e1 necesario el abono de la totalidad de ni\u00f1os\/as: <a href=\"https:\/\/gesthipapp.com\/bookCalendarGesthipObert?equestrian_center_id=294&amp;type=aniversari&amp;key=ed464994196f5b620ada57f731f0700ee17910e3_3a085d1bc5fa41313c4e0910e7341af761b0f7db\" target=\"_blank\" rel=\"noopener\"><strong>RESERVA AQU\u00cd<\/strong><\/a> .<br \/>En caso de que llueva, la actividad se aplazar\u00e1 a la siguiente fecha disponible. En caso de anulaci\u00f3n de la reserva (Avisando con un m\u00ednimo de 48 h de antelaci\u00f3n) se devolver\u00e1 la totalidad del importe.<br \/>Las instalaciones se abandonar\u00e1n a la hora estipulada (una hora despu\u00e9s del fin de la actividad l\u00fadica).<\/p><p><strong>PREVIO A LA ACTIVIDAD<\/strong><br \/>Es importante que sepamos la edad y el n\u00famero de ni\u00f1os\/as que participar\u00e1n en la actividad para poder adecuar mejor la din\u00e1mica. Por este motivo, una semana antes le solicitaremos la informaci\u00f3n correspondiente. Contemplando la posibilidad de cambios de \u00faltima hora <span class=\"hiddenGrammarError\">m\u00e1ximo<\/span> dos d\u00edas antes de la fecha pactada.<\/p><p><strong>DESCRIPCI\u00d3N DE LA ACTIVIDAD<\/strong><br \/>Entre 5 y 8 ni\u00f1os\/ <span class=\"hiddenGrammarError\">as<\/span><br \/><span class=\"hiddenGrammarError\">Se<\/span> har\u00e1 un solo grupo y cada ni\u00f1o\/a tendr\u00e1 un pony.<br \/>Primero, haremos una breve presentaci\u00f3n al grupo y explicaci\u00f3n de normas y desarrollo de la actividad, seguidamente, se cepilla en el pony, y se monta en la pista haciendo una serie de ejercicios b\u00e1sicos de equilibrio y habilidad. Todas las actividades se realizan bajo las indicaciones y supervisi\u00f3n de profesores.<br \/>Entre 9 y 16 ni\u00f1os\/ <span class=\"hiddenGrammarError\">as<\/span><br \/><span class=\"hiddenGrammarError\">Se<\/span> har\u00e1n dos grupos y la actividad tendr\u00e1 una duraci\u00f3n de una hora y media:<\/p><ul><li>Grupo 1; Primero cepilla y realiza unos ejercicios din\u00e1micos con el pony de la mano en parejas y seguidamente monta en pony.<\/li><li>Grupo 2; Primero monta en la pista como una clase de iniciaci\u00f3n y despu\u00e9s cepilla el pony y hace un ejercicio con el pony de la mano por parejas.<\/li><\/ul><p>Para grupos mayores la organizaci\u00f3n se realizar\u00e1 seg\u00fan n\u00famero y edad de los ni\u00f1os.<\/p><p><strong>VESTIMENTA<\/strong><br \/>Para una mayor seguridad, los participantes deben ir con zapatos cerrados ya ser posible de tejido duro (nunca sandalias, chancletas o bailarinas).<br \/>Para ir m\u00e1s c\u00f3modo, se recomienda ir con ropa deportiva o mallas largas.<br \/>El casco lo dar\u00e1n los monitores y monitoras.<\/p><\/div>\t\t\t\t\t\t\t\t<\/div>\n\t\t\t\t<\/div>\n\t\t\t\t<\/div>\n\t\t<div class=\"elementor-element elementor-element-9307694 e-con-full e-flex e-con e-child\" data-id=\"9307694\" data-element_type=\"container\" data-e-type=\"container\">\n\t\t\t\t<div class=\"elementor-element elementor-element-6e39600 elementor-widget elementor-widget-image\" data-id=\"6e39600\" data-element_type=\"widget\" data-e-type=\"widget\" data-widget_type=\"image.default\">\n\t\t\t\t<div class=\"elementor-widget-container\">\n\t\t\t\t\t\t\t\t\t\t\t\t\t\t\t<img fetchpriority=\"high\" decoding=\"async\" width=\"800\" height=\"622\" src=\"https:\/\/poniclubcatalunya.cat\/wp-content\/uploads\/2019\/01\/Festa_aniversari.jpg\" class=\"attachment-large size-large wp-image-428\" alt=\"\" srcset=\"https:\/\/poniclubcatalunya.cat\/wp-content\/uploads\/2019\/01\/Festa_aniversari.jpg 838w, https:\/\/poniclubcatalunya.cat\/wp-content\/uploads\/2019\/01\/Festa_aniversari-300x233.jpg 300w, https:\/\/poniclubcatalunya.cat\/wp-content\/uploads\/2019\/01\/Festa_aniversari-768x598.jpg 768w, https:\/\/poniclubcatalunya.cat\/wp-content\/uploads\/2019\/01\/Festa_aniversari-500x389.jpg 500w\" sizes=\"(max-width: 800px) 100vw, 800px\" \/>\t\t\t\t\t\t\t\t\t\t\t\t\t\t\t<\/div>\n\t\t\t\t<\/div>\n\t\t\t\t<div class=\"elementor-element elementor-element-2bb2b2d elementor-widget elementor-widget-text-editor\" data-id=\"2bb2b2d\" data-element_type=\"widget\" data-e-type=\"widget\" data-widget_type=\"text-editor.default\">\n\t\t\t\t<div class=\"elementor-widget-container\">\n\t\t\t\t\t\t\t\t\t<div class=\"wp-block-column is-layout-flow wp-block-column-is-layout-flow\">\n<p><strong>DECORACI\u00d3N ESPACIO<\/strong><br \/>Puede decorar el espacio a su gusto siempre que despu\u00e9s lo deje tal y como lo ha encontrado.<\/p>\n<p><strong>PIC-NIC \/ MERIENDA<\/strong><br \/>Disponemos de unas mesas y bancos debajo de una carpa larga donde podr\u00e1 acomodarse. Al lado de este espacio tenemos una casita con una nevera porque puede llevar bebidas y ponerlas antes de la actividad.<br \/>No nos encargamos de comer, pastel y bebidas.<\/p>\n<p><strong>NORMAS<\/strong><br \/>Debido al emplazamiento en el que se celebra el evento debemos delimitar una serie de normas que aseguren el buen funcionamiento de la actividad y el respeto a los animales con los que trataremos as\u00ed como su entorno.<\/p>\n<ul>\n<li>1. <span class=\"hiddenGrammarError\">NO<\/span> debe Gritarse \u2013&gt; Los ponis se pueden asustar.<\/li>\n<li>2. <span class=\"hiddenGrammarError\">NO<\/span> debe correrse estando cerca de usted \u2013&gt; Los ponis se pueden asustar.<\/li>\n<li>3. <span class=\"hiddenGrammarError\">NO<\/span> debemos situarnos nunca detr\u00e1s del pony \u2013&gt; puede no vernos y darnos una vez o pisarnos.<\/li>\n<li>4. <span class=\"hiddenGrammarError\">NO<\/span> debemos tirar piedras, palos u otros objetos que puedan da\u00f1ar o asustar a los ponis oa otros ni\u00f1os.<\/li>\n<li>5. Est\u00e1 PROHIBIDO jugar a pelota en TODA la h\u00edpica.<\/li>\n<li>6. <span class=\"hiddenGrammarError\">NO<\/span> se puede entrar en las pistas ni jugar con el material que hay dentro, ya que son zonas de trabajo de los alumnos que dan clase.<\/li>\n<li>7. <span class=\"hiddenGrammarError\">NO<\/span> se puede subir a puertas ni vallas, porque \u00e9sta no es su finalidad y pueden romperse.<\/li>\n<li>8. Una vez finalizada la fiesta procuraremos dejar el espacio tal y como lo hemos encontrado.<\/li>\n<\/ul>\n<p><strong>PROTOCOLO<\/strong><br \/>\u2013 Deber\u00e1n llegar a la hora reservada e ir directamente a la Peque\u00f1a Escuela de Ponis.<\/p>\n<\/div>\n\t\t\t\t\t\t\t\t<\/div>\n\t\t\t\t<\/div>\n\t\t\t\t<\/div>\n\t\t\t\t\t<\/div>\n\t\t\t\t<\/div>\n\t\t<div class=\"elementor-element elementor-element-5c39aec6 e-flex e-con-boxed e-con e-parent\" data-id=\"5c39aec6\" data-element_type=\"container\" data-e-type=\"container\" data-settings=\"{&quot;background_background&quot;:&quot;classic&quot;}\">\n\t\t\t\t\t<div class=\"e-con-inner\">\n\t\t<div class=\"elementor-element elementor-element-1af62d6f e-con-full e-flex e-con e-child\" data-id=\"1af62d6f\" data-element_type=\"container\" data-e-type=\"container\">\n\t\t\t\t<div class=\"elementor-element elementor-element-599d2c17 elementor-widget elementor-widget-heading\" data-id=\"599d2c17\" data-element_type=\"widget\" data-e-type=\"widget\" data-widget_type=\"heading.default\">\n\t\t\t\t<div class=\"elementor-widget-container\">\n\t\t\t\t\t<h2 class=\"elementor-heading-title elementor-size-default\">Reserva tu fiesta<\/h2>\t\t\t\t<\/div>\n\t\t\t\t<\/div>\n\t\t\t\t<\/div>\n\t\t<div class=\"elementor-element elementor-element-39da16e7 e-con-full e-flex e-con e-child\" data-id=\"39da16e7\" data-element_type=\"container\" data-e-type=\"container\">\n\t\t\t\t<div class=\"elementor-element elementor-element-134b93d5 elementor-align-center elementor-widget elementor-widget-button\" data-id=\"134b93d5\" data-element_type=\"widget\" data-e-type=\"widget\" data-widget_type=\"button.default\">\n\t\t\t\t<div class=\"elementor-widget-container\">\n\t\t\t\t\t\t\t\t\t<div class=\"elementor-button-wrapper\">\n\t\t\t\t\t<a class=\"elementor-button elementor-button-link elementor-size-md\" href=\"https:\/\/gesthipapp.com\/bookCalendarGesthipObert?equestrian_center_id=294&#038;type=aniversari&#038;key=ed464994196f5b620ada57f731f0700ee17910e3_3a085d1bc5fa41313c4e0910e7341af761b0f7db\" target=\"_blank\" rel=\"noopener\">\n\t\t\t\t\t\t<span class=\"elementor-button-content-wrapper\">\n\t\t\t\t\t\t<span class=\"elementor-button-icon\">\n\t\t\t\t<i aria-hidden=\"true\" class=\"fas fa-plus-square\"><\/i>\t\t\t<\/span>\n\t\t\t\t\t\t\t\t\t<span class=\"elementor-button-text\">RESERVAR<\/span>\n\t\t\t\t\t<\/span>\n\t\t\t\t\t<\/a>\n\t\t\t\t<\/div>\n\t\t\t\t\t\t\t\t<\/div>\n\t\t\t\t<\/div>\n\t\t\t\t<\/div>\n\t\t\t\t\t<\/div>\n\t\t\t\t<\/div>\n\t\t\t\t<\/div>\n\t\t","protected":false},"excerpt":{"rendered":"<p>CUANDOS\u00e1bados y domingos por la tarde para ni\u00f1os y ni\u00f1as a partir de 3 a\u00f1os. PRECIOEl precio es de 27 \u20ac por ni\u00f1o\/a, m\u00ednimo 5 ni\u00f1os\/as y m\u00e1ximo 16 ni\u00f1os\/as. En caso de querer hacer una reserva para m\u00e1s ni\u00f1os\/as debe enviar un email a info@poniclubcatalunya.com . IncluyeUna hora de actividad l\u00fadica con los ponis [&hellip;]<\/p>\n","protected":false},"author":1,"featured_media":4539,"parent":4781,"menu_order":0,"comment_status":"closed","ping_status":"closed","template":"","meta":{"_acf_changed":false,"footnotes":""},"class_list":["post-4646","page","type-page","status-publish","has-post-thumbnail","hentry"],"acf":[],"_links":{"self":[{"href":"https:\/\/poniclubcatalunya.cat\/es\/wp-json\/wp\/v2\/pages\/4646","targetHints":{"allow":["GET"]}}],"collection":[{"href":"https:\/\/poniclubcatalunya.cat\/es\/wp-json\/wp\/v2\/pages"}],"about":[{"href":"https:\/\/poniclubcatalunya.cat\/es\/wp-json\/wp\/v2\/types\/page"}],"author":[{"embeddable":true,"href":"https:\/\/poniclubcatalunya.cat\/es\/wp-json\/wp\/v2\/users\/1"}],"replies":[{"embeddable":true,"href":"https:\/\/poniclubcatalunya.cat\/es\/wp-json\/wp\/v2\/comments?post=4646"}],"version-history":[{"count":10,"href":"https:\/\/poniclubcatalunya.cat\/es\/wp-json\/wp\/v2\/pages\/4646\/revisions"}],"predecessor-version":[{"id":5495,"href":"https:\/\/poniclubcatalunya.cat\/es\/wp-json\/wp\/v2\/pages\/4646\/revisions\/5495"}],"up":[{"embeddable":true,"href":"https:\/\/poniclubcatalunya.cat\/es\/wp-json\/wp\/v2\/pages\/4781"}],"wp:featuredmedia":[{"embeddable":true,"href":"https:\/\/poniclubcatalunya.cat\/es\/wp-json\/wp\/v2\/media\/4539"}],"wp:attachment":[{"href":"https:\/\/poniclubcatalunya.cat\/es\/wp-json\/wp\/v2\/media?parent=4646"}],"curies":[{"name":"wp","href":"https:\/\/api.w.org\/{rel}","templated":true}]}}