{"id":4665,"date":"2023-11-19T10:00:46","date_gmt":"2023-11-19T10:00:46","guid":{"rendered":"https:\/\/lacuinade.timit2003.com\/poniclub\/primer-contacto\/vuelta-en-poni\/"},"modified":"2024-03-21T07:22:26","modified_gmt":"2024-03-21T07:22:26","slug":"vuelta-en-poni","status":"publish","type":"page","link":"https:\/\/poniclubcatalunya.cat\/es\/pequena-escuela\/primer-contacto\/vuelta-en-poni\/","title":{"rendered":"Vuelta en Poni"},"content":{"rendered":"\t\t<div data-elementor-type=\"wp-page\" data-elementor-id=\"4665\" class=\"elementor elementor-4665 elementor-2751\" data-elementor-post-type=\"page\">\n\t\t\t\t<div class=\"elementor-element elementor-element-5782b9d2 e-flex e-con-boxed e-con e-parent\" data-id=\"5782b9d2\" data-element_type=\"container\" data-e-type=\"container\">\n\t\t\t\t\t<div class=\"e-con-inner\">\n\t\t<div class=\"elementor-element elementor-element-737665f7 e-con-full e-flex e-con e-child\" data-id=\"737665f7\" data-element_type=\"container\" data-e-type=\"container\">\n\t\t\t\t<div class=\"elementor-element elementor-element-6e756f93 elementor-widget elementor-widget-text-editor\" data-id=\"6e756f93\" data-element_type=\"widget\" data-e-type=\"widget\" data-widget_type=\"text-editor.default\">\n\t\t\t\t<div class=\"elementor-widget-container\">\n\t\t\t\t\t\t\t\t\t<div class=\"wp-block-column is-layout-flow wp-block-column-is-layout-flow\"><h3 class=\"act_title\"><strong>Para ni\u00f1os y ni\u00f1as de 2 a 6 a\u00f1os<\/strong><\/h3><p><strong>S\u00e1bados y domingos ma\u00f1ana<\/strong><\/p><p>Duraci\u00f3n: 20 minutos aprox.<\/p><p>Consiste en que los padres\/madres o familiares lleven al ni\u00f1o\/a montado en un pony para dar un paseo por un circuito marcado por los alrededores de nuestras instalaciones.<br \/>Actividad reducida de m\u00e1ximo 5 ni\u00f1os\/as.<\/p><p><strong>PROTOCOLO:<\/strong><\/p><ul><li>Deber\u00e1n llegar 5 minutos antes de la hora reservada e ir directamente a la Peque\u00f1a Escuela de Ponis.<\/li><li>Si los peque\u00f1os tienen casco de bicicleta, puede llevarlo<\/li><li><strong>No podr\u00e1n permanecer en nuestras instalaciones una vez finalizada la actividad.<\/strong><\/li><\/ul><p><strong>EST\u00c1 TOTALMENTE PROHIBIDO HACER PIC-NICS EN NUESTRAS INSTALACIONES<\/strong><\/p><p><strong>ATENCI\u00d3N, ACTIVIDAD DE PLAZAS LIMITADAS:<\/strong><\/p><p>Una vez realizada la vuelta en poni la actividad finalizar\u00e1 para dar un buen servicio al siguiente grupo.<\/p><p><strong>NO SE HACEN REEMBOLSOS Y NO SER\u00c1 RECUPERABLE perdiendo el derecho de repetir la actividad o la incorporaci\u00f3n a la misma:<\/strong><\/p><ul><li>La no asistencia de la reserva o la llegada de unos 15 minutos m\u00e1s tarde de la hora programada por cualquier causa que no se haya avisado con antelaci\u00f3n en la oficina<\/li><li>La NO PARTICIPACI\u00d3N en la actividad<\/li><\/ul><p><strong>IMPORTANTE: Debe haber un adulto por ni\u00f1o.<\/strong><\/p><p>Precio: <strong>12 \u20ac<\/strong><\/p><\/div>\t\t\t\t\t\t\t\t<\/div>\n\t\t\t\t<\/div>\n\t\t\t\t<div class=\"elementor-element elementor-element-3a31562d elementor-widget elementor-widget-button\" data-id=\"3a31562d\" data-element_type=\"widget\" data-e-type=\"widget\" data-widget_type=\"button.default\">\n\t\t\t\t<div class=\"elementor-widget-container\">\n\t\t\t\t\t\t\t\t\t<div class=\"elementor-button-wrapper\">\n\t\t\t\t\t<a class=\"elementor-button elementor-button-link elementor-size-sm\" href=\"https:\/\/gesthipapp.com\/bookCalendarGesthipObert?equestrian_center_id=294&#038;type=volta_ponis&#038;key=ed464994196f5b620ada57f731f0700ee17910e3_3a085d1bc5fa41313c4e0910e7341af761b0f7db\" target=\"_blank\" rel=\"noopener\">\n\t\t\t\t\t\t<span class=\"elementor-button-content-wrapper\">\n\t\t\t\t\t\t<span class=\"elementor-button-icon\">\n\t\t\t\t<i aria-hidden=\"true\" class=\"fas fa-plus-square\"><\/i>\t\t\t<\/span>\n\t\t\t\t\t\t\t\t\t<span class=\"elementor-button-text\">Reserva<\/span>\n\t\t\t\t\t<\/span>\n\t\t\t\t\t<\/a>\n\t\t\t\t<\/div>\n\t\t\t\t\t\t\t\t<\/div>\n\t\t\t\t<\/div>\n\t\t\t\t<\/div>\n\t\t<div class=\"elementor-element elementor-element-611a2772 e-con-full e-flex e-con e-child\" data-id=\"611a2772\" data-element_type=\"container\" data-e-type=\"container\">\n\t\t\t\t<div class=\"elementor-element elementor-element-ade5c0a elementor-widget elementor-widget-image\" data-id=\"ade5c0a\" data-element_type=\"widget\" data-e-type=\"widget\" data-widget_type=\"image.default\">\n\t\t\t\t<div class=\"elementor-widget-container\">\n\t\t\t\t\t\t\t\t\t\t\t\t\t\t\t<img fetchpriority=\"high\" decoding=\"async\" width=\"600\" height=\"800\" src=\"https:\/\/poniclubcatalunya.cat\/wp-content\/uploads\/2023\/11\/202208291661780721-volta-en-poni.jpg\" class=\"attachment-large size-large wp-image-2909\" alt=\"\" srcset=\"https:\/\/poniclubcatalunya.cat\/wp-content\/uploads\/2023\/11\/202208291661780721-volta-en-poni.jpg 600w, https:\/\/poniclubcatalunya.cat\/wp-content\/uploads\/2023\/11\/202208291661780721-volta-en-poni-225x300.jpg 225w\" sizes=\"(max-width: 600px) 100vw, 600px\" \/>\t\t\t\t\t\t\t\t\t\t\t\t\t\t\t<\/div>\n\t\t\t\t<\/div>\n\t\t\t\t<\/div>\n\t\t\t\t\t<\/div>\n\t\t\t\t<\/div>\n\t\t<div class=\"elementor-element elementor-element-5ffaea72 e-flex e-con-boxed e-con e-parent\" data-id=\"5ffaea72\" data-element_type=\"container\" data-e-type=\"container\" data-settings=\"{&quot;background_background&quot;:&quot;classic&quot;}\">\n\t\t\t\t\t<div class=\"e-con-inner\">\n\t\t<div class=\"elementor-element elementor-element-32c0a13c e-con-full e-flex e-con e-child\" data-id=\"32c0a13c\" data-element_type=\"container\" data-e-type=\"container\">\n\t\t\t\t<div class=\"elementor-element elementor-element-649a5610 elementor-widget elementor-widget-heading\" data-id=\"649a5610\" data-element_type=\"widget\" data-e-type=\"widget\" data-widget_type=\"heading.default\">\n\t\t\t\t<div class=\"elementor-widget-container\">\n\t\t\t\t\t<h2 class=\"elementor-heading-title elementor-size-default\">Reserva tu vuelta en poni.<\/h2>\t\t\t\t<\/div>\n\t\t\t\t<\/div>\n\t\t\t\t<\/div>\n\t\t<div class=\"elementor-element elementor-element-5bda2584 e-con-full e-flex e-con e-child\" data-id=\"5bda2584\" data-element_type=\"container\" data-e-type=\"container\">\n\t\t\t\t<div class=\"elementor-element elementor-element-632e896e elementor-align-center elementor-widget elementor-widget-button\" data-id=\"632e896e\" data-element_type=\"widget\" data-e-type=\"widget\" data-widget_type=\"button.default\">\n\t\t\t\t<div class=\"elementor-widget-container\">\n\t\t\t\t\t\t\t\t\t<div class=\"elementor-button-wrapper\">\n\t\t\t\t\t<a class=\"elementor-button elementor-button-link elementor-size-md\" href=\"https:\/\/gesthipapp.com\/bookCalendarGesthipObert?equestrian_center_id=294&#038;type=volta_ponis&#038;key=ed464994196f5b620ada57f731f0700ee17910e3_3a085d1bc5fa41313c4e0910e7341af761b0f7db\" target=\"_blank\" rel=\"noopener\">\n\t\t\t\t\t\t<span class=\"elementor-button-content-wrapper\">\n\t\t\t\t\t\t<span class=\"elementor-button-icon\">\n\t\t\t\t<i aria-hidden=\"true\" class=\"fas fa-plus-square\"><\/i>\t\t\t<\/span>\n\t\t\t\t\t\t\t\t\t<span class=\"elementor-button-text\">RESERVAR<\/span>\n\t\t\t\t\t<\/span>\n\t\t\t\t\t<\/a>\n\t\t\t\t<\/div>\n\t\t\t\t\t\t\t\t<\/div>\n\t\t\t\t<\/div>\n\t\t\t\t<\/div>\n\t\t\t\t\t<\/div>\n\t\t\t\t<\/div>\n\t\t\t\t<\/div>\n\t\t","protected":false},"excerpt":{"rendered":"<p>Para ni\u00f1os y ni\u00f1as de 2 a 6 a\u00f1os S\u00e1bados y domingos ma\u00f1ana Duraci\u00f3n: 20 minutos aprox. Consiste en que los padres\/madres o familiares lleven al ni\u00f1o\/a montado en un pony para dar un paseo por un circuito marcado por los alrededores de nuestras instalaciones.Actividad reducida de m\u00e1ximo 5 ni\u00f1os\/as. PROTOCOLO: Deber\u00e1n llegar 5 minutos [&hellip;]<\/p>\n","protected":false},"author":1,"featured_media":4536,"parent":4644,"menu_order":0,"comment_status":"closed","ping_status":"closed","template":"","meta":{"_acf_changed":false,"footnotes":""},"class_list":["post-4665","page","type-page","status-publish","has-post-thumbnail","hentry"],"acf":[],"_links":{"self":[{"href":"https:\/\/poniclubcatalunya.cat\/es\/wp-json\/wp\/v2\/pages\/4665","targetHints":{"allow":["GET"]}}],"collection":[{"href":"https:\/\/poniclubcatalunya.cat\/es\/wp-json\/wp\/v2\/pages"}],"about":[{"href":"https:\/\/poniclubcatalunya.cat\/es\/wp-json\/wp\/v2\/types\/page"}],"author":[{"embeddable":true,"href":"https:\/\/poniclubcatalunya.cat\/es\/wp-json\/wp\/v2\/users\/1"}],"replies":[{"embeddable":true,"href":"https:\/\/poniclubcatalunya.cat\/es\/wp-json\/wp\/v2\/comments?post=4665"}],"version-history":[{"count":16,"href":"https:\/\/poniclubcatalunya.cat\/es\/wp-json\/wp\/v2\/pages\/4665\/revisions"}],"predecessor-version":[{"id":5471,"href":"https:\/\/poniclubcatalunya.cat\/es\/wp-json\/wp\/v2\/pages\/4665\/revisions\/5471"}],"up":[{"embeddable":true,"href":"https:\/\/poniclubcatalunya.cat\/es\/wp-json\/wp\/v2\/pages\/4644"}],"wp:featuredmedia":[{"embeddable":true,"href":"https:\/\/poniclubcatalunya.cat\/es\/wp-json\/wp\/v2\/media\/4536"}],"wp:attachment":[{"href":"https:\/\/poniclubcatalunya.cat\/es\/wp-json\/wp\/v2\/media?parent=4665"}],"curies":[{"name":"wp","href":"https:\/\/api.w.org\/{rel}","templated":true}]}}