{"id":4677,"date":"2023-11-19T10:00:23","date_gmt":"2023-11-19T10:00:23","guid":{"rendered":"https:\/\/lacuinade.timit2003.com\/poniclub\/primer-contacto\/taller-de-ponis\/"},"modified":"2024-01-22T12:33:45","modified_gmt":"2024-01-22T12:33:45","slug":"taller-de-ponis","status":"publish","type":"page","link":"https:\/\/poniclubcatalunya.cat\/es\/pequena-escuela\/primer-contacto\/taller-de-ponis\/","title":{"rendered":"Taller de Ponis"},"content":{"rendered":"\t\t<div data-elementor-type=\"wp-page\" data-elementor-id=\"4677\" class=\"elementor elementor-4677 elementor-2750\" data-elementor-post-type=\"page\">\n\t\t\t\t<div class=\"elementor-element elementor-element-739c8ee e-flex e-con-boxed e-con e-parent\" data-id=\"739c8ee\" data-element_type=\"container\" data-e-type=\"container\">\n\t\t\t\t\t<div class=\"e-con-inner\">\n\t\t<div class=\"elementor-element elementor-element-185e7c84 e-con-full e-flex e-con e-child\" data-id=\"185e7c84\" data-element_type=\"container\" data-e-type=\"container\">\n\t\t\t\t<div class=\"elementor-element elementor-element-50f1c488 elementor-widget elementor-widget-text-editor\" data-id=\"50f1c488\" data-element_type=\"widget\" data-e-type=\"widget\" data-widget_type=\"text-editor.default\">\n\t\t\t\t<div class=\"elementor-widget-container\">\n\t\t\t\t\t\t\t\t\t<div class=\"wp-block-column is-layout-flow wp-block-column-is-layout-flow\"><h3 class=\"title_event\">Taller de ponis (ni\u00f1os\/as 30 meses a 6 a\u00f1os)<\/h3><p>Duraci\u00f3n: 45 minutos aprox.<\/p><p>Consiste en un taller con una monitora donde el ni\u00f1o aprender\u00e1 a acercarse al pony, cepillarlo y realizar\u00e1 un peque\u00f1o circuito por la pista. Despu\u00e9s, los padres traer\u00e1n al ni\u00f1o montado de paseo por el circuito marcado del alquiler de ponis.<\/p><p><strong>PROTOCOLO:<\/strong><\/p><ul><li>Deber\u00e1n llegar 10 minutos antes de la hora reservada e ir directamente a la Peque\u00f1a Escuela de Ponis.<\/li><li>Si los peque\u00f1os tienen casco de bicicleta, ll\u00e9velo.<\/li><\/ul><p><strong>No podr\u00e1n permanecer en nuestras instalaciones una vez finalizada la actividad.<\/strong><\/p><p><strong>EST\u00c1 TOTALMENTE PROHIBIDO HACER PIC-NICS EN NUESTRAS INSTALACIONES<\/strong><\/p><p><strong>ATENCI\u00d3N, ACTIVIDAD DE PLAZAS LIMITADAS:<\/strong><\/p><p>Una vez realizada la vuelta en poni la actividad finalizar\u00e1 para dar un buen servicio al siguiente grupo.<\/p><p><strong>NO SE HACEN REEMBOLSOS Y NO SER\u00c1 RECUPERABLE perdiendo el derecho de repetir la actividad o la incorporaci\u00f3n a la misma:<\/strong><\/p><ul><li>La no asistencia de la reserva o la llegada de unos 15 minutos m\u00e1s tarde de la hora programada por cualquier causa que no se haya avisado con antelaci\u00f3n en la oficina<\/li><li>La NO PARTICIPACI\u00d3N en la actividad<\/li><\/ul><p><strong>IMPORTANTE: Debe haber un adulto por ni\u00f1o.<\/strong><\/p><p>Precio: <strong>18 \u20ac<\/strong><\/p><\/div>\t\t\t\t\t\t\t\t<\/div>\n\t\t\t\t<\/div>\n\t\t\t\t<div class=\"elementor-element elementor-element-2181025e elementor-widget elementor-widget-button\" data-id=\"2181025e\" data-element_type=\"widget\" data-e-type=\"widget\" data-widget_type=\"button.default\">\n\t\t\t\t<div class=\"elementor-widget-container\">\n\t\t\t\t\t\t\t\t\t<div class=\"elementor-button-wrapper\">\n\t\t\t\t\t<a class=\"elementor-button elementor-button-link elementor-size-sm\" href=\"https:\/\/gesthipapp.com\/bookCalendarGesthipObert?equestrian_center_id=294&#038;type=taller_ponis&#038;key=ed464994196f5b620ada57f731f0700ee17910e3_3a085d1bc5fa41313c4e0910e7341af761b0f7db\" target=\"_blank\" rel=\"noopener\">\n\t\t\t\t\t\t<span class=\"elementor-button-content-wrapper\">\n\t\t\t\t\t\t<span class=\"elementor-button-icon\">\n\t\t\t\t<i aria-hidden=\"true\" class=\"fas fa-plus-square\"><\/i>\t\t\t<\/span>\n\t\t\t\t\t\t\t\t\t<span class=\"elementor-button-text\">Reserva ahora<\/span>\n\t\t\t\t\t<\/span>\n\t\t\t\t\t<\/a>\n\t\t\t\t<\/div>\n\t\t\t\t\t\t\t\t<\/div>\n\t\t\t\t<\/div>\n\t\t\t\t<\/div>\n\t\t<div class=\"elementor-element elementor-element-2ffc2f6e e-con-full e-flex e-con e-child\" data-id=\"2ffc2f6e\" data-element_type=\"container\" data-e-type=\"container\">\n\t\t\t\t<div class=\"elementor-element elementor-element-6c75608b elementor-widget elementor-widget-image\" data-id=\"6c75608b\" data-element_type=\"widget\" data-e-type=\"widget\" data-widget_type=\"image.default\">\n\t\t\t\t<div class=\"elementor-widget-container\">\n\t\t\t\t\t\t\t\t\t\t\t\t\t\t\t<img fetchpriority=\"high\" decoding=\"async\" width=\"500\" height=\"375\" src=\"https:\/\/poniclubcatalunya.cat\/wp-content\/uploads\/2019\/01\/2_PE_TallerPonis.jpg\" class=\"attachment-large size-large wp-image-224\" alt=\"\" srcset=\"https:\/\/poniclubcatalunya.cat\/wp-content\/uploads\/2019\/01\/2_PE_TallerPonis.jpg 500w, https:\/\/poniclubcatalunya.cat\/wp-content\/uploads\/2019\/01\/2_PE_TallerPonis-300x225.jpg 300w\" sizes=\"(max-width: 500px) 100vw, 500px\" \/>\t\t\t\t\t\t\t\t\t\t\t\t\t\t\t<\/div>\n\t\t\t\t<\/div>\n\t\t\t\t<\/div>\n\t\t\t\t\t<\/div>\n\t\t\t\t<\/div>\n\t\t<div class=\"elementor-element elementor-element-2d526f3b e-flex e-con-boxed e-con e-parent\" data-id=\"2d526f3b\" data-element_type=\"container\" data-e-type=\"container\" data-settings=\"{&quot;background_background&quot;:&quot;classic&quot;}\">\n\t\t\t\t\t<div class=\"e-con-inner\">\n\t\t<div class=\"elementor-element elementor-element-42fa5fa9 e-con-full e-flex e-con e-child\" data-id=\"42fa5fa9\" data-element_type=\"container\" data-e-type=\"container\">\n\t\t\t\t<div class=\"elementor-element elementor-element-66a3d51c elementor-widget elementor-widget-heading\" data-id=\"66a3d51c\" data-element_type=\"widget\" data-e-type=\"widget\" data-widget_type=\"heading.default\">\n\t\t\t\t<div class=\"elementor-widget-container\">\n\t\t\t\t\t<h2 class=\"elementor-heading-title elementor-size-default\">Reserva tu taller de Ponis<\/h2>\t\t\t\t<\/div>\n\t\t\t\t<\/div>\n\t\t\t\t<\/div>\n\t\t<div class=\"elementor-element elementor-element-33a9cc3d e-con-full e-flex e-con e-child\" data-id=\"33a9cc3d\" data-element_type=\"container\" data-e-type=\"container\">\n\t\t\t\t<div class=\"elementor-element elementor-element-573cc90f elementor-align-center elementor-widget elementor-widget-button\" data-id=\"573cc90f\" data-element_type=\"widget\" data-e-type=\"widget\" data-widget_type=\"button.default\">\n\t\t\t\t<div class=\"elementor-widget-container\">\n\t\t\t\t\t\t\t\t\t<div class=\"elementor-button-wrapper\">\n\t\t\t\t\t<a class=\"elementor-button elementor-button-link elementor-size-md\" href=\"https:\/\/gesthipapp.com\/bookCalendarGesthipObert?equestrian_center_id=294&#038;type=taller_ponis&#038;key=ed464994196f5b620ada57f731f0700ee17910e3_3a085d1bc5fa41313c4e0910e7341af761b0f7db\" target=\"_blank\" rel=\"noopener\">\n\t\t\t\t\t\t<span class=\"elementor-button-content-wrapper\">\n\t\t\t\t\t\t<span class=\"elementor-button-icon\">\n\t\t\t\t<i aria-hidden=\"true\" class=\"fas fa-plus-square\"><\/i>\t\t\t<\/span>\n\t\t\t\t\t\t\t\t\t<span class=\"elementor-button-text\">RESERVAR<\/span>\n\t\t\t\t\t<\/span>\n\t\t\t\t\t<\/a>\n\t\t\t\t<\/div>\n\t\t\t\t\t\t\t\t<\/div>\n\t\t\t\t<\/div>\n\t\t\t\t<\/div>\n\t\t\t\t\t<\/div>\n\t\t\t\t<\/div>\n\t\t<div class=\"elementor-element elementor-element-6ab11031 e-flex e-con-boxed e-con e-parent\" data-id=\"6ab11031\" data-element_type=\"container\" data-e-type=\"container\">\n\t\t\t\t\t<div class=\"e-con-inner\">\n\t\t\t\t<div class=\"elementor-element elementor-element-11f492d1 elementor-widget elementor-widget-text-editor\" data-id=\"11f492d1\" data-element_type=\"widget\" data-e-type=\"widget\" data-widget_type=\"text-editor.default\">\n\t\t\t\t<div class=\"elementor-widget-container\">\n\t\t\t\t\t\t\t\t\t<div class=\"wp-block-column is-layout-flow wp-block-column-is-layout-flow\">\n<h3 class=\"act_title\"><span style=\"color: var( --e-global-color-text ); font-family: var( --e-global-typography-text-font-family ), Sans-serif; text-align: var(--text-align);\"><b>FAQs<br \/><\/b><\/span><\/h3>\n<p>Preguntas frecuentes sobre el taller de ponis<b><\/b><\/p>\n<div><span style=\"color: var( --e-global-color-text ); font-family: var( --e-global-typography-text-font-family ), Sans-serif; text-align: var(--text-align);\"><b> <\/b><\/span><\/div>\n<\/div>\n\t\t\t\t\t\t\t\t<\/div>\n\t\t\t\t<\/div>\n\t\t\t\t<div class=\"elementor-element elementor-element-8ce6de0 elementor-widget elementor-widget-toggle\" data-id=\"8ce6de0\" data-element_type=\"widget\" data-e-type=\"widget\" data-widget_type=\"toggle.default\">\n\t\t\t\t<div class=\"elementor-widget-container\">\n\t\t\t\t\t\t\t<div class=\"elementor-toggle\">\n\t\t\t\t\t\t\t<div class=\"elementor-toggle-item\">\n\t\t\t\t\t<div id=\"elementor-tab-title-1471\" class=\"elementor-tab-title\" data-tab=\"1\" role=\"button\" aria-controls=\"elementor-tab-content-1471\" aria-expanded=\"false\">\n\t\t\t\t\t\t\t\t\t\t\t\t<span class=\"elementor-toggle-icon elementor-toggle-icon-left\" aria-hidden=\"true\">\n\t\t\t\t\t\t\t\t\t\t\t\t\t\t\t<span class=\"elementor-toggle-icon-closed\"><i class=\"fas fa-caret-right\"><\/i><\/span>\n\t\t\t\t\t\t\t\t<span class=\"elementor-toggle-icon-opened\"><i class=\"elementor-toggle-icon-opened fas fa-caret-up\"><\/i><\/span>\n\t\t\t\t\t\t\t\t\t\t\t\t\t<\/span>\n\t\t\t\t\t\t\t\t\t\t\t\t<a class=\"elementor-toggle-title\" tabindex=\"0\">\u00bfQu\u00e9 aprender\u00e1 mi hijo en el taller de ponis?<\/a>\n\t\t\t\t\t<\/div>\n\n\t\t\t\t\t<div id=\"elementor-tab-content-1471\" class=\"elementor-tab-content elementor-clearfix\" data-tab=\"1\" role=\"region\" aria-labelledby=\"elementor-tab-title-1471\"><p>En el taller, su hijo aprender\u00e1 a acercarse a un pony, a cepillarlo ya realizar un peque\u00f1o circuito en pista. Adem\u00e1s, tendr\u00e1 la oportunidad de montar el pony mientras los padres le gu\u00edan a trav\u00e9s de un circuito establecido.<\/p>\n<\/div>\n\t\t\t\t<\/div>\n\t\t\t\t\t\t\t<div class=\"elementor-toggle-item\">\n\t\t\t\t\t<div id=\"elementor-tab-title-1472\" class=\"elementor-tab-title\" data-tab=\"2\" role=\"button\" aria-controls=\"elementor-tab-content-1472\" aria-expanded=\"false\">\n\t\t\t\t\t\t\t\t\t\t\t\t<span class=\"elementor-toggle-icon elementor-toggle-icon-left\" aria-hidden=\"true\">\n\t\t\t\t\t\t\t\t\t\t\t\t\t\t\t<span class=\"elementor-toggle-icon-closed\"><i class=\"fas fa-caret-right\"><\/i><\/span>\n\t\t\t\t\t\t\t\t<span class=\"elementor-toggle-icon-opened\"><i class=\"elementor-toggle-icon-opened fas fa-caret-up\"><\/i><\/span>\n\t\t\t\t\t\t\t\t\t\t\t\t\t<\/span>\n\t\t\t\t\t\t\t\t\t\t\t\t<a class=\"elementor-toggle-title\" tabindex=\"0\">\u00bfQu\u00e9 debo hacer antes de llegar al taller?<\/a>\n\t\t\t\t\t<\/div>\n\n\t\t\t\t\t<div id=\"elementor-tab-content-1472\" class=\"elementor-tab-content elementor-clearfix\" data-tab=\"2\" role=\"region\" aria-labelledby=\"elementor-tab-title-1472\"><p>Deber\u00e1 llegar 10 minutos antes de la hora reservada y dirigirse directamente a la Peque\u00f1a Escuela de Ponis. Si su hijo tiene un casco de bicicleta, por favor ll\u00e9velo para su uso durante la actividad.<\/p>\n<\/div>\n\t\t\t\t<\/div>\n\t\t\t\t\t\t\t<div class=\"elementor-toggle-item\">\n\t\t\t\t\t<div id=\"elementor-tab-title-1473\" class=\"elementor-tab-title\" data-tab=\"3\" role=\"button\" aria-controls=\"elementor-tab-content-1473\" aria-expanded=\"false\">\n\t\t\t\t\t\t\t\t\t\t\t\t<span class=\"elementor-toggle-icon elementor-toggle-icon-left\" aria-hidden=\"true\">\n\t\t\t\t\t\t\t\t\t\t\t\t\t\t\t<span class=\"elementor-toggle-icon-closed\"><i class=\"fas fa-caret-right\"><\/i><\/span>\n\t\t\t\t\t\t\t\t<span class=\"elementor-toggle-icon-opened\"><i class=\"elementor-toggle-icon-opened fas fa-caret-up\"><\/i><\/span>\n\t\t\t\t\t\t\t\t\t\t\t\t\t<\/span>\n\t\t\t\t\t\t\t\t\t\t\t\t<a class=\"elementor-toggle-title\" tabindex=\"0\">\u00bfPodemos quedarnos en las instalaciones despu\u00e9s de finalizar la actividad?<\/a>\n\t\t\t\t\t<\/div>\n\n\t\t\t\t\t<div id=\"elementor-tab-content-1473\" class=\"elementor-tab-content elementor-clearfix\" data-tab=\"3\" role=\"region\" aria-labelledby=\"elementor-tab-title-1473\"><p>No est\u00e1 permitido permanecer en nuestras instalaciones una vez finalizada la actividad. Tambi\u00e9n est\u00e1 estrictamente prohibido realizar picnics en nuestras instalaciones.<\/p>\n<\/div>\n\t\t\t\t<\/div>\n\t\t\t\t\t\t\t<div class=\"elementor-toggle-item\">\n\t\t\t\t\t<div id=\"elementor-tab-title-1474\" class=\"elementor-tab-title\" data-tab=\"4\" role=\"button\" aria-controls=\"elementor-tab-content-1474\" aria-expanded=\"false\">\n\t\t\t\t\t\t\t\t\t\t\t\t<span class=\"elementor-toggle-icon elementor-toggle-icon-left\" aria-hidden=\"true\">\n\t\t\t\t\t\t\t\t\t\t\t\t\t\t\t<span class=\"elementor-toggle-icon-closed\"><i class=\"fas fa-caret-right\"><\/i><\/span>\n\t\t\t\t\t\t\t\t<span class=\"elementor-toggle-icon-opened\"><i class=\"elementor-toggle-icon-opened fas fa-caret-up\"><\/i><\/span>\n\t\t\t\t\t\t\t\t\t\t\t\t\t<\/span>\n\t\t\t\t\t\t\t\t\t\t\t\t<a class=\"elementor-toggle-title\" tabindex=\"0\">\u00bfQu\u00e9 ocurre si no podemos asistir o llegamos tarde?<\/a>\n\t\t\t\t\t<\/div>\n\n\t\t\t\t\t<div id=\"elementor-tab-content-1474\" class=\"elementor-tab-content elementor-clearfix\" data-tab=\"4\" role=\"region\" aria-labelledby=\"elementor-tab-title-1474\"><p>No se realizar\u00e1n reembolsos ni se recuperar\u00e1 la actividad en caso de no asistencia o llegada con m\u00e1s de 15 minutos de retraso de la hora programada, salvo que se haya avisado con antelaci\u00f3n a la oficina. La no participaci\u00f3n en la actividad resultar\u00e1 tambi\u00e9n en la p\u00e9rdida del derecho a repetir la actividad o incorporarse a ella.<\/p>\n<\/div>\n\t\t\t\t<\/div>\n\t\t\t\t\t\t\t\t<\/div>\n\t\t\t\t\t\t<\/div>\n\t\t\t\t<\/div>\n\t\t\t\t\t<\/div>\n\t\t\t\t<\/div>\n\t\t\t\t<\/div>\n\t\t","protected":false},"excerpt":{"rendered":"<p>Taller de ponis (ni\u00f1os\/as 30 meses a 6 a\u00f1os) Duraci\u00f3n: 45 minutos aprox. Consiste en un taller con una monitora donde el ni\u00f1o aprender\u00e1 a acercarse al pony, cepillarlo y realizar\u00e1 un peque\u00f1o circuito por la pista. Despu\u00e9s, los padres traer\u00e1n al ni\u00f1o montado de paseo por el circuito marcado del alquiler de ponis. PROTOCOLO: [&hellip;]<\/p>\n","protected":false},"author":1,"featured_media":4535,"parent":4644,"menu_order":0,"comment_status":"closed","ping_status":"closed","template":"","meta":{"_acf_changed":false,"footnotes":""},"class_list":["post-4677","page","type-page","status-publish","has-post-thumbnail","hentry"],"acf":[],"_links":{"self":[{"href":"https:\/\/poniclubcatalunya.cat\/es\/wp-json\/wp\/v2\/pages\/4677","targetHints":{"allow":["GET"]}}],"collection":[{"href":"https:\/\/poniclubcatalunya.cat\/es\/wp-json\/wp\/v2\/pages"}],"about":[{"href":"https:\/\/poniclubcatalunya.cat\/es\/wp-json\/wp\/v2\/types\/page"}],"author":[{"embeddable":true,"href":"https:\/\/poniclubcatalunya.cat\/es\/wp-json\/wp\/v2\/users\/1"}],"replies":[{"embeddable":true,"href":"https:\/\/poniclubcatalunya.cat\/es\/wp-json\/wp\/v2\/comments?post=4677"}],"version-history":[{"count":7,"href":"https:\/\/poniclubcatalunya.cat\/es\/wp-json\/wp\/v2\/pages\/4677\/revisions"}],"predecessor-version":[{"id":5252,"href":"https:\/\/poniclubcatalunya.cat\/es\/wp-json\/wp\/v2\/pages\/4677\/revisions\/5252"}],"up":[{"embeddable":true,"href":"https:\/\/poniclubcatalunya.cat\/es\/wp-json\/wp\/v2\/pages\/4644"}],"wp:featuredmedia":[{"embeddable":true,"href":"https:\/\/poniclubcatalunya.cat\/es\/wp-json\/wp\/v2\/media\/4535"}],"wp:attachment":[{"href":"https:\/\/poniclubcatalunya.cat\/es\/wp-json\/wp\/v2\/media?parent=4677"}],"curies":[{"name":"wp","href":"https:\/\/api.w.org\/{rel}","templated":true}]}}