{"id":4680,"date":"2023-11-19T09:42:40","date_gmt":"2023-11-19T09:42:40","guid":{"rendered":"https:\/\/lacuinade.timit2003.com\/poniclub\/primera-clase\/"},"modified":"2024-03-21T07:18:46","modified_gmt":"2024-03-21T07:18:46","slug":"primera-clase","status":"publish","type":"page","link":"https:\/\/poniclubcatalunya.cat\/es\/escuela-de-equitacion\/primera-clase\/","title":{"rendered":"Primera clase"},"content":{"rendered":"\t\t<div data-elementor-type=\"wp-page\" data-elementor-id=\"4680\" class=\"elementor elementor-4680 elementor-2658\" data-elementor-post-type=\"page\">\n\t\t\t\t<div class=\"elementor-element elementor-element-450e92d e-flex e-con-boxed e-con e-parent\" data-id=\"450e92d\" data-element_type=\"container\" data-e-type=\"container\">\n\t\t\t\t\t<div class=\"e-con-inner\">\n\t\t<div class=\"elementor-element elementor-element-d9d8fea e-con-full e-flex e-con e-child\" data-id=\"d9d8fea\" data-element_type=\"container\" data-e-type=\"container\">\n\t\t\t\t<div class=\"elementor-element elementor-element-bb98e04 elementor-widget elementor-widget-text-editor\" data-id=\"bb98e04\" data-element_type=\"widget\" data-e-type=\"widget\" data-widget_type=\"text-editor.default\">\n\t\t\t\t<div class=\"elementor-widget-container\">\n\t\t\t\t\t\t\t\t\t<div class=\"wp-block-column is-layout-flow wp-block-column-is-layout-flow\">\n<h3 class=\"title_event\">Bautizo H\u00edpico: para ni\u00f1os\/as a partir de 7 a\u00f1os y tambi\u00e9n para adultos<\/h3>\n<p><strong>Aproximadamente 1h30 de actividad<\/strong><\/p>\n<ul>\n<li>Para ni\u00f1os a partir de 8 a\u00f1os<\/li>\n<\/ul>\n<p>Una buena manera de descubrir si le gusta la equitaci\u00f3n.<\/p>\n<p><strong>Actividad reducida de m\u00e1ximo 5 ni\u00f1os<\/strong><\/p>\n<p>Se aprender\u00e1 las normas de seguridad, preparaci\u00f3n y cuidado del pony\/caballo antes y despu\u00e9s de la monta, montar y desmontar correctamente, avanzar al paso, parar, girar y una vez se tenga el equilibrio necesario: el trote.<\/p>\n<div><strong>No podr\u00e1n permanecer en nuestras instalaciones una vez finalizada la actividad.<\/strong><\/div>\n<div> <\/div>\n<div><strong>VESTIMENTA NECESARIA<\/strong><\/div>\n<ul>\n<li>Pantal\u00f3n largo c\u00f3modo (si puede ser el\u00e1stico, evitar vaqueros) y calzado cerrado (si puede ser botas de monta\u00f1a o por la lluvia, evitar zapatillas con velcro).<\/li>\n<\/ul>\n<p><strong>PROTOCOLO<\/strong><\/p>\n<ul>\n<li>Deber\u00e1n llegar a la hora reservada e ir directamente frente a la oficina del club.<\/li>\n<\/ul>\n<div>\n<p>Precio: <strong>35 \u20ac<\/strong><\/p>\n<\/div>\n<p class=\"act_title\"><strong>No es necesario estar federado\/a para realizar estas sesiones.<\/strong><\/p>\n<\/div>\n\t\t\t\t\t\t\t\t<\/div>\n\t\t\t\t<\/div>\n\t\t\t\t<div class=\"elementor-element elementor-element-d3ef536 elementor-widget elementor-widget-button\" data-id=\"d3ef536\" data-element_type=\"widget\" data-e-type=\"widget\" data-widget_type=\"button.default\">\n\t\t\t\t<div class=\"elementor-widget-container\">\n\t\t\t\t\t\t\t\t\t<div class=\"elementor-button-wrapper\">\n\t\t\t\t\t<a class=\"elementor-button elementor-button-link elementor-size-sm\" href=\"https:\/\/gesthipapp.com\/bookCalendarGesthipObert?equestrian_center_id=294&#038;type=classe_prova_petita_escola_majors&#038;key=ed464994196f5b620ada57f731f0700ee17910e3_3a085d1bc5fa41313c4e0910e7341af761b0f7db\" target=\"_blank\" rel=\"noopener\">\n\t\t\t\t\t\t<span class=\"elementor-button-content-wrapper\">\n\t\t\t\t\t\t<span class=\"elementor-button-icon\">\n\t\t\t\t<i aria-hidden=\"true\" class=\"fas fa-plus-square\"><\/i>\t\t\t<\/span>\n\t\t\t\t\t\t\t\t\t<span class=\"elementor-button-text\">Reserva ahora<\/span>\n\t\t\t\t\t<\/span>\n\t\t\t\t\t<\/a>\n\t\t\t\t<\/div>\n\t\t\t\t\t\t\t\t<\/div>\n\t\t\t\t<\/div>\n\t\t\t\t<\/div>\n\t\t<div class=\"elementor-element elementor-element-e3281b1 e-con-full e-flex e-con e-child\" data-id=\"e3281b1\" data-element_type=\"container\" data-e-type=\"container\">\n\t\t\t\t<div class=\"elementor-element elementor-element-1aa9785 elementor-widget elementor-widget-image\" data-id=\"1aa9785\" data-element_type=\"widget\" data-e-type=\"widget\" data-widget_type=\"image.default\">\n\t\t\t\t<div class=\"elementor-widget-container\">\n\t\t\t\t\t\t\t\t\t\t\t\t\t\t\t<img fetchpriority=\"high\" decoding=\"async\" width=\"600\" height=\"800\" src=\"https:\/\/poniclubcatalunya.cat\/wp-content\/uploads\/2023\/12\/202312051701768326-202110211634826588-whatsapp-image-2021-10-21-at-140701.jpeg\" class=\"attachment-large size-large wp-image-3465\" alt=\"\" srcset=\"https:\/\/poniclubcatalunya.cat\/wp-content\/uploads\/2023\/12\/202312051701768326-202110211634826588-whatsapp-image-2021-10-21-at-140701.jpeg 600w, https:\/\/poniclubcatalunya.cat\/wp-content\/uploads\/2023\/12\/202312051701768326-202110211634826588-whatsapp-image-2021-10-21-at-140701-225x300.jpeg 225w\" sizes=\"(max-width: 600px) 100vw, 600px\" \/>\t\t\t\t\t\t\t\t\t\t\t\t\t\t\t<\/div>\n\t\t\t\t<\/div>\n\t\t\t\t<\/div>\n\t\t\t\t\t<\/div>\n\t\t\t\t<\/div>\n\t\t<div class=\"elementor-element elementor-element-9dce9f1 e-flex e-con-boxed e-con e-parent\" data-id=\"9dce9f1\" data-element_type=\"container\" data-e-type=\"container\" data-settings=\"{&quot;background_background&quot;:&quot;classic&quot;}\">\n\t\t\t\t\t<div class=\"e-con-inner\">\n\t\t<div class=\"elementor-element elementor-element-3f0f594 e-con-full e-flex e-con e-child\" data-id=\"3f0f594\" data-element_type=\"container\" data-e-type=\"container\">\n\t\t\t\t<div class=\"elementor-element elementor-element-a7a58a0 elementor-widget elementor-widget-heading\" data-id=\"a7a58a0\" data-element_type=\"widget\" data-e-type=\"widget\" data-widget_type=\"heading.default\">\n\t\t\t\t<div class=\"elementor-widget-container\">\n\t\t\t\t\t<h2 class=\"elementor-heading-title elementor-size-default\">Reserva tu primera clase.<\/h2>\t\t\t\t<\/div>\n\t\t\t\t<\/div>\n\t\t\t\t<\/div>\n\t\t<div class=\"elementor-element elementor-element-0532f33 e-con-full e-flex e-con e-child\" data-id=\"0532f33\" data-element_type=\"container\" data-e-type=\"container\">\n\t\t\t\t<div class=\"elementor-element elementor-element-503319e elementor-align-center elementor-widget elementor-widget-button\" data-id=\"503319e\" data-element_type=\"widget\" data-e-type=\"widget\" data-widget_type=\"button.default\">\n\t\t\t\t<div class=\"elementor-widget-container\">\n\t\t\t\t\t\t\t\t\t<div class=\"elementor-button-wrapper\">\n\t\t\t\t\t<a class=\"elementor-button elementor-button-link elementor-size-md\" href=\"https:\/\/gesthipapp.com\/bookCalendarGesthipObert?equestrian_center_id=294&#038;type=classe_prova_petita_escola_majors&#038;key=ed464994196f5b620ada57f731f0700ee17910e3_3a085d1bc5fa41313c4e0910e7341af761b0f7db\" target=\"_blank\" rel=\"noopener\">\n\t\t\t\t\t\t<span class=\"elementor-button-content-wrapper\">\n\t\t\t\t\t\t<span class=\"elementor-button-icon\">\n\t\t\t\t<i aria-hidden=\"true\" class=\"fas fa-plus-square\"><\/i>\t\t\t<\/span>\n\t\t\t\t\t\t\t\t\t<span class=\"elementor-button-text\">RESERVAR<\/span>\n\t\t\t\t\t<\/span>\n\t\t\t\t\t<\/a>\n\t\t\t\t<\/div>\n\t\t\t\t\t\t\t\t<\/div>\n\t\t\t\t<\/div>\n\t\t\t\t<\/div>\n\t\t\t\t\t<\/div>\n\t\t\t\t<\/div>\n\t\t<div class=\"elementor-element elementor-element-dc94394 e-flex e-con-boxed e-con e-parent\" data-id=\"dc94394\" data-element_type=\"container\" data-e-type=\"container\">\n\t\t\t\t\t<div class=\"e-con-inner\">\n\t\t\t\t<div class=\"elementor-element elementor-element-663eb05 elementor-widget elementor-widget-text-editor\" data-id=\"663eb05\" data-element_type=\"widget\" data-e-type=\"widget\" data-widget_type=\"text-editor.default\">\n\t\t\t\t<div class=\"elementor-widget-container\">\n\t\t\t\t\t\t\t\t\t<div class=\"wp-block-column is-layout-flow wp-block-column-is-layout-flow\">\n<h3 class=\"act_title\"><span style=\"color: var( --e-global-color-text ); font-family: var( --e-global-typography-text-font-family ), Sans-serif; text-align: var(--text-align);\"><b>FAQs<br><\/b><\/span><\/h3>\n<p>Preguntas frecuentes sobre la primera clase.<b><\/b><\/p>\n<div><span style=\"color: var( --e-global-color-text ); font-family: var( --e-global-typography-text-font-family ), Sans-serif; text-align: var(--text-align);\"><b>&nbsp;<\/b><\/span><\/div>\n<\/div>\t\t\t\t\t\t\t\t<\/div>\n\t\t\t\t<\/div>\n\t\t\t\t<div class=\"elementor-element elementor-element-3f583fe elementor-widget elementor-widget-toggle\" data-id=\"3f583fe\" data-element_type=\"widget\" data-e-type=\"widget\" data-widget_type=\"toggle.default\">\n\t\t\t\t<div class=\"elementor-widget-container\">\n\t\t\t\t\t\t\t<div class=\"elementor-toggle\">\n\t\t\t\t\t\t\t<div class=\"elementor-toggle-item\">\n\t\t\t\t\t<div id=\"elementor-tab-title-6641\" class=\"elementor-tab-title\" data-tab=\"1\" role=\"button\" aria-controls=\"elementor-tab-content-6641\" aria-expanded=\"false\">\n\t\t\t\t\t\t\t\t\t\t\t\t<span class=\"elementor-toggle-icon elementor-toggle-icon-left\" aria-hidden=\"true\">\n\t\t\t\t\t\t\t\t\t\t\t\t\t\t\t<span class=\"elementor-toggle-icon-closed\"><i class=\"fas fa-caret-right\"><\/i><\/span>\n\t\t\t\t\t\t\t\t<span class=\"elementor-toggle-icon-opened\"><i class=\"elementor-toggle-icon-opened fas fa-caret-up\"><\/i><\/span>\n\t\t\t\t\t\t\t\t\t\t\t\t\t<\/span>\n\t\t\t\t\t\t\t\t\t\t\t\t<a class=\"elementor-toggle-title\" tabindex=\"0\">\u00bfHay que haber montado antes?<\/a>\n\t\t\t\t\t<\/div>\n\n\t\t\t\t\t<div id=\"elementor-tab-content-6641\" class=\"elementor-tab-content elementor-clearfix\" data-tab=\"1\" role=\"region\" aria-labelledby=\"elementor-tab-title-6641\"><p><strong>\u00a1No necesariamente!<\/strong>  No se requiere experiencia previa con ponis\/caballos para participar en esta actividad.<\/p>\n<p>Es un primer contacto con el ponis para saber si a los ni\u00f1os\/as les gusta el mundo de la h\u00edpica.<\/p>\n<\/div>\n\t\t\t\t<\/div>\n\t\t\t\t\t\t\t<div class=\"elementor-toggle-item\">\n\t\t\t\t\t<div id=\"elementor-tab-title-6642\" class=\"elementor-tab-title\" data-tab=\"2\" role=\"button\" aria-controls=\"elementor-tab-content-6642\" aria-expanded=\"false\">\n\t\t\t\t\t\t\t\t\t\t\t\t<span class=\"elementor-toggle-icon elementor-toggle-icon-left\" aria-hidden=\"true\">\n\t\t\t\t\t\t\t\t\t\t\t\t\t\t\t<span class=\"elementor-toggle-icon-closed\"><i class=\"fas fa-caret-right\"><\/i><\/span>\n\t\t\t\t\t\t\t\t<span class=\"elementor-toggle-icon-opened\"><i class=\"elementor-toggle-icon-opened fas fa-caret-up\"><\/i><\/span>\n\t\t\t\t\t\t\t\t\t\t\t\t\t<\/span>\n\t\t\t\t\t\t\t\t\t\t\t\t<a class=\"elementor-toggle-title\" tabindex=\"0\">\u00bfExiste posibilidad de continuidad?<\/a>\n\t\t\t\t\t<\/div>\n\n\t\t\t\t\t<div id=\"elementor-tab-content-6642\" class=\"elementor-tab-content elementor-clearfix\" data-tab=\"2\" role=\"region\" aria-labelledby=\"elementor-tab-title-6642\"><p>Si la persona tiene ganas de seguir practicando la h\u00edpica, intentaremos buscar un grupo en el que encaje y pueda seguir con la pr\u00e1ctica de este deporte.<\/p>\n<\/div>\n\t\t\t\t<\/div>\n\t\t\t\t\t\t\t<div class=\"elementor-toggle-item\">\n\t\t\t\t\t<div id=\"elementor-tab-title-6643\" class=\"elementor-tab-title\" data-tab=\"3\" role=\"button\" aria-controls=\"elementor-tab-content-6643\" aria-expanded=\"false\">\n\t\t\t\t\t\t\t\t\t\t\t\t<span class=\"elementor-toggle-icon elementor-toggle-icon-left\" aria-hidden=\"true\">\n\t\t\t\t\t\t\t\t\t\t\t\t\t\t\t<span class=\"elementor-toggle-icon-closed\"><i class=\"fas fa-caret-right\"><\/i><\/span>\n\t\t\t\t\t\t\t\t<span class=\"elementor-toggle-icon-opened\"><i class=\"elementor-toggle-icon-opened fas fa-caret-up\"><\/i><\/span>\n\t\t\t\t\t\t\t\t\t\t\t\t\t<\/span>\n\t\t\t\t\t\t\t\t\t\t\t\t<a class=\"elementor-toggle-title\" tabindex=\"0\">\u00bfQu\u00e9 es el bautizo h\u00edpico?<\/a>\n\t\t\t\t\t<\/div>\n\n\t\t\t\t\t<div id=\"elementor-tab-content-6643\" class=\"elementor-tab-content elementor-clearfix\" data-tab=\"3\" role=\"region\" aria-labelledby=\"elementor-tab-title-6643\"><p>Es una experiencia educativa y divertida, dise\u00f1ada para que los ni\u00f1os\/as conozcan y familiaricen con los caballos y aprendan los conceptos b\u00e1sicos de la equitaci\u00f3n.<\/p>\n<p>Durante el bautizo h\u00edpico, tendr\u00e1n la oportunidad de montar a caballo, bajo la supervisi\u00f3n de un instructor calificado. Se les ense\u00f1ar\u00e1 c\u00f3mo subirse al caballo de forma segura, c\u00f3mo sujetar las riendas y las indicaciones b\u00e1sicas para dirigir al caballo.<\/p>\n<p>Adem\u00e1s de montar a caballo, podr\u00e1n aprender sobre el cuidado y alimentaci\u00f3n de los caballos, as\u00ed como sobre la importancia de la higiene y el mantenimiento de los establos.<\/p>\n<p>Este tipo de actividad es una excelente oportunidad para desarrollar habilidades motoras, aprender a trabajar en equipo y conectar con la naturaleza a trav\u00e9s de la interacci\u00f3n con los caballos.<\/p>\n<p>En resumen, un bautizo h\u00edpico es una experiencia educativa y divertida que permite iniciarse en el mundo de la equitaci\u00f3n y gozar de la compa\u00f1\u00eda de los caballos.<\/p>\n<\/div>\n\t\t\t\t<\/div>\n\t\t\t\t\t\t\t\t<\/div>\n\t\t\t\t\t\t<\/div>\n\t\t\t\t<\/div>\n\t\t\t\t\t<\/div>\n\t\t\t\t<\/div>\n\t\t\t\t<\/div>\n\t\t","protected":false},"excerpt":{"rendered":"<p>Bautizo H\u00edpico: para ni\u00f1os\/as a partir de 7 a\u00f1os y tambi\u00e9n para adultos Aproximadamente 1h30 de actividad Para ni\u00f1os a partir de 8 a\u00f1os Una buena manera de descubrir si le gusta la equitaci\u00f3n. Actividad reducida de m\u00e1ximo 5 ni\u00f1os Se aprender\u00e1 las normas de seguridad, preparaci\u00f3n y cuidado del pony\/caballo antes y despu\u00e9s de [&hellip;]<\/p>\n","protected":false},"author":1,"featured_media":4540,"parent":4693,"menu_order":0,"comment_status":"closed","ping_status":"closed","template":"","meta":{"_acf_changed":false,"footnotes":""},"class_list":["post-4680","page","type-page","status-publish","has-post-thumbnail","hentry"],"acf":[],"_links":{"self":[{"href":"https:\/\/poniclubcatalunya.cat\/es\/wp-json\/wp\/v2\/pages\/4680","targetHints":{"allow":["GET"]}}],"collection":[{"href":"https:\/\/poniclubcatalunya.cat\/es\/wp-json\/wp\/v2\/pages"}],"about":[{"href":"https:\/\/poniclubcatalunya.cat\/es\/wp-json\/wp\/v2\/types\/page"}],"author":[{"embeddable":true,"href":"https:\/\/poniclubcatalunya.cat\/es\/wp-json\/wp\/v2\/users\/1"}],"replies":[{"embeddable":true,"href":"https:\/\/poniclubcatalunya.cat\/es\/wp-json\/wp\/v2\/comments?post=4680"}],"version-history":[{"count":4,"href":"https:\/\/poniclubcatalunya.cat\/es\/wp-json\/wp\/v2\/pages\/4680\/revisions"}],"predecessor-version":[{"id":5465,"href":"https:\/\/poniclubcatalunya.cat\/es\/wp-json\/wp\/v2\/pages\/4680\/revisions\/5465"}],"up":[{"embeddable":true,"href":"https:\/\/poniclubcatalunya.cat\/es\/wp-json\/wp\/v2\/pages\/4693"}],"wp:featuredmedia":[{"embeddable":true,"href":"https:\/\/poniclubcatalunya.cat\/es\/wp-json\/wp\/v2\/media\/4540"}],"wp:attachment":[{"href":"https:\/\/poniclubcatalunya.cat\/es\/wp-json\/wp\/v2\/media?parent=4680"}],"curies":[{"name":"wp","href":"https:\/\/api.w.org\/{rel}","templated":true}]}}