{"id":4693,"date":"2023-11-19T09:38:00","date_gmt":"2023-11-19T09:38:00","guid":{"rendered":"https:\/\/lacuinade.timit2003.com\/poniclub\/escuela-de-equitacion\/"},"modified":"2024-04-08T10:21:59","modified_gmt":"2024-04-08T10:21:59","slug":"escuela-de-equitacion","status":"publish","type":"page","link":"https:\/\/poniclubcatalunya.cat\/es\/escuela-de-equitacion\/","title":{"rendered":"Escuela de Equitaci\u00f3n"},"content":{"rendered":"\t\t<div data-elementor-type=\"wp-page\" data-elementor-id=\"4693\" class=\"elementor elementor-4693 elementor-2632\" data-elementor-post-type=\"page\">\n\t\t\t\t<div class=\"elementor-element elementor-element-97ba331 e-flex e-con-boxed e-con e-parent\" data-id=\"97ba331\" data-element_type=\"container\" data-e-type=\"container\">\n\t\t\t\t\t<div class=\"e-con-inner\">\n\t\t\t\t<div class=\"elementor-element elementor-element-98dff86 elementor-widget elementor-widget-text-editor\" data-id=\"98dff86\" data-element_type=\"widget\" data-e-type=\"widget\" data-widget_type=\"text-editor.default\">\n\t\t\t\t<div class=\"elementor-widget-container\">\n\t\t\t\t\t\t\t\t\t<h2 class=\"act_title\"><strong>Clases de H\u00edpica y Escuela de Equitaci\u00f3n en Barcelona para ni\u00f1os a partir de 7 a\u00f1os y Adultos<\/strong><\/h2><p>En nuestra escuela de equitaci\u00f3n ofrecemos un programa completo de clases de h\u00edpica y actividades con caballos y ponis para ni\u00f1os y adultos a partir de los 7 a\u00f1os. Nos dedicamos a proporcionar una formaci\u00f3n de calidad en distintas disciplinas ecuestres, adaptadas a todos los niveles de habilidad y experiencia.<\/p><p>Contamos con una amplia selecci\u00f3n de m\u00e1s de 100 ponis y caballos adecuados para todos los niveles.<\/p>\t\t\t\t\t\t\t\t<\/div>\n\t\t\t\t<\/div>\n\t\t\t\t\t<\/div>\n\t\t\t\t<\/div>\n\t\t<div class=\"elementor-element elementor-element-87b3cf9 e-flex e-con-boxed e-con e-parent\" data-id=\"87b3cf9\" data-element_type=\"container\" data-e-type=\"container\" data-settings=\"{&quot;background_background&quot;:&quot;classic&quot;}\">\n\t\t\t\t\t<div class=\"e-con-inner\">\n\t\t<div class=\"elementor-element elementor-element-6dc9feb e-con-full e-flex e-con e-child\" data-id=\"6dc9feb\" data-element_type=\"container\" data-e-type=\"container\">\n\t\t<a class=\"elementor-element elementor-element-8755c97 e-flex e-con-boxed e-con e-child\" data-id=\"8755c97\" data-element_type=\"container\" data-e-type=\"container\" href=\"https:\/\/gesthipapp.com\/bookCalendarGesthipObert?equestrian_center_id=294&#038;type=classe_prova_petita_escola_majors&#038;key=ed464994196f5b620ada57f731f0700ee17910e3_3a085d1bc5fa41313c4e0910e7341af761b0f7db\" target=\"_blank\" rel=\"noopener\">\n\t\t\t\t\t<div class=\"e-con-inner\">\n\t\t<div class=\"elementor-element elementor-element-a5aab84 e-flex e-con-boxed e-con e-child\" data-id=\"a5aab84\" data-element_type=\"container\" data-e-type=\"container\">\n\t\t\t\t\t<div class=\"e-con-inner\">\n\t\t\t\t<div class=\"elementor-element elementor-element-15c2152 elementor-position-inline-start elementor-view-default elementor-mobile-position-block-start elementor-widget elementor-widget-icon-box\" data-id=\"15c2152\" data-element_type=\"widget\" data-e-type=\"widget\" data-widget_type=\"icon-box.default\">\n\t\t\t\t<div class=\"elementor-widget-container\">\n\t\t\t\t\t\t\t<div class=\"elementor-icon-box-wrapper\">\n\n\t\t\t\t\t\t<div class=\"elementor-icon-box-icon\">\n\t\t\t\t<span  class=\"elementor-icon\">\n\t\t\t\t<i aria-hidden=\"true\" class=\"far fa-grin\"><\/i>\t\t\t\t<\/span>\n\t\t\t<\/div>\n\t\t\t\n\t\t\t\t\t\t<div class=\"elementor-icon-box-content\">\n\n\t\t\t\t\t\t\t\t\t<h3 class=\"elementor-icon-box-title\">\n\t\t\t\t\t\t<span  >\n\t\t\t\t\t\t\tPrimera clase\t\t\t\t\t\t<\/span>\n\t\t\t\t\t<\/h3>\n\t\t\t\t\n\t\t\t\t\t\t\t\t\t<p class=\"elementor-icon-box-description\">\n\t\t\t\t\t\tBautizo H\u00edpico: para ni\u00f1os\/as a partir de 7 a\u00f1os y tambi\u00e9n para adultos\n\t\t\t\t\t<\/p>\n\t\t\t\t\n\t\t\t<\/div>\n\t\t\t\n\t\t<\/div>\n\t\t\t\t\t\t<\/div>\n\t\t\t\t<\/div>\n\t\t\t\t\t<\/div>\n\t\t\t\t<\/div>\n\t\t\t\t\t<\/div>\n\t\t\t\t<\/a>\n\t\t\t\t<\/div>\n\t\t<div class=\"elementor-element elementor-element-728ccd3 e-con-full e-flex e-con e-child\" data-id=\"728ccd3\" data-element_type=\"container\" data-e-type=\"container\">\n\t\t<a class=\"elementor-element elementor-element-73d353e e-flex e-con-boxed e-con e-child\" data-id=\"73d353e\" data-element_type=\"container\" data-e-type=\"container\" href=\"https:\/\/poniclubcatalunya.cat\/es\/escuela-de-equitacion\/casales-7-anos\/\">\n\t\t\t\t\t<div class=\"e-con-inner\">\n\t\t<div class=\"elementor-element elementor-element-127cd92 e-flex e-con-boxed e-con e-child\" data-id=\"127cd92\" data-element_type=\"container\" data-e-type=\"container\">\n\t\t\t\t\t<div class=\"e-con-inner\">\n\t\t\t\t<div class=\"elementor-element elementor-element-48ddf4d elementor-position-inline-start elementor-view-default elementor-mobile-position-block-start elementor-widget elementor-widget-icon-box\" data-id=\"48ddf4d\" data-element_type=\"widget\" data-e-type=\"widget\" data-widget_type=\"icon-box.default\">\n\t\t\t\t<div class=\"elementor-widget-container\">\n\t\t\t\t\t\t\t<div class=\"elementor-icon-box-wrapper\">\n\n\t\t\t\t\t\t<div class=\"elementor-icon-box-icon\">\n\t\t\t\t<span  class=\"elementor-icon\">\n\t\t\t\t<i aria-hidden=\"true\" class=\"fas fa-user-friends\"><\/i>\t\t\t\t<\/span>\n\t\t\t<\/div>\n\t\t\t\n\t\t\t\t\t\t<div class=\"elementor-icon-box-content\">\n\n\t\t\t\t\t\t\t\t\t<h3 class=\"elementor-icon-box-title\">\n\t\t\t\t\t\t<span  >\n\t\t\t\t\t\t\tCasales + 7 a\u00f1os\t\t\t\t\t\t<\/span>\n\t\t\t\t\t<\/h3>\n\t\t\t\t\n\t\t\t\t\t\t\t\t\t<p class=\"elementor-icon-box-description\">\n\t\t\t\t\t\tDirigido a ni\u00f1os\/as a partir de los 7 a\u00f1os.\nDurante los per\u00edodos de vacaciones escolares (Verano, Semana Santa y Navidad).\t\t\t\t\t<\/p>\n\t\t\t\t\n\t\t\t<\/div>\n\t\t\t\n\t\t<\/div>\n\t\t\t\t\t\t<\/div>\n\t\t\t\t<\/div>\n\t\t\t\t\t<\/div>\n\t\t\t\t<\/div>\n\t\t\t\t\t<\/div>\n\t\t\t\t<\/a>\n\t\t\t\t<\/div>\n\t\t<div class=\"elementor-element elementor-element-aa689b6 e-con-full e-flex e-con e-child\" data-id=\"aa689b6\" data-element_type=\"container\" data-e-type=\"container\">\n\t\t<a class=\"elementor-element elementor-element-a25ddc0 e-flex e-con-boxed e-con e-child\" data-id=\"a25ddc0\" data-element_type=\"container\" data-e-type=\"container\" href=\"https:\/\/poniclubcatalunya.cat\/es\/escuela-de-equitacion\/clases\/\">\n\t\t\t\t\t<div class=\"e-con-inner\">\n\t\t<div class=\"elementor-element elementor-element-3736c10 e-flex e-con-boxed e-con e-child\" data-id=\"3736c10\" data-element_type=\"container\" data-e-type=\"container\">\n\t\t\t\t\t<div class=\"e-con-inner\">\n\t\t\t\t<div class=\"elementor-element elementor-element-9df2fd7 elementor-position-inline-start elementor-view-default elementor-mobile-position-block-start elementor-widget elementor-widget-icon-box\" data-id=\"9df2fd7\" data-element_type=\"widget\" data-e-type=\"widget\" data-widget_type=\"icon-box.default\">\n\t\t\t\t<div class=\"elementor-widget-container\">\n\t\t\t\t\t\t\t<div class=\"elementor-icon-box-wrapper\">\n\n\t\t\t\t\t\t<div class=\"elementor-icon-box-icon\">\n\t\t\t\t<span  class=\"elementor-icon\">\n\t\t\t\t<i aria-hidden=\"true\" class=\"fas fa-horse-head\"><\/i>\t\t\t\t<\/span>\n\t\t\t<\/div>\n\t\t\t\n\t\t\t\t\t\t<div class=\"elementor-icon-box-content\">\n\n\t\t\t\t\t\t\t\t\t<h3 class=\"elementor-icon-box-title\">\n\t\t\t\t\t\t<span  >\n\t\t\t\t\t\t\tClases a partir de 7 a\u00f1os y Adultos\t\t\t\t\t\t<\/span>\n\t\t\t\t\t<\/h3>\n\t\t\t\t\n\t\t\t\t\t\t\t\t\t<p class=\"elementor-icon-box-description\">\n\t\t\t\t\t\tClases semanales particulares y en grupo de lunes a domingo.\n\nGrupos por edad y nivel de los alumnos.\n\n\t\t\t\t\t<\/p>\n\t\t\t\t\n\t\t\t<\/div>\n\t\t\t\n\t\t<\/div>\n\t\t\t\t\t\t<\/div>\n\t\t\t\t<\/div>\n\t\t\t\t\t<\/div>\n\t\t\t\t<\/div>\n\t\t\t\t\t<\/div>\n\t\t\t\t<\/a>\n\t\t\t\t<\/div>\n\t\t<div class=\"elementor-element elementor-element-3ff687c e-con-full e-flex e-con e-child\" data-id=\"3ff687c\" data-element_type=\"container\" data-e-type=\"container\">\n\t\t<a class=\"elementor-element elementor-element-aeb4d1e e-flex e-con-boxed e-con e-child\" data-id=\"aeb4d1e\" data-element_type=\"container\" data-e-type=\"container\" href=\"https:\/\/poniclubcatalunya.cat\/es\/escuela-de-equitacion\/actividades\/galopes\/\">\n\t\t\t\t\t<div class=\"e-con-inner\">\n\t\t<div class=\"elementor-element elementor-element-8aeed8f e-flex e-con-boxed e-con e-child\" data-id=\"8aeed8f\" data-element_type=\"container\" data-e-type=\"container\">\n\t\t\t\t\t<div class=\"e-con-inner\">\n\t\t\t\t<div class=\"elementor-element elementor-element-b6d4796 elementor-position-inline-start elementor-view-default elementor-mobile-position-block-start elementor-widget elementor-widget-icon-box\" data-id=\"b6d4796\" data-element_type=\"widget\" data-e-type=\"widget\" data-widget_type=\"icon-box.default\">\n\t\t\t\t<div class=\"elementor-widget-container\">\n\t\t\t\t\t\t\t<div class=\"elementor-icon-box-wrapper\">\n\n\t\t\t\t\t\t<div class=\"elementor-icon-box-icon\">\n\t\t\t\t<span  class=\"elementor-icon\">\n\t\t\t\t<i aria-hidden=\"true\" class=\"fas fa-trophy\"><\/i>\t\t\t\t<\/span>\n\t\t\t<\/div>\n\t\t\t\n\t\t\t\t\t\t<div class=\"elementor-icon-box-content\">\n\n\t\t\t\t\t\t\t\t\t<h3 class=\"elementor-icon-box-title\">\n\t\t\t\t\t\t<span  >\n\t\t\t\t\t\t\tCompeticiones y Galopes\t\t\t\t\t\t<\/span>\n\t\t\t\t\t<\/h3>\n\t\t\t\t\n\t\t\t\t\t\t\t\t\t<p class=\"elementor-icon-box-description\">\n\t\t\t\t\t\tOfrecemos participar en Competiciones y Galopes a nuestros alumnos\t\t\t\t\t<\/p>\n\t\t\t\t\n\t\t\t<\/div>\n\t\t\t\n\t\t<\/div>\n\t\t\t\t\t\t<\/div>\n\t\t\t\t<\/div>\n\t\t\t\t\t<\/div>\n\t\t\t\t<\/div>\n\t\t\t\t\t<\/div>\n\t\t\t\t<\/a>\n\t\t\t\t<\/div>\n\t\t\t\t\t<\/div>\n\t\t\t\t<\/div>\n\t\t<div class=\"elementor-element elementor-element-5b385919 e-flex e-con-boxed e-con e-parent\" data-id=\"5b385919\" data-element_type=\"container\" data-e-type=\"container\">\n\t\t\t\t\t<div class=\"e-con-inner\">\n\t\t<div class=\"elementor-element elementor-element-12422059 e-con-full e-flex e-con e-child\" data-id=\"12422059\" data-element_type=\"container\" data-e-type=\"container\">\n\t\t\t\t<div class=\"elementor-element elementor-element-2fbfe475 elementor-widget elementor-widget-text-editor\" data-id=\"2fbfe475\" data-element_type=\"widget\" data-e-type=\"widget\" data-widget_type=\"text-editor.default\">\n\t\t\t\t<div class=\"elementor-widget-container\">\n\t\t\t\t\t\t\t\t\t<div class=\"wp-block-column is-layout-flow wp-block-column-is-layout-flow\">\n<div class=\"flex-1 overflow-hidden\">\n<div class=\"react-scroll-to-bottom--css-gslim-79elbk h-full\">\n<div class=\"react-scroll-to-bottom--css-gslim-1n7m0yu\">\n<div class=\"flex flex-col pb-9 text-sm\">\n<div class=\"w-full text-token-text-primary\" data-testid=\"conversation-turn-17\">\n<div class=\"px-4 py-2 justify-center text-base md:gap-6 m-auto\">\n<div class=\"flex flex-1 text-base mx-auto gap-3 md:px-5 lg:px-1 xl:px-5 md:max-w-3xl lg:max-w-[40rem] xl:max-w-[48rem] group final-completion\">\n<div class=\"relative flex w-full flex-col lg:w-[calc(100%-115px)] agent-turn\">\n<div class=\"flex-col gap-1 md:gap-3\">\n<div class=\"flex flex-grow flex-col max-w-full\">\n<div class=\"min-h-[20px] text-message flex flex-col items-start gap-3 whitespace-pre-wrap break-words [.text-message+&amp;]:mt-5 overflow-x-auto\" data-message-author-role=\"assistant\" data-message-id=\"534c147c-5120-400d-989e-0ec2ac9d5724\">\n<div class=\"markdown prose w-full break-words dark:prose-invert light\">\n<p><strong>Servicios y Disciplinas:<\/strong><\/p>\n<ol>\n<li>\n<p><strong>Primera Clase &#8211; Bautizo H\u00edpico:<\/strong><\/p>\n<ul>\n<li>Perfecta para principiantes de todas las edades, esta clase introductoria de 1h30 es ideal para descubrir la afinidad con la equitaci\u00f3n.<\/li>\n<li>Enfocada en peque\u00f1os grupos para garantizar una atenci\u00f3n personalizada.<\/li>\n<\/ul>\n<\/li>\n<li>\n<p><strong>Clases Regulares en Varias Disciplinas:<\/strong><\/p>\n<ul>\n<li>Ofertas en equitaci\u00f3n b\u00e1sica, salto de obst\u00e1culos, doma cl\u00e1sica y paseos en campo abierto.<\/li>\n<li>Clases adaptadas seg\u00fan la edad y el nivel de habilidad de los alumnos.<\/li>\n<\/ul>\n<\/li>\n<li>\n<p><strong>Casales de Equitaci\u00f3n para Ni\u00f1os +7 a\u00f1os:<\/strong><\/p>\n<ul>\n<li>Programas intensivos en vacaciones escolares para un aprendizaje inmersivo.<\/li>\n<li>Una oportunidad perfecta para ni\u00f1os para explorar la equitaci\u00f3n en un entorno divertido y seguro.<\/li>\n<\/ul>\n<\/li>\n<li>\n<p><strong>Preparaci\u00f3n para Ex\u00e1menes de Galopes y Competiciones:<\/strong><\/p>\n<ul>\n<li>Ofrecemos formaci\u00f3n espec\u00edfica para los alumnos interesados \u200b\u200ben obtener certificaciones de galopes o participar en competiciones.<\/li>\n<li>Incluimos cl\u00ednicos y sesiones especializadas para aquellos que desean perfeccionar sus habilidades competitivas.\n<\/li>\n<\/ul>\n<\/li>\n<\/ol>\n<p><strong>Infraestructura y Recursos:<\/strong><\/p>\n<ul>\n<li>Contamos con una amplia selecci\u00f3n de 40 ponis y 15 caballos, adecuados para todos los niveles.<\/li>\n<li>Nuestras instalaciones est\u00e1n preparadas para proporcionarle la mejor experiencia de aprendizaje.\n<\/li>\n<\/ul>\n<p><strong>Equipo Docente Calificado:<\/strong><\/p>\n<ul>\n<li>Nuestros profesores, titulados por la FCH y la RFHE, est\u00e1n dedicados a ofrecer una educaci\u00f3n de calidad.<\/li>\n<li>Nos enfocamos en el desarrollo personalizado de cada alumno.\n<\/li>\n<\/ul>\n<p><strong>Inscripciones y Contacto:<\/strong><\/p>\n<ul>\n<li>Si est\u00e1s interesado en unirte a nuestras clases o quieres m\u00e1s informaci\u00f3n, contacta con nosotros.<\/li>\n<li>Te ofrecemos todo lo necesario para empezar o continuar tu camino en el mundo de la h\u00edpica.<\/li>\n<\/ul>\n<p>Nuestra escuela es un sitio donde la pasi\u00f3n por la equitaci\u00f3n se convierte en una realidad. Ofrecemos un entorno en el que cada alumno puede crecer, aprender y disfrutar de la experiencia de montar a caballo. Ya seas un principiante o un jinete con experiencia, aqu\u00ed encontrar\u00e1s un sitio para desarrollar tu pasi\u00f3n.  <\/p>\n<\/div>\n<\/div>\n<\/div>\n<\/div>\n<\/div>\n<\/div>\n<\/div>\n<\/div>\n<\/div>\n<\/div>\n<\/div>\n<\/div>\n<\/div>\n\t\t\t\t\t\t\t\t<\/div>\n\t\t\t\t<\/div>\n\t\t\t\t<div class=\"elementor-element elementor-element-454fb273 elementor-widget elementor-widget-button\" data-id=\"454fb273\" data-element_type=\"widget\" data-e-type=\"widget\" data-widget_type=\"button.default\">\n\t\t\t\t<div class=\"elementor-widget-container\">\n\t\t\t\t\t\t\t\t\t<div class=\"elementor-button-wrapper\">\n\t\t\t\t\t<a class=\"elementor-button elementor-button-link elementor-size-sm\" href=\"https:\/\/poniclubcatalunya.cat\/es\/contacto\/\">\n\t\t\t\t\t\t<span class=\"elementor-button-content-wrapper\">\n\t\t\t\t\t\t<span class=\"elementor-button-icon\">\n\t\t\t\t<i aria-hidden=\"true\" class=\"fas fa-plus-square\"><\/i>\t\t\t<\/span>\n\t\t\t\t\t\t\t\t\t<span class=\"elementor-button-text\">Contacta con nosotros<\/span>\n\t\t\t\t\t<\/span>\n\t\t\t\t\t<\/a>\n\t\t\t\t<\/div>\n\t\t\t\t\t\t\t\t<\/div>\n\t\t\t\t<\/div>\n\t\t\t\t<\/div>\n\t\t<div class=\"elementor-element elementor-element-49929a2f e-con-full e-flex e-con e-child\" data-id=\"49929a2f\" data-element_type=\"container\" data-e-type=\"container\">\n\t\t\t\t<div class=\"elementor-element elementor-element-47b00cce elementor-widget elementor-widget-image\" data-id=\"47b00cce\" data-element_type=\"widget\" data-e-type=\"widget\" data-widget_type=\"image.default\">\n\t\t\t\t<div class=\"elementor-widget-container\">\n\t\t\t\t\t\t\t\t\t\t\t\t\t\t\t<img fetchpriority=\"high\" decoding=\"async\" width=\"800\" height=\"534\" src=\"https:\/\/poniclubcatalunya.cat\/wp-content\/uploads\/2023\/12\/IMG_2399-1024x683.jpg\" class=\"attachment-large size-large wp-image-3007\" alt=\"\" srcset=\"https:\/\/poniclubcatalunya.cat\/wp-content\/uploads\/2023\/12\/IMG_2399-1024x683.jpg 1024w, https:\/\/poniclubcatalunya.cat\/wp-content\/uploads\/2023\/12\/IMG_2399-300x200.jpg 300w, https:\/\/poniclubcatalunya.cat\/wp-content\/uploads\/2023\/12\/IMG_2399-768x512.jpg 768w, https:\/\/poniclubcatalunya.cat\/wp-content\/uploads\/2023\/12\/IMG_2399.jpg 1500w\" sizes=\"(max-width: 800px) 100vw, 800px\" \/>\t\t\t\t\t\t\t\t\t\t\t\t\t\t\t<\/div>\n\t\t\t\t<\/div>\n\t\t\t\t<\/div>\n\t\t\t\t\t<\/div>\n\t\t\t\t<\/div>\n\t\t<div class=\"elementor-element elementor-element-56081f6a e-flex e-con-boxed e-con e-parent\" data-id=\"56081f6a\" data-element_type=\"container\" data-e-type=\"container\" data-settings=\"{&quot;background_background&quot;:&quot;classic&quot;}\">\n\t\t\t\t\t<div class=\"e-con-inner\">\n\t\t<div class=\"elementor-element elementor-element-33e9d6 e-con-full e-flex e-con e-child\" data-id=\"33e9d6\" data-element_type=\"container\" data-e-type=\"container\">\n\t\t\t\t<div class=\"elementor-element elementor-element-6e08c34e elementor-widget elementor-widget-heading\" data-id=\"6e08c34e\" data-element_type=\"widget\" data-e-type=\"widget\" data-widget_type=\"heading.default\">\n\t\t\t\t<div class=\"elementor-widget-container\">\n\t\t\t\t\t<h2 class=\"elementor-heading-title elementor-size-default\">\u00bfQUIERES M\u00c1S INFORMACI\u00d3N?<\/h2>\t\t\t\t<\/div>\n\t\t\t\t<\/div>\n\t\t\t\t<\/div>\n\t\t<div class=\"elementor-element elementor-element-7549b7c e-con-full e-flex e-con e-child\" data-id=\"7549b7c\" data-element_type=\"container\" data-e-type=\"container\">\n\t\t\t\t<div class=\"elementor-element elementor-element-2d5aef88 elementor-align-center elementor-widget elementor-widget-button\" data-id=\"2d5aef88\" data-element_type=\"widget\" data-e-type=\"widget\" data-widget_type=\"button.default\">\n\t\t\t\t<div class=\"elementor-widget-container\">\n\t\t\t\t\t\t\t\t\t<div class=\"elementor-button-wrapper\">\n\t\t\t\t\t<a class=\"elementor-button elementor-button-link elementor-size-md\" href=\"https:\/\/poniclubcatalunya.cat\/es\/contacto\/\">\n\t\t\t\t\t\t<span class=\"elementor-button-content-wrapper\">\n\t\t\t\t\t\t<span class=\"elementor-button-icon\">\n\t\t\t\t<i aria-hidden=\"true\" class=\"fas fa-plus-square\"><\/i>\t\t\t<\/span>\n\t\t\t\t\t\t\t\t\t<span class=\"elementor-button-text\">+ INFO<\/span>\n\t\t\t\t\t<\/span>\n\t\t\t\t\t<\/a>\n\t\t\t\t<\/div>\n\t\t\t\t\t\t\t\t<\/div>\n\t\t\t\t<\/div>\n\t\t\t\t<\/div>\n\t\t\t\t\t<\/div>\n\t\t\t\t<\/div>\n\t\t\t\t<\/div>\n\t\t","protected":false},"excerpt":{"rendered":"<p>Clases de H\u00edpica y Escuela de Equitaci\u00f3n en Barcelona para ni\u00f1os a partir de 7 a\u00f1os y Adultos En nuestra escuela de equitaci\u00f3n ofrecemos un programa completo de clases de h\u00edpica y actividades con caballos y ponis para ni\u00f1os y adultos a partir de los 7 a\u00f1os. Nos dedicamos a proporcionar una formaci\u00f3n de calidad [&hellip;]<\/p>\n","protected":false},"author":1,"featured_media":4552,"parent":0,"menu_order":0,"comment_status":"closed","ping_status":"closed","template":"","meta":{"_acf_changed":false,"footnotes":""},"class_list":["post-4693","page","type-page","status-publish","has-post-thumbnail","hentry"],"acf":[],"_links":{"self":[{"href":"https:\/\/poniclubcatalunya.cat\/es\/wp-json\/wp\/v2\/pages\/4693","targetHints":{"allow":["GET"]}}],"collection":[{"href":"https:\/\/poniclubcatalunya.cat\/es\/wp-json\/wp\/v2\/pages"}],"about":[{"href":"https:\/\/poniclubcatalunya.cat\/es\/wp-json\/wp\/v2\/types\/page"}],"author":[{"embeddable":true,"href":"https:\/\/poniclubcatalunya.cat\/es\/wp-json\/wp\/v2\/users\/1"}],"replies":[{"embeddable":true,"href":"https:\/\/poniclubcatalunya.cat\/es\/wp-json\/wp\/v2\/comments?post=4693"}],"version-history":[{"count":9,"href":"https:\/\/poniclubcatalunya.cat\/es\/wp-json\/wp\/v2\/pages\/4693\/revisions"}],"predecessor-version":[{"id":5481,"href":"https:\/\/poniclubcatalunya.cat\/es\/wp-json\/wp\/v2\/pages\/4693\/revisions\/5481"}],"wp:featuredmedia":[{"embeddable":true,"href":"https:\/\/poniclubcatalunya.cat\/es\/wp-json\/wp\/v2\/media\/4552"}],"wp:attachment":[{"href":"https:\/\/poniclubcatalunya.cat\/es\/wp-json\/wp\/v2\/media?parent=4693"}],"curies":[{"name":"wp","href":"https:\/\/api.w.org\/{rel}","templated":true}]}}