{"id":4720,"date":"2023-11-19T09:42:01","date_gmt":"2023-11-19T09:42:01","guid":{"rendered":"https:\/\/lacuinade.timit2003.com\/poniclub\/clases\/"},"modified":"2024-01-12T15:21:32","modified_gmt":"2024-01-12T15:21:32","slug":"clases","status":"publish","type":"page","link":"https:\/\/poniclubcatalunya.cat\/es\/pequena-escuela\/clases\/","title":{"rendered":"Clases"},"content":{"rendered":"\t\t<div data-elementor-type=\"wp-page\" data-elementor-id=\"4720\" class=\"elementor elementor-4720 elementor-2655\" data-elementor-post-type=\"page\">\n\t\t\t\t<div class=\"elementor-element elementor-element-2d37ef21 e-flex e-con-boxed e-con e-parent\" data-id=\"2d37ef21\" data-element_type=\"container\" data-e-type=\"container\">\n\t\t\t\t\t<div class=\"e-con-inner\">\n\t\t<div class=\"elementor-element elementor-element-1ffe3e17 e-con-full e-flex e-con e-child\" data-id=\"1ffe3e17\" data-element_type=\"container\" data-e-type=\"container\">\n\t\t\t\t<div class=\"elementor-element elementor-element-1e5f417f elementor-widget elementor-widget-text-editor\" data-id=\"1e5f417f\" data-element_type=\"widget\" data-e-type=\"widget\" data-widget_type=\"text-editor.default\">\n\t\t\t\t<div class=\"elementor-widget-container\">\n\t\t\t\t\t\t\t\t\t<div class=\"wp-block-column is-layout-flow wp-block-column-is-layout-flow\">\n<h3 class=\"act_title\"><strong>Para ni\u00f1os y ni\u00f1as de 3 a 7 a\u00f1os<\/strong><\/h3>\n<p class=\"has-normal-font-size text_justify\">En la entrada del Poni Club, en una zona apartada de la Escuela de Equitaci\u00f3n, encontramos la <strong>Peque\u00f1a Escuela<\/strong> , con sus propias pistas, guardaarneses y paddoks donde los alumnos m\u00e1s peque\u00f1os est\u00e1n tranquilos y seguros.<\/p>\n<p class=\"has-normal-font-size\">Un espacio creado a la medida para ni\u00f1os y ni\u00f1as de <strong>3 a 7 a\u00f1os.<\/strong><\/p>\n<h3>Clases durante el curso escolar<\/h3>\n<p>Con ni\u00f1os de estas edades se trabaja la confianza, el respeto a los animales y las normas, el equilibrio y los principios b\u00e1sicos de una buena equitaci\u00f3n mediante juegos y ejercicios adecuados.<\/p>\n<ul class=\"normal_list normal_list2\">\n<li>M\u00e1ximo 6 alumnos por clase<\/li>\n<li>Clases de martes a domingo<\/li>\n<li>Cuota trimestrales (1 hora semanal)<\/li>\n<li>Grupos reducidos seg\u00fan edad y nivel.<\/li>\n<\/ul>\n<\/div>\n\t\t\t\t\t\t\t\t<\/div>\n\t\t\t\t<\/div>\n\t\t\t\t<div class=\"elementor-element elementor-element-2868a8cb elementor-widget elementor-widget-button\" data-id=\"2868a8cb\" data-element_type=\"widget\" data-e-type=\"widget\" data-widget_type=\"button.default\">\n\t\t\t\t<div class=\"elementor-widget-container\">\n\t\t\t\t\t\t\t\t\t<div class=\"elementor-button-wrapper\">\n\t\t\t\t\t<a class=\"elementor-button elementor-button-link elementor-size-sm\" href=\"https:\/\/poniclubcatalunya.cat\/es\/contacto\/\">\n\t\t\t\t\t\t<span class=\"elementor-button-content-wrapper\">\n\t\t\t\t\t\t<span class=\"elementor-button-icon\">\n\t\t\t\t<i aria-hidden=\"true\" class=\"fas fa-plus-square\"><\/i>\t\t\t<\/span>\n\t\t\t\t\t\t\t\t\t<span class=\"elementor-button-text\">Contacta con nosotros<\/span>\n\t\t\t\t\t<\/span>\n\t\t\t\t\t<\/a>\n\t\t\t\t<\/div>\n\t\t\t\t\t\t\t\t<\/div>\n\t\t\t\t<\/div>\n\t\t\t\t<\/div>\n\t\t<div class=\"elementor-element elementor-element-2fefc055 e-con-full e-flex e-con e-child\" data-id=\"2fefc055\" data-element_type=\"container\" data-e-type=\"container\">\n\t\t\t\t<div class=\"elementor-element elementor-element-3db867c5 elementor-widget elementor-widget-image\" data-id=\"3db867c5\" data-element_type=\"widget\" data-e-type=\"widget\" data-widget_type=\"image.default\">\n\t\t\t\t<div class=\"elementor-widget-container\">\n\t\t\t\t\t\t\t\t\t\t\t\t\t\t\t<img fetchpriority=\"high\" decoding=\"async\" width=\"800\" height=\"755\" src=\"https:\/\/poniclubcatalunya.cat\/wp-content\/uploads\/2023\/11\/Classes-1024x966.jpg\" class=\"attachment-large size-large wp-image-2947\" alt=\"\" srcset=\"https:\/\/poniclubcatalunya.cat\/wp-content\/uploads\/2023\/11\/Classes-1024x966.jpg 1024w, https:\/\/poniclubcatalunya.cat\/wp-content\/uploads\/2023\/11\/Classes-300x283.jpg 300w, https:\/\/poniclubcatalunya.cat\/wp-content\/uploads\/2023\/11\/Classes-768x724.jpg 768w, https:\/\/poniclubcatalunya.cat\/wp-content\/uploads\/2023\/11\/Classes-1536x1448.jpg 1536w, https:\/\/poniclubcatalunya.cat\/wp-content\/uploads\/2023\/11\/Classes.jpg 1788w\" sizes=\"(max-width: 800px) 100vw, 800px\" \/>\t\t\t\t\t\t\t\t\t\t\t\t\t\t\t<\/div>\n\t\t\t\t<\/div>\n\t\t\t\t<\/div>\n\t\t\t\t\t<\/div>\n\t\t\t\t<\/div>\n\t\t<div class=\"elementor-element elementor-element-26edc614 e-flex e-con-boxed e-con e-parent\" data-id=\"26edc614\" data-element_type=\"container\" data-e-type=\"container\" data-settings=\"{&quot;background_background&quot;:&quot;classic&quot;}\">\n\t\t\t\t\t<div class=\"e-con-inner\">\n\t\t<div class=\"elementor-element elementor-element-59660a62 e-con-full e-flex e-con e-child\" data-id=\"59660a62\" data-element_type=\"container\" data-e-type=\"container\">\n\t\t\t\t<div class=\"elementor-element elementor-element-1c3a49e elementor-widget elementor-widget-heading\" data-id=\"1c3a49e\" data-element_type=\"widget\" data-e-type=\"widget\" data-widget_type=\"heading.default\">\n\t\t\t\t<div class=\"elementor-widget-container\">\n\t\t\t\t\t<h2 class=\"elementor-heading-title elementor-size-default\">Pide m\u00e1s informaci\u00f3n<\/h2>\t\t\t\t<\/div>\n\t\t\t\t<\/div>\n\t\t\t\t<\/div>\n\t\t<div class=\"elementor-element elementor-element-6b24a268 e-con-full e-flex e-con e-child\" data-id=\"6b24a268\" data-element_type=\"container\" data-e-type=\"container\">\n\t\t\t\t<div class=\"elementor-element elementor-element-707bd26e elementor-align-center elementor-widget elementor-widget-button\" data-id=\"707bd26e\" data-element_type=\"widget\" data-e-type=\"widget\" data-widget_type=\"button.default\">\n\t\t\t\t<div class=\"elementor-widget-container\">\n\t\t\t\t\t\t\t\t\t<div class=\"elementor-button-wrapper\">\n\t\t\t\t\t<a class=\"elementor-button elementor-button-link elementor-size-md\" href=\"https:\/\/poniclubcatalunya.cat\/es\/contacto\/\">\n\t\t\t\t\t\t<span class=\"elementor-button-content-wrapper\">\n\t\t\t\t\t\t<span class=\"elementor-button-icon\">\n\t\t\t\t<i aria-hidden=\"true\" class=\"fas fa-plus-square\"><\/i>\t\t\t<\/span>\n\t\t\t\t\t\t\t\t\t<span class=\"elementor-button-text\">RESERVAR<\/span>\n\t\t\t\t\t<\/span>\n\t\t\t\t\t<\/a>\n\t\t\t\t<\/div>\n\t\t\t\t\t\t\t\t<\/div>\n\t\t\t\t<\/div>\n\t\t\t\t<\/div>\n\t\t\t\t\t<\/div>\n\t\t\t\t<\/div>\n\t\t<div class=\"elementor-element elementor-element-c266194 e-flex e-con-boxed e-con e-parent\" data-id=\"c266194\" data-element_type=\"container\" data-e-type=\"container\">\n\t\t\t\t\t<div class=\"e-con-inner\">\n\t\t\t\t<div class=\"elementor-element elementor-element-69ad32cd elementor-widget elementor-widget-text-editor\" data-id=\"69ad32cd\" data-element_type=\"widget\" data-e-type=\"widget\" data-widget_type=\"text-editor.default\">\n\t\t\t\t<div class=\"elementor-widget-container\">\n\t\t\t\t\t\t\t\t\t<div class=\"wp-block-column is-layout-flow wp-block-column-is-layout-flow\">\n<h3 class=\"act_title\"><span style=\"color: var( --e-global-color-text ); font-family: var( --e-global-typography-text-font-family ), Sans-serif; text-align: var(--text-align);\"><b>FAQs<br \/><\/b><\/span><\/h3>\n<p>Preguntas frecuentes sobre las clases en la Peque\u00f1a Escuela.<b><\/b><\/p>\n<div><span style=\"color: var( --e-global-color-text ); font-family: var( --e-global-typography-text-font-family ), Sans-serif; text-align: var(--text-align);\"><b> <\/b><\/span><\/div>\n<\/div>\n\t\t\t\t\t\t\t\t<\/div>\n\t\t\t\t<\/div>\n\t\t\t\t<div class=\"elementor-element elementor-element-1959311d elementor-widget elementor-widget-toggle\" data-id=\"1959311d\" data-element_type=\"widget\" data-e-type=\"widget\" data-widget_type=\"toggle.default\">\n\t\t\t\t<div class=\"elementor-widget-container\">\n\t\t\t\t\t\t\t<div class=\"elementor-toggle\">\n\t\t\t\t\t\t\t<div class=\"elementor-toggle-item\">\n\t\t\t\t\t<div id=\"elementor-tab-title-4251\" class=\"elementor-tab-title\" data-tab=\"1\" role=\"button\" aria-controls=\"elementor-tab-content-4251\" aria-expanded=\"false\">\n\t\t\t\t\t\t\t\t\t\t\t\t<span class=\"elementor-toggle-icon elementor-toggle-icon-left\" aria-hidden=\"true\">\n\t\t\t\t\t\t\t\t\t\t\t\t\t\t\t<span class=\"elementor-toggle-icon-closed\"><i class=\"fas fa-caret-right\"><\/i><\/span>\n\t\t\t\t\t\t\t\t<span class=\"elementor-toggle-icon-opened\"><i class=\"elementor-toggle-icon-opened fas fa-caret-up\"><\/i><\/span>\n\t\t\t\t\t\t\t\t\t\t\t\t\t<\/span>\n\t\t\t\t\t\t\t\t\t\t\t\t<a class=\"elementor-toggle-title\" tabindex=\"0\">\u00bfSe puede realizar una clase de prueba?<\/a>\n\t\t\t\t\t<\/div>\n\n\t\t\t\t\t<div id=\"elementor-tab-content-4251\" class=\"elementor-tab-content elementor-clearfix\" data-tab=\"1\" role=\"region\" aria-labelledby=\"elementor-tab-title-4251\"><p>Si, tenemos la opci\u00f3n de que hagas una primera clase donde se aprender\u00e1 las normas de seguridad, preparaci\u00f3n y cuidado del poni antes y despu\u00e9s de la monta, montar y avanzar al paso, parar, girar y una vez se tenga el equilibrio necesario: el trote.<\/p>\n<p><a href=\"https:\/\/poniclubcatalunya.cat\/es\/primer-contacto\/primera-clase-en-pony\/\" target=\"_blank\" rel=\"noopener\">Reserva aqu\u00ed tu primera clase.<\/a><\/p>\n<\/div>\n\t\t\t\t<\/div>\n\t\t\t\t\t\t\t<div class=\"elementor-toggle-item\">\n\t\t\t\t\t<div id=\"elementor-tab-title-4252\" class=\"elementor-tab-title\" data-tab=\"2\" role=\"button\" aria-controls=\"elementor-tab-content-4252\" aria-expanded=\"false\">\n\t\t\t\t\t\t\t\t\t\t\t\t<span class=\"elementor-toggle-icon elementor-toggle-icon-left\" aria-hidden=\"true\">\n\t\t\t\t\t\t\t\t\t\t\t\t\t\t\t<span class=\"elementor-toggle-icon-closed\"><i class=\"fas fa-caret-right\"><\/i><\/span>\n\t\t\t\t\t\t\t\t<span class=\"elementor-toggle-icon-opened\"><i class=\"elementor-toggle-icon-opened fas fa-caret-up\"><\/i><\/span>\n\t\t\t\t\t\t\t\t\t\t\t\t\t<\/span>\n\t\t\t\t\t\t\t\t\t\t\t\t<a class=\"elementor-toggle-title\" tabindex=\"0\">\u00bfSe pueden recuperar clases?<\/a>\n\t\t\t\t\t<\/div>\n\n\t\t\t\t\t<div id=\"elementor-tab-content-4252\" class=\"elementor-tab-content elementor-clearfix\" data-tab=\"2\" role=\"region\" aria-labelledby=\"elementor-tab-title-4252\"><p>S\u00ed, s\u00f3lo debemos avisar 24 h antes de que no podemos asistir y buscaremos un d\u00eda para recuperarla.<\/p>\n<\/div>\n\t\t\t\t<\/div>\n\t\t\t\t\t\t\t\t<\/div>\n\t\t\t\t\t\t<\/div>\n\t\t\t\t<\/div>\n\t\t\t\t\t<\/div>\n\t\t\t\t<\/div>\n\t\t\t\t<\/div>\n\t\t","protected":false},"excerpt":{"rendered":"<p>Para ni\u00f1os y ni\u00f1as de 3 a 7 a\u00f1os En la entrada del Poni Club, en una zona apartada de la Escuela de Equitaci\u00f3n, encontramos la Peque\u00f1a Escuela , con sus propias pistas, guardaarneses y paddoks donde los alumnos m\u00e1s peque\u00f1os est\u00e1n tranquilos y seguros. Un espacio creado a la medida para ni\u00f1os y ni\u00f1as [&hellip;]<\/p>\n","protected":false},"author":1,"featured_media":4538,"parent":4744,"menu_order":0,"comment_status":"closed","ping_status":"closed","template":"","meta":{"_acf_changed":false,"footnotes":""},"class_list":["post-4720","page","type-page","status-publish","has-post-thumbnail","hentry"],"acf":[],"_links":{"self":[{"href":"https:\/\/poniclubcatalunya.cat\/es\/wp-json\/wp\/v2\/pages\/4720","targetHints":{"allow":["GET"]}}],"collection":[{"href":"https:\/\/poniclubcatalunya.cat\/es\/wp-json\/wp\/v2\/pages"}],"about":[{"href":"https:\/\/poniclubcatalunya.cat\/es\/wp-json\/wp\/v2\/types\/page"}],"author":[{"embeddable":true,"href":"https:\/\/poniclubcatalunya.cat\/es\/wp-json\/wp\/v2\/users\/1"}],"replies":[{"embeddable":true,"href":"https:\/\/poniclubcatalunya.cat\/es\/wp-json\/wp\/v2\/comments?post=4720"}],"version-history":[{"count":2,"href":"https:\/\/poniclubcatalunya.cat\/es\/wp-json\/wp\/v2\/pages\/4720\/revisions"}],"predecessor-version":[{"id":4760,"href":"https:\/\/poniclubcatalunya.cat\/es\/wp-json\/wp\/v2\/pages\/4720\/revisions\/4760"}],"up":[{"embeddable":true,"href":"https:\/\/poniclubcatalunya.cat\/es\/wp-json\/wp\/v2\/pages\/4744"}],"wp:featuredmedia":[{"embeddable":true,"href":"https:\/\/poniclubcatalunya.cat\/es\/wp-json\/wp\/v2\/media\/4538"}],"wp:attachment":[{"href":"https:\/\/poniclubcatalunya.cat\/es\/wp-json\/wp\/v2\/media?parent=4720"}],"curies":[{"name":"wp","href":"https:\/\/api.w.org\/{rel}","templated":true}]}}