{"id":4723,"date":"2023-11-19T09:39:50","date_gmt":"2023-11-19T09:39:50","guid":{"rendered":"https:\/\/lacuinade.timit2003.com\/poniclub\/contacto\/"},"modified":"2024-01-16T12:56:36","modified_gmt":"2024-01-16T12:56:36","slug":"contacto","status":"publish","type":"page","link":"https:\/\/poniclubcatalunya.cat\/es\/contacto\/","title":{"rendered":"Contacto"},"content":{"rendered":"\t\t<div data-elementor-type=\"wp-page\" data-elementor-id=\"4723\" class=\"elementor elementor-4723 elementor-2636\" data-elementor-post-type=\"page\">\n\t\t\t\t<div class=\"elementor-element elementor-element-95f621e e-flex e-con-boxed e-con e-parent\" data-id=\"95f621e\" data-element_type=\"container\" data-e-type=\"container\">\n\t\t\t\t\t<div class=\"e-con-inner\">\n\t\t<div class=\"elementor-element elementor-element-7e6a274 e-con-full e-flex e-con e-child\" data-id=\"7e6a274\" data-element_type=\"container\" data-e-type=\"container\">\n\t\t\t\t<div class=\"elementor-element elementor-element-87dc517 elementor-widget elementor-widget-text-editor\" data-id=\"87dc517\" data-element_type=\"widget\" data-e-type=\"widget\" data-widget_type=\"text-editor.default\">\n\t\t\t\t<div class=\"elementor-widget-container\">\n\t\t\t\t\t\t\t\t\t<p class=\"has-normal-font-size\">Passeig de la Muntanya s\/n (Can Vil\u00e0) <br \/>08960 Sant Just Desvern<br \/>Telf <strong>93 371 63 64<\/strong><\/p><p class=\"has-normal-font-size\"><strong><em>Horario Oficina Martes a Viernes de 16 h a 19 h<\/em><\/strong><br \/><strong><em>*S\u00e1bado y Domingo de 9h\u00a0 a 13 h*<\/em><\/strong><br \/><strong><em>*Del 20 de Junio \u200b\u200bal 10 de Septiembre: Lunes a Viernes de 9 h a 14 h<\/em><\/strong><\/p>\t\t\t\t\t\t\t\t<\/div>\n\t\t\t\t<\/div>\n\t\t\t\t<div class=\"elementor-element elementor-element-54db296 elementor-button-align-stretch elementor-widget elementor-widget-form\" data-id=\"54db296\" data-element_type=\"widget\" data-e-type=\"widget\" data-settings=\"{&quot;step_next_label&quot;:&quot;Next&quot;,&quot;step_previous_label&quot;:&quot;Previous&quot;,&quot;button_width&quot;:&quot;100&quot;,&quot;step_type&quot;:&quot;number_text&quot;,&quot;step_icon_shape&quot;:&quot;circle&quot;}\" data-widget_type=\"form.default\">\n\t\t\t\t<div class=\"elementor-widget-container\">\n\t\t\t\t\t\t\t<form class=\"elementor-form\" method=\"post\" name=\"New Form\" aria-label=\"New Form\">\n\t\t\t<input type=\"hidden\" name=\"post_id\" value=\"4723\"\/>\n\t\t\t<input type=\"hidden\" name=\"form_id\" value=\"54db296\"\/>\n\t\t\t<input type=\"hidden\" name=\"referer_title\" value=\"Contacta con nosotros - Poni Club\" \/>\n\n\t\t\t\t\t\t\t<input type=\"hidden\" name=\"queried_id\" value=\"4723\"\/>\n\t\t\t\n\t\t\t<div class=\"elementor-form-fields-wrapper elementor-labels-above\">\n\t\t\t\t\t\t\t\t<div class=\"elementor-field-type-text elementor-field-group elementor-column elementor-field-group-name elementor-col-100\">\n\t\t\t\t\t\t\t\t\t\t\t\t<label for=\"form-field-name\" class=\"elementor-field-label\">\n\t\t\t\t\t\t\t\tNombre\t\t\t\t\t\t\t<\/label>\n\t\t\t\t\t\t\t\t\t\t\t\t\t\t<input size=\"1\" type=\"text\" name=\"form_fields[name]\" id=\"form-field-name\" class=\"elementor-field elementor-size-sm  elementor-field-textual\" placeholder=\"Nombre\">\n\t\t\t\t\t\t\t\t\t\t\t<\/div>\n\t\t\t\t\t\t\t\t<div class=\"elementor-field-type-email elementor-field-group elementor-column elementor-field-group-email elementor-col-100 elementor-field-required\">\n\t\t\t\t\t\t\t\t\t\t\t\t<label for=\"form-field-email\" class=\"elementor-field-label\">\n\t\t\t\t\t\t\t\tEmail\t\t\t\t\t\t\t<\/label>\n\t\t\t\t\t\t\t\t\t\t\t\t\t\t<input size=\"1\" type=\"email\" name=\"form_fields[email]\" id=\"form-field-email\" class=\"elementor-field elementor-size-sm  elementor-field-textual\" placeholder=\"Email\" required=\"required\">\n\t\t\t\t\t\t\t\t\t\t\t<\/div>\n\t\t\t\t\t\t\t\t<div class=\"elementor-field-type-text elementor-field-group elementor-column elementor-field-group-field_b9f5963 elementor-col-100\">\n\t\t\t\t\t\t\t\t\t\t\t\t<label for=\"form-field-field_b9f5963\" class=\"elementor-field-label\">\n\t\t\t\t\t\t\t\tMensaje\t\t\t\t\t\t\t<\/label>\n\t\t\t\t\t\t\t\t\t\t\t\t\t\t<input size=\"1\" type=\"text\" name=\"form_fields[field_b9f5963]\" id=\"form-field-field_b9f5963\" class=\"elementor-field elementor-size-sm  elementor-field-textual\" placeholder=\"Mensaje\">\n\t\t\t\t\t\t\t\t\t\t\t<\/div>\n\t\t\t\t\t\t\t\t<div class=\"elementor-field-type-textarea elementor-field-group elementor-column elementor-field-group-message elementor-col-100 elementor-field-required\">\n\t\t\t\t\t\t\t\t\t\t\t\t<label for=\"form-field-message\" class=\"elementor-field-label\">\n\t\t\t\t\t\t\t\tAsunto\t\t\t\t\t\t\t<\/label>\n\t\t\t\t\t\t<textarea class=\"elementor-field-textual elementor-field  elementor-size-sm\" name=\"form_fields[message]\" id=\"form-field-message\" rows=\"4\" placeholder=\"Asunto\" required=\"required\"><\/textarea>\t\t\t\t<\/div>\n\t\t\t\t\t\t\t\t<div class=\"elementor-field-type-acceptance elementor-field-group elementor-column elementor-field-group-field_c3eb7f0 elementor-col-100 elementor-field-required\">\n\t\t\t\t\t\t\t<div class=\"elementor-field-subgroup\">\n\t\t\t<span class=\"elementor-field-option\">\n\t\t\t\t<input type=\"checkbox\" name=\"form_fields[field_c3eb7f0]\" id=\"form-field-field_c3eb7f0\" class=\"elementor-field elementor-size-sm  elementor-acceptance-field\" required=\"required\">\n\t\t\t\t<label for=\"form-field-field_c3eb7f0\">Acepto la Pol\u00edtica de Privacidad. La informaci\u00f3n proporcionada ser\u00e1 tratada por MIQUEL REVERTER SALA como responsable de esta web. La finalidad de los datos recabados es informaci\u00f3n general y comercial a trav\u00e9s de correo electr\u00f3nico. Este uso queda legitimado a trav\u00e9s del presente formulario.<\/label>\t\t\t<\/span>\n\t\t<\/div>\n\t\t\t\t\t\t<\/div>\n\t\t\t\t\t\t\t\t<div class=\"elementor-field-type-recaptcha_v3 elementor-field-group elementor-column elementor-field-group-field_fb19b46 elementor-col-100 recaptcha_v3-bottomright\">\n\t\t\t\t\t<div class=\"elementor-field\" id=\"form-field-field_fb19b46\"><div class=\"elementor-g-recaptcha\" data-sitekey=\"6LcfG08pAAAAALrjXliBKxSTr5O5LuxGozL5VaHJ\" data-type=\"v3\" data-action=\"Form\" data-badge=\"bottomright\" data-size=\"invisible\"><\/div><\/div>\t\t\t\t<\/div>\n\t\t\t\t\t\t\t\t<div class=\"elementor-field-group elementor-column elementor-field-type-submit elementor-col-100 e-form__buttons\">\n\t\t\t\t\t<button class=\"elementor-button elementor-size-sm\" type=\"submit\">\n\t\t\t\t\t\t<span class=\"elementor-button-content-wrapper\">\n\t\t\t\t\t\t\t\t\t\t\t\t\t\t\t\t\t\t\t\t\t\t<span class=\"elementor-button-text\">Send<\/span>\n\t\t\t\t\t\t\t\t\t\t\t\t\t<\/span>\n\t\t\t\t\t<\/button>\n\t\t\t\t<\/div>\n\t\t\t<\/div>\n\t\t<\/form>\n\t\t\t\t\t\t<\/div>\n\t\t\t\t<\/div>\n\t\t\t\t<\/div>\n\t\t<div class=\"elementor-element elementor-element-915ea2f e-con-full e-flex e-con e-child\" data-id=\"915ea2f\" data-element_type=\"container\" data-e-type=\"container\">\n\t\t\t\t<div class=\"elementor-element elementor-element-0125ac6 elementor-widget elementor-widget-google_maps\" data-id=\"0125ac6\" data-element_type=\"widget\" data-e-type=\"widget\" data-widget_type=\"google_maps.default\">\n\t\t\t\t<div class=\"elementor-widget-container\">\n\t\t\t\t\t\t\t<div class=\"elementor-custom-embed\">\n\t\t\t<iframe loading=\"lazy\"\n\t\t\t\t\tsrc=\"https:\/\/maps.google.com\/maps?q=poniclub%20catalunya&#038;t=m&#038;z=13&#038;output=embed&#038;iwloc=near\"\n\t\t\t\t\ttitle=\"poniclub catalunya\"\n\t\t\t\t\taria-label=\"poniclub catalunya\"\n\t\t\t><\/iframe>\n\t\t<\/div>\n\t\t\t\t\t\t<\/div>\n\t\t\t\t<\/div>\n\t\t\t\t<\/div>\n\t\t\t\t\t<\/div>\n\t\t\t\t<\/div>\n\t\t\t\t<\/div>\n\t\t","protected":false},"excerpt":{"rendered":"<p>Passeig de la Muntanya s\/n (Can Vil\u00e0) 08960 Sant Just DesvernTelf 93 371 63 64 Horario Oficina Martes a Viernes de 16 h a 19 h*S\u00e1bado y Domingo de 9h\u00a0 a 13 h**Del 20 de Junio \u200b\u200bal 10 de Septiembre: Lunes a Viernes de 9 h a 14 h<\/p>\n","protected":false},"author":1,"featured_media":4619,"parent":0,"menu_order":0,"comment_status":"closed","ping_status":"closed","template":"","meta":{"_acf_changed":false,"footnotes":""},"class_list":["post-4723","page","type-page","status-publish","has-post-thumbnail","hentry"],"acf":[],"_links":{"self":[{"href":"https:\/\/poniclubcatalunya.cat\/es\/wp-json\/wp\/v2\/pages\/4723","targetHints":{"allow":["GET"]}}],"collection":[{"href":"https:\/\/poniclubcatalunya.cat\/es\/wp-json\/wp\/v2\/pages"}],"about":[{"href":"https:\/\/poniclubcatalunya.cat\/es\/wp-json\/wp\/v2\/types\/page"}],"author":[{"embeddable":true,"href":"https:\/\/poniclubcatalunya.cat\/es\/wp-json\/wp\/v2\/users\/1"}],"replies":[{"embeddable":true,"href":"https:\/\/poniclubcatalunya.cat\/es\/wp-json\/wp\/v2\/comments?post=4723"}],"version-history":[{"count":23,"href":"https:\/\/poniclubcatalunya.cat\/es\/wp-json\/wp\/v2\/pages\/4723\/revisions"}],"predecessor-version":[{"id":5202,"href":"https:\/\/poniclubcatalunya.cat\/es\/wp-json\/wp\/v2\/pages\/4723\/revisions\/5202"}],"wp:featuredmedia":[{"embeddable":true,"href":"https:\/\/poniclubcatalunya.cat\/es\/wp-json\/wp\/v2\/media\/4619"}],"wp:attachment":[{"href":"https:\/\/poniclubcatalunya.cat\/es\/wp-json\/wp\/v2\/media?parent=4723"}],"curies":[{"name":"wp","href":"https:\/\/api.w.org\/{rel}","templated":true}]}}