{"id":4758,"date":"2023-11-19T09:39:31","date_gmt":"2023-11-19T09:39:31","guid":{"rendered":"https:\/\/lacuinade.timit2003.com\/poniclub\/noticias\/"},"modified":"2024-01-14T10:09:53","modified_gmt":"2024-01-14T10:09:53","slug":"noticias","status":"publish","type":"page","link":"https:\/\/poniclubcatalunya.cat\/es\/noticias\/","title":{"rendered":"Noticias"},"content":{"rendered":"\t\t<div data-elementor-type=\"wp-page\" data-elementor-id=\"4758\" class=\"elementor elementor-4758 elementor-2634\" data-elementor-post-type=\"page\">\n\t\t\t\t<div class=\"elementor-element elementor-element-af2bf33 e-flex e-con-boxed e-con e-parent\" data-id=\"af2bf33\" data-element_type=\"container\" data-e-type=\"container\">\n\t\t\t\t\t<div class=\"e-con-inner\">\n\t\t\t\t<div class=\"elementor-element elementor-element-fa646d4 elementor-grid-3 elementor-grid-tablet-2 elementor-grid-mobile-1 elementor-posts--thumbnail-top elementor-card-shadow-yes elementor-posts__hover-gradient elementor-widget elementor-widget-posts\" data-id=\"fa646d4\" data-element_type=\"widget\" data-e-type=\"widget\" data-settings=\"{&quot;pagination_type&quot;:&quot;numbers&quot;,&quot;cards_columns&quot;:&quot;3&quot;,&quot;cards_columns_tablet&quot;:&quot;2&quot;,&quot;cards_columns_mobile&quot;:&quot;1&quot;,&quot;cards_row_gap&quot;:{&quot;unit&quot;:&quot;px&quot;,&quot;size&quot;:35,&quot;sizes&quot;:[]},&quot;cards_row_gap_tablet&quot;:{&quot;unit&quot;:&quot;px&quot;,&quot;size&quot;:&quot;&quot;,&quot;sizes&quot;:[]},&quot;cards_row_gap_mobile&quot;:{&quot;unit&quot;:&quot;px&quot;,&quot;size&quot;:&quot;&quot;,&quot;sizes&quot;:[]}}\" data-widget_type=\"posts.cards\">\n\t\t\t\t<div class=\"elementor-widget-container\">\n\t\t\t\t\t\t\t<div class=\"elementor-posts-container elementor-posts elementor-posts--skin-cards elementor-grid\" role=\"list\">\n\t\t\t\t<article class=\"elementor-post elementor-grid-item post-5686 post type-post status-publish format-standard has-post-thumbnail hentry category-pequena-escuela\" role=\"listitem\">\n\t\t\t<div class=\"elementor-post__card\">\n\t\t\t\t<a class=\"elementor-post__thumbnail__link\" href=\"https:\/\/poniclubcatalunya.cat\/es\/cronica-de-la-excursion-familiar-a-la-salud\/\" tabindex=\"-1\"><div class=\"elementor-post__thumbnail\"><img fetchpriority=\"high\" decoding=\"async\" width=\"300\" height=\"199\" src=\"https:\/\/poniclubcatalunya.cat\/wp-content\/uploads\/2024\/10\/area_gleva_P1040312-300x199.jpg\" class=\"attachment-medium size-medium wp-image-5638\" alt=\"\" srcset=\"https:\/\/poniclubcatalunya.cat\/wp-content\/uploads\/2024\/10\/area_gleva_P1040312-300x199.jpg 300w, https:\/\/poniclubcatalunya.cat\/wp-content\/uploads\/2024\/10\/area_gleva_P1040312-768x510.jpg 768w, https:\/\/poniclubcatalunya.cat\/wp-content\/uploads\/2024\/10\/area_gleva_P1040312.jpg 1024w\" sizes=\"(max-width: 300px) 100vw, 300px\" \/><\/div><\/a>\n\t\t\t\t<div class=\"elementor-post__badge\">Peque\u00f1a Escuela<\/div>\n\t\t\t\t<div class=\"elementor-post__text\">\n\t\t\t\t<h3 class=\"elementor-post__title\">\n\t\t\t<a href=\"https:\/\/poniclubcatalunya.cat\/es\/cronica-de-la-excursion-familiar-a-la-salud\/\">\n\t\t\t\tCr\u00f3nica de la excursi\u00f3n familiar a la Salud\t\t\t<\/a>\n\t\t<\/h3>\n\t\t\t\t<div class=\"elementor-post__excerpt\">\n\t\t\t<p>La excursi\u00f3n familiar a la Salut fue un gran \u00e9xito en el que disfrutamos de la naturaleza y compartir una experiencia con los alumnos y<\/p>\n\t\t<\/div>\n\t\t\n\t\t<a class=\"elementor-post__read-more\" href=\"https:\/\/poniclubcatalunya.cat\/es\/cronica-de-la-excursion-familiar-a-la-salud\/\" aria-label=\"Read more about Cr\u00f3nica de la excursi\u00f3n familiar a la Salud\" tabindex=\"-1\">\n\t\t\tleer m\u00e1s \u00bb\t\t<\/a>\n\n\t\t\t\t<\/div>\n\t\t\t\t<div class=\"elementor-post__meta-data\">\n\t\t\t\t\t<span class=\"elementor-post-date\">\n\t\t\t28 octubre, 2024\t\t<\/span>\n\t\t\t\t<span class=\"elementor-post-avatar\">\n\t\t\tNo hay comentarios\t\t<\/span>\n\t\t\t\t<\/div>\n\t\t\t\t\t<\/div>\n\t\t<\/article>\n\t\t\t\t<article class=\"elementor-post elementor-grid-item post-5385 post type-post status-publish format-standard has-post-thumbnail hentry category-club-es\" role=\"listitem\">\n\t\t\t<div class=\"elementor-post__card\">\n\t\t\t\t<a class=\"elementor-post__thumbnail__link\" href=\"https:\/\/poniclubcatalunya.cat\/es\/participacion-en-los-3-tombs-de-sant-just-desvern-2\/\" tabindex=\"-1\"><div class=\"elementor-post__thumbnail\"><img decoding=\"async\" width=\"300\" height=\"225\" src=\"https:\/\/poniclubcatalunya.cat\/wp-content\/uploads\/2024\/01\/IMG_3849-300x225.jpeg\" class=\"attachment-medium size-medium wp-image-5353\" alt=\"\" srcset=\"https:\/\/poniclubcatalunya.cat\/wp-content\/uploads\/2024\/01\/IMG_3849-300x225.jpeg 300w, https:\/\/poniclubcatalunya.cat\/wp-content\/uploads\/2024\/01\/IMG_3849-1024x768.jpeg 1024w, https:\/\/poniclubcatalunya.cat\/wp-content\/uploads\/2024\/01\/IMG_3849-768x576.jpeg 768w, https:\/\/poniclubcatalunya.cat\/wp-content\/uploads\/2024\/01\/IMG_3849-1536x1152.jpeg 1536w, https:\/\/poniclubcatalunya.cat\/wp-content\/uploads\/2024\/01\/IMG_3849-2048x1536.jpeg 2048w\" sizes=\"(max-width: 300px) 100vw, 300px\" \/><\/div><\/a>\n\t\t\t\t<div class=\"elementor-post__badge\">Club<\/div>\n\t\t\t\t<div class=\"elementor-post__text\">\n\t\t\t\t<h3 class=\"elementor-post__title\">\n\t\t\t<a href=\"https:\/\/poniclubcatalunya.cat\/es\/participacion-en-los-3-tombs-de-sant-just-desvern-2\/\">\n\t\t\t\tParticipaci\u00f3n en los 3 Tombs de Sant Just Desvern\t\t\t<\/a>\n\t\t<\/h3>\n\t\t\t\t<div class=\"elementor-post__excerpt\">\n\t\t\t<p>La participaci\u00f3n en los \u00ab3 tombs\u00bb de Sant Just Desvern ha sido una experiencia enriquecedora y tradicional. Celebrar este evento el 14 de enero de<\/p>\n\t\t<\/div>\n\t\t\n\t\t<a class=\"elementor-post__read-more\" href=\"https:\/\/poniclubcatalunya.cat\/es\/participacion-en-los-3-tombs-de-sant-just-desvern-2\/\" aria-label=\"Read more about Participaci\u00f3n en los 3 Tombs de Sant Just Desvern\" tabindex=\"-1\">\n\t\t\tleer m\u00e1s \u00bb\t\t<\/a>\n\n\t\t\t\t<\/div>\n\t\t\t\t<div class=\"elementor-post__meta-data\">\n\t\t\t\t\t<span class=\"elementor-post-date\">\n\t\t\t25 enero, 2024\t\t<\/span>\n\t\t\t\t<span class=\"elementor-post-avatar\">\n\t\t\tNo hay comentarios\t\t<\/span>\n\t\t\t\t<\/div>\n\t\t\t\t\t<\/div>\n\t\t<\/article>\n\t\t\t\t<article class=\"elementor-post elementor-grid-item post-4954 post type-post status-publish format-standard has-post-thumbnail hentry category-club-es\" role=\"listitem\">\n\t\t\t<div class=\"elementor-post__card\">\n\t\t\t\t<a class=\"elementor-post__thumbnail__link\" href=\"https:\/\/poniclubcatalunya.cat\/es\/estrenamos-nueva-web\/\" tabindex=\"-1\"><div class=\"elementor-post__thumbnail\"><img decoding=\"async\" width=\"300\" height=\"200\" src=\"https:\/\/poniclubcatalunya.cat\/wp-content\/uploads\/2024\/01\/smartmockups_lravrxz6-300x200.jpg\" class=\"attachment-medium size-medium wp-image-4953\" alt=\"\" srcset=\"https:\/\/poniclubcatalunya.cat\/wp-content\/uploads\/2024\/01\/smartmockups_lravrxz6-300x200.jpg 300w, https:\/\/poniclubcatalunya.cat\/wp-content\/uploads\/2024\/01\/smartmockups_lravrxz6-1024x683.jpg 1024w, https:\/\/poniclubcatalunya.cat\/wp-content\/uploads\/2024\/01\/smartmockups_lravrxz6-768x512.jpg 768w, https:\/\/poniclubcatalunya.cat\/wp-content\/uploads\/2024\/01\/smartmockups_lravrxz6.jpg 1280w\" sizes=\"(max-width: 300px) 100vw, 300px\" \/><\/div><\/a>\n\t\t\t\t<div class=\"elementor-post__badge\">Club<\/div>\n\t\t\t\t<div class=\"elementor-post__text\">\n\t\t\t\t<h3 class=\"elementor-post__title\">\n\t\t\t<a href=\"https:\/\/poniclubcatalunya.cat\/es\/estrenamos-nueva-web\/\">\n\t\t\t\tEstrenamos nueva web\t\t\t<\/a>\n\t\t<\/h3>\n\t\t\t\t<div class=\"elementor-post__excerpt\">\n\t\t\t<p>Sant Just, Catalu\u00f1a &#8211; El Poni Club Catalu\u00f1a, uno de los centros de equitaci\u00f3n m\u00e1s reconocidos de la regi\u00f3n, ha estrenado recientemente su nueva p\u00e1gina<\/p>\n\t\t<\/div>\n\t\t\n\t\t<a class=\"elementor-post__read-more\" href=\"https:\/\/poniclubcatalunya.cat\/es\/estrenamos-nueva-web\/\" aria-label=\"Read more about Estrenamos nueva web\" tabindex=\"-1\">\n\t\t\tleer m\u00e1s \u00bb\t\t<\/a>\n\n\t\t\t\t<\/div>\n\t\t\t\t<div class=\"elementor-post__meta-data\">\n\t\t\t\t\t<span class=\"elementor-post-date\">\n\t\t\t12 enero, 2024\t\t<\/span>\n\t\t\t\t<span class=\"elementor-post-avatar\">\n\t\t\tNo hay comentarios\t\t<\/span>\n\t\t\t\t<\/div>\n\t\t\t\t\t<\/div>\n\t\t<\/article>\n\t\t\t\t<article class=\"elementor-post elementor-grid-item post-4916 post type-post status-publish format-standard has-post-thumbnail hentry category-club-es\" role=\"listitem\">\n\t\t\t<div class=\"elementor-post__card\">\n\t\t\t\t<a class=\"elementor-post__thumbnail__link\" href=\"https:\/\/poniclubcatalunya.cat\/es\/entrevista-a-miquel-y-sakongo-reverter-en-radio-desvern\/\" tabindex=\"-1\"><div class=\"elementor-post__thumbnail\"><img loading=\"lazy\" decoding=\"async\" width=\"300\" height=\"170\" src=\"https:\/\/poniclubcatalunya.cat\/wp-content\/uploads\/2024\/01\/poniclub-300x170.jpeg\" class=\"attachment-medium size-medium wp-image-4898\" alt=\"\" srcset=\"https:\/\/poniclubcatalunya.cat\/wp-content\/uploads\/2024\/01\/poniclub-300x170.jpeg 300w, https:\/\/poniclubcatalunya.cat\/wp-content\/uploads\/2024\/01\/poniclub-1024x581.jpeg 1024w, https:\/\/poniclubcatalunya.cat\/wp-content\/uploads\/2024\/01\/poniclub-768x436.jpeg 768w, https:\/\/poniclubcatalunya.cat\/wp-content\/uploads\/2024\/01\/poniclub-1536x872.jpeg 1536w, https:\/\/poniclubcatalunya.cat\/wp-content\/uploads\/2024\/01\/poniclub.jpeg 1918w\" sizes=\"(max-width: 300px) 100vw, 300px\" \/><\/div><\/a>\n\t\t\t\t<div class=\"elementor-post__badge\">Club<\/div>\n\t\t\t\t<div class=\"elementor-post__text\">\n\t\t\t\t<h3 class=\"elementor-post__title\">\n\t\t\t<a href=\"https:\/\/poniclubcatalunya.cat\/es\/entrevista-a-miquel-y-sakongo-reverter-en-radio-desvern\/\">\n\t\t\t\tEntrevista a Miquel y Sakongo Reverter en Radio Desvern\t\t\t<\/a>\n\t\t<\/h3>\n\t\t\t\t<div class=\"elementor-post__excerpt\">\n\t\t\t<p>Este domingo, Sant Just Desvern celebrar\u00e1 los Tres Tombs, una fiesta tradicional en honor a Sant Antoni Abat, patr\u00f3n de los animales. Es una festividad<\/p>\n\t\t<\/div>\n\t\t\n\t\t<a class=\"elementor-post__read-more\" href=\"https:\/\/poniclubcatalunya.cat\/es\/entrevista-a-miquel-y-sakongo-reverter-en-radio-desvern\/\" aria-label=\"Read more about Entrevista a Miquel y Sakongo Reverter en Radio Desvern\" tabindex=\"-1\">\n\t\t\tleer m\u00e1s \u00bb\t\t<\/a>\n\n\t\t\t\t<\/div>\n\t\t\t\t<div class=\"elementor-post__meta-data\">\n\t\t\t\t\t<span class=\"elementor-post-date\">\n\t\t\t12 enero, 2024\t\t<\/span>\n\t\t\t\t<span class=\"elementor-post-avatar\">\n\t\t\tNo hay comentarios\t\t<\/span>\n\t\t\t\t<\/div>\n\t\t\t\t\t<\/div>\n\t\t<\/article>\n\t\t\t\t<article class=\"elementor-post elementor-grid-item post-4752 post type-post status-publish format-standard has-post-thumbnail hentry category-pequena-escuela\" role=\"listitem\">\n\t\t\t<div class=\"elementor-post__card\">\n\t\t\t\t<a class=\"elementor-post__thumbnail__link\" href=\"https:\/\/poniclubcatalunya.cat\/es\/la-liga-de-barcelona-de-doma-clasica-en-el-poni-club-catalunya\/\" tabindex=\"-1\"><div class=\"elementor-post__thumbnail\"><img loading=\"lazy\" decoding=\"async\" width=\"300\" height=\"200\" src=\"https:\/\/poniclubcatalunya.cat\/wp-content\/uploads\/2023\/02\/IMG_4463-300x200.jpg\" class=\"attachment-medium size-medium wp-image-4515\" alt=\"\" srcset=\"https:\/\/poniclubcatalunya.cat\/wp-content\/uploads\/2023\/02\/IMG_4463-300x200.jpg 300w, https:\/\/poniclubcatalunya.cat\/wp-content\/uploads\/2023\/02\/IMG_4463-1024x683.jpg 1024w, https:\/\/poniclubcatalunya.cat\/wp-content\/uploads\/2023\/02\/IMG_4463-768x512.jpg 768w, https:\/\/poniclubcatalunya.cat\/wp-content\/uploads\/2023\/02\/IMG_4463-1536x1024.jpg 1536w, https:\/\/poniclubcatalunya.cat\/wp-content\/uploads\/2023\/02\/IMG_4463-2048x1365.jpg 2048w\" sizes=\"(max-width: 300px) 100vw, 300px\" \/><\/div><\/a>\n\t\t\t\t<div class=\"elementor-post__badge\">Peque\u00f1a Escuela<\/div>\n\t\t\t\t<div class=\"elementor-post__text\">\n\t\t\t\t<h3 class=\"elementor-post__title\">\n\t\t\t<a href=\"https:\/\/poniclubcatalunya.cat\/es\/la-liga-de-barcelona-de-doma-clasica-en-el-poni-club-catalunya\/\">\n\t\t\t\tLa Liga de Barcelona de Doma Cl\u00e1sica en el Poni Club Catalunya\t\t\t<\/a>\n\t\t<\/h3>\n\t\t\t\t<div class=\"elementor-post__excerpt\">\n\t\t\t<p>Como cada a\u00f1o, este domingo d\u00eda 12 de febrero se disput\u00f3 la tercera competici\u00f3n de la Liga de Barcelona de Doma Cl\u00e1sica en el Centro<\/p>\n\t\t<\/div>\n\t\t\n\t\t<a class=\"elementor-post__read-more\" href=\"https:\/\/poniclubcatalunya.cat\/es\/la-liga-de-barcelona-de-doma-clasica-en-el-poni-club-catalunya\/\" aria-label=\"Read more about La Liga de Barcelona de Doma Cl\u00e1sica en el Poni Club Catalunya\" tabindex=\"-1\">\n\t\t\tleer m\u00e1s \u00bb\t\t<\/a>\n\n\t\t\t\t<\/div>\n\t\t\t\t<div class=\"elementor-post__meta-data\">\n\t\t\t\t\t<span class=\"elementor-post-date\">\n\t\t\t20 febrero, 2023\t\t<\/span>\n\t\t\t\t<span class=\"elementor-post-avatar\">\n\t\t\tNo hay comentarios\t\t<\/span>\n\t\t\t\t<\/div>\n\t\t\t\t\t<\/div>\n\t\t<\/article>\n\t\t\t\t<article class=\"elementor-post elementor-grid-item post-4772 post type-post status-publish format-standard has-post-thumbnail hentry category-pequena-escuela\" role=\"listitem\">\n\t\t\t<div class=\"elementor-post__card\">\n\t\t\t\t<a class=\"elementor-post__thumbnail__link\" href=\"https:\/\/poniclubcatalunya.cat\/es\/segundo-concurso-de-la-liga-de-barcelona-de-doma-clasica\/\" tabindex=\"-1\"><div class=\"elementor-post__thumbnail\"><img loading=\"lazy\" decoding=\"async\" width=\"300\" height=\"132\" src=\"https:\/\/poniclubcatalunya.cat\/wp-content\/uploads\/2022\/11\/foto_homejpg-300x132.jpg\" class=\"attachment-medium size-medium wp-image-4490\" alt=\"\" srcset=\"https:\/\/poniclubcatalunya.cat\/wp-content\/uploads\/2022\/11\/foto_homejpg-300x132.jpg 300w, https:\/\/poniclubcatalunya.cat\/wp-content\/uploads\/2022\/11\/foto_homejpg-1024x452.jpg 1024w, https:\/\/poniclubcatalunya.cat\/wp-content\/uploads\/2022\/11\/foto_homejpg-768x339.jpg 768w, https:\/\/poniclubcatalunya.cat\/wp-content\/uploads\/2022\/11\/foto_homejpg-1536x678.jpg 1536w, https:\/\/poniclubcatalunya.cat\/wp-content\/uploads\/2022\/11\/foto_homejpg-2048x903.jpg 2048w\" sizes=\"(max-width: 300px) 100vw, 300px\" \/><\/div><\/a>\n\t\t\t\t<div class=\"elementor-post__badge\">Peque\u00f1a Escuela<\/div>\n\t\t\t\t<div class=\"elementor-post__text\">\n\t\t\t\t<h3 class=\"elementor-post__title\">\n\t\t\t<a href=\"https:\/\/poniclubcatalunya.cat\/es\/segundo-concurso-de-la-liga-de-barcelona-de-doma-clasica\/\">\n\t\t\t\tSegundo concurso de la Liga de Barcelona de Doma Cl\u00e1sica\t\t\t<\/a>\n\t\t<\/h3>\n\t\t\t\t<div class=\"elementor-post__excerpt\">\n\t\t\t<p>Este fin de semana el equipo de competici\u00f3n de doma cl\u00e1sica del Centro Poni Club Catalunya sigui\u00f3 sumando experiencias. El pasado domingo d\u00eda 13 de<\/p>\n\t\t<\/div>\n\t\t\n\t\t<a class=\"elementor-post__read-more\" href=\"https:\/\/poniclubcatalunya.cat\/es\/segundo-concurso-de-la-liga-de-barcelona-de-doma-clasica\/\" aria-label=\"Read more about Segundo concurso de la Liga de Barcelona de Doma Cl\u00e1sica\" tabindex=\"-1\">\n\t\t\tleer m\u00e1s \u00bb\t\t<\/a>\n\n\t\t\t\t<\/div>\n\t\t\t\t<div class=\"elementor-post__meta-data\">\n\t\t\t\t\t<span class=\"elementor-post-date\">\n\t\t\t14 noviembre, 2022\t\t<\/span>\n\t\t\t\t<span class=\"elementor-post-avatar\">\n\t\t\tNo hay comentarios\t\t<\/span>\n\t\t\t\t<\/div>\n\t\t\t\t\t<\/div>\n\t\t<\/article>\n\t\t\t\t<article class=\"elementor-post elementor-grid-item post-4792 post type-post status-publish format-standard has-post-thumbnail hentry category-escuela-de-equitacion\" role=\"listitem\">\n\t\t\t<div class=\"elementor-post__card\">\n\t\t\t\t<a class=\"elementor-post__thumbnail__link\" href=\"https:\/\/poniclubcatalunya.cat\/es\/clinico-de-trec-de-los-dias-5-6-de-noviembre\/\" tabindex=\"-1\"><div class=\"elementor-post__thumbnail\"><img loading=\"lazy\" decoding=\"async\" width=\"300\" height=\"225\" src=\"https:\/\/poniclubcatalunya.cat\/wp-content\/uploads\/2022\/11\/90de12b1-d7fb-4743-a3c5-66cc114ad7bc-300x225.jpg\" class=\"attachment-medium size-medium wp-image-4479\" alt=\"\" srcset=\"https:\/\/poniclubcatalunya.cat\/wp-content\/uploads\/2022\/11\/90de12b1-d7fb-4743-a3c5-66cc114ad7bc-300x225.jpg 300w, https:\/\/poniclubcatalunya.cat\/wp-content\/uploads\/2022\/11\/90de12b1-d7fb-4743-a3c5-66cc114ad7bc-768x576.jpg 768w, https:\/\/poniclubcatalunya.cat\/wp-content\/uploads\/2022\/11\/90de12b1-d7fb-4743-a3c5-66cc114ad7bc.jpg 1024w\" sizes=\"(max-width: 300px) 100vw, 300px\" \/><\/div><\/a>\n\t\t\t\t<div class=\"elementor-post__badge\">Escuela de Equitaci\u00f3n<\/div>\n\t\t\t\t<div class=\"elementor-post__text\">\n\t\t\t\t<h3 class=\"elementor-post__title\">\n\t\t\t<a href=\"https:\/\/poniclubcatalunya.cat\/es\/clinico-de-trec-de-los-dias-5-6-de-noviembre\/\">\n\t\t\t\tCl\u00ednico de Trec de los d\u00edas 5-6 de noviembre\t\t\t<\/a>\n\t\t<\/h3>\n\t\t\t\t<div class=\"elementor-post__excerpt\">\n\t\t\t<p>Este fin de semana realizamos un cl\u00ednic de TREC de una duraci\u00f3n de dos d\u00edas impartido por Francesc Rabat y Ricard Monfort donde participaron un<\/p>\n\t\t<\/div>\n\t\t\n\t\t<a class=\"elementor-post__read-more\" href=\"https:\/\/poniclubcatalunya.cat\/es\/clinico-de-trec-de-los-dias-5-6-de-noviembre\/\" aria-label=\"Read more about Cl\u00ednico de Trec de los d\u00edas 5-6 de noviembre\" tabindex=\"-1\">\n\t\t\tleer m\u00e1s \u00bb\t\t<\/a>\n\n\t\t\t\t<\/div>\n\t\t\t\t<div class=\"elementor-post__meta-data\">\n\t\t\t\t\t<span class=\"elementor-post-date\">\n\t\t\t11 noviembre, 2022\t\t<\/span>\n\t\t\t\t<span class=\"elementor-post-avatar\">\n\t\t\tNo hay comentarios\t\t<\/span>\n\t\t\t\t<\/div>\n\t\t\t\t\t<\/div>\n\t\t<\/article>\n\t\t\t\t<article class=\"elementor-post elementor-grid-item post-4692 post type-post status-publish format-standard has-post-thumbnail hentry category-pequena-escuela\" role=\"listitem\">\n\t\t\t<div class=\"elementor-post__card\">\n\t\t\t\t<a class=\"elementor-post__thumbnail__link\" href=\"https:\/\/poniclubcatalunya.cat\/es\/excursion-a-la-salud\/\" tabindex=\"-1\"><div class=\"elementor-post__thumbnail\"><img loading=\"lazy\" decoding=\"async\" width=\"300\" height=\"225\" src=\"https:\/\/poniclubcatalunya.cat\/wp-content\/uploads\/2022\/11\/image_50449665-300x225.jpg\" class=\"attachment-medium size-medium wp-image-4476\" alt=\"\" srcset=\"https:\/\/poniclubcatalunya.cat\/wp-content\/uploads\/2022\/11\/image_50449665-300x225.jpg 300w, https:\/\/poniclubcatalunya.cat\/wp-content\/uploads\/2022\/11\/image_50449665-1024x768.jpg 1024w, https:\/\/poniclubcatalunya.cat\/wp-content\/uploads\/2022\/11\/image_50449665-768x576.jpg 768w, https:\/\/poniclubcatalunya.cat\/wp-content\/uploads\/2022\/11\/image_50449665-1536x1152.jpg 1536w, https:\/\/poniclubcatalunya.cat\/wp-content\/uploads\/2022\/11\/image_50449665-2048x1536.jpg 2048w\" sizes=\"(max-width: 300px) 100vw, 300px\" \/><\/div><\/a>\n\t\t\t\t<div class=\"elementor-post__badge\">Peque\u00f1a Escuela<\/div>\n\t\t\t\t<div class=\"elementor-post__text\">\n\t\t\t\t<h3 class=\"elementor-post__title\">\n\t\t\t<a href=\"https:\/\/poniclubcatalunya.cat\/es\/excursion-a-la-salud\/\">\n\t\t\t\tExcursi\u00f3n a la Salud\t\t\t<\/a>\n\t\t<\/h3>\n\t\t\t\t<div class=\"elementor-post__excerpt\">\n\t\t\t<p>29 de octubre de 2022 La Peque\u00f1a Escuela el pasado s\u00e1bado d\u00eda 29 de octubre llev\u00f3 a cabo una actividad familiar donde las monitoras, alumnos<\/p>\n\t\t<\/div>\n\t\t\n\t\t<a class=\"elementor-post__read-more\" href=\"https:\/\/poniclubcatalunya.cat\/es\/excursion-a-la-salud\/\" aria-label=\"Read more about Excursi\u00f3n a la Salud\" tabindex=\"-1\">\n\t\t\tleer m\u00e1s \u00bb\t\t<\/a>\n\n\t\t\t\t<\/div>\n\t\t\t\t<div class=\"elementor-post__meta-data\">\n\t\t\t\t\t<span class=\"elementor-post-date\">\n\t\t\t11 noviembre, 2022\t\t<\/span>\n\t\t\t\t<span class=\"elementor-post-avatar\">\n\t\t\tNo hay comentarios\t\t<\/span>\n\t\t\t\t<\/div>\n\t\t\t\t\t<\/div>\n\t\t<\/article>\n\t\t\t\t<article class=\"elementor-post elementor-grid-item post-4715 post type-post status-publish format-standard has-post-thumbnail hentry category-escuela-de-equitacion\" role=\"listitem\">\n\t\t\t<div class=\"elementor-post__card\">\n\t\t\t\t<a class=\"elementor-post__thumbnail__link\" href=\"https:\/\/poniclubcatalunya.cat\/es\/cronica-del-concurso-de-doma-de-dia-16-10-2022\/\" tabindex=\"-1\"><div class=\"elementor-post__thumbnail\"><img loading=\"lazy\" decoding=\"async\" width=\"300\" height=\"139\" src=\"https:\/\/poniclubcatalunya.cat\/wp-content\/uploads\/2022\/11\/Captura-de-Pantalla-2022-11-10-a-les-8.52.38-300x139.png\" class=\"attachment-medium size-medium wp-image-4467\" alt=\"\" srcset=\"https:\/\/poniclubcatalunya.cat\/wp-content\/uploads\/2022\/11\/Captura-de-Pantalla-2022-11-10-a-les-8.52.38-300x139.png 300w, https:\/\/poniclubcatalunya.cat\/wp-content\/uploads\/2022\/11\/Captura-de-Pantalla-2022-11-10-a-les-8.52.38-1024x474.png 1024w, https:\/\/poniclubcatalunya.cat\/wp-content\/uploads\/2022\/11\/Captura-de-Pantalla-2022-11-10-a-les-8.52.38-768x355.png 768w, https:\/\/poniclubcatalunya.cat\/wp-content\/uploads\/2022\/11\/Captura-de-Pantalla-2022-11-10-a-les-8.52.38-1536x711.png 1536w, https:\/\/poniclubcatalunya.cat\/wp-content\/uploads\/2022\/11\/Captura-de-Pantalla-2022-11-10-a-les-8.52.38.png 1824w\" sizes=\"(max-width: 300px) 100vw, 300px\" \/><\/div><\/a>\n\t\t\t\t<div class=\"elementor-post__badge\">Escuela de Equitaci\u00f3n<\/div>\n\t\t\t\t<div class=\"elementor-post__text\">\n\t\t\t\t<h3 class=\"elementor-post__title\">\n\t\t\t<a href=\"https:\/\/poniclubcatalunya.cat\/es\/cronica-del-concurso-de-doma-de-dia-16-10-2022\/\">\n\t\t\t\tCr\u00f3nica del concurso de doma de d\u00eda 16\/10\/2022\t\t\t<\/a>\n\t\t<\/h3>\n\t\t\t\t<div class=\"elementor-post__excerpt\">\n\t\t\t<p>El primer concurso de la Liga de Barcelona de Doma Cl\u00e1sica fue toda una experiencia para nuestros alumnos, nos desplazamos hasta la h\u00edpica Les Tanques<\/p>\n\t\t<\/div>\n\t\t\n\t\t<a class=\"elementor-post__read-more\" href=\"https:\/\/poniclubcatalunya.cat\/es\/cronica-del-concurso-de-doma-de-dia-16-10-2022\/\" aria-label=\"Read more about Cr\u00f3nica del concurso de doma de d\u00eda 16\/10\/2022\" tabindex=\"-1\">\n\t\t\tleer m\u00e1s \u00bb\t\t<\/a>\n\n\t\t\t\t<\/div>\n\t\t\t\t<div class=\"elementor-post__meta-data\">\n\t\t\t\t\t<span class=\"elementor-post-date\">\n\t\t\t10 noviembre, 2022\t\t<\/span>\n\t\t\t\t<span class=\"elementor-post-avatar\">\n\t\t\tNo hay comentarios\t\t<\/span>\n\t\t\t\t<\/div>\n\t\t\t\t\t<\/div>\n\t\t<\/article>\n\t\t\t\t<\/div>\n\t\t\n\t\t\t\t<div class=\"e-load-more-anchor\" data-page=\"1\" data-max-page=\"8\" data-next-page=\"https:\/\/poniclubcatalunya.cat\/es\/wp-json\/wp\/v2\/pages\/4758\/page\/2\/\"><\/div>\n\t\t\t\t<nav class=\"elementor-pagination\" aria-label=\"Pagination\">\n\t\t\t<span aria-current=\"page\" class=\"page-numbers current\"><span class=\"elementor-screen-only\">Page<\/span>1<\/span>\n<a class=\"page-numbers\" href=\"https:\/\/poniclubcatalunya.cat\/es\/wp-json\/wp\/v2\/pages\/4758\/page\/2\/\"><span class=\"elementor-screen-only\">Page<\/span>2<\/a>\n<a class=\"page-numbers\" href=\"https:\/\/poniclubcatalunya.cat\/es\/wp-json\/wp\/v2\/pages\/4758\/page\/3\/\"><span class=\"elementor-screen-only\">Page<\/span>3<\/a>\n<a class=\"page-numbers\" href=\"https:\/\/poniclubcatalunya.cat\/es\/wp-json\/wp\/v2\/pages\/4758\/page\/4\/\"><span class=\"elementor-screen-only\">Page<\/span>4<\/a>\n<a class=\"page-numbers\" href=\"https:\/\/poniclubcatalunya.cat\/es\/wp-json\/wp\/v2\/pages\/4758\/page\/5\/\"><span class=\"elementor-screen-only\">Page<\/span>5<\/a>\t\t<\/nav>\n\t\t\t\t\t\t<\/div>\n\t\t\t\t<\/div>\n\t\t\t\t\t<\/div>\n\t\t\t\t<\/div>\n\t\t\t\t<\/div>\n\t\t","protected":false},"excerpt":{"rendered":"","protected":false},"author":1,"featured_media":4561,"parent":0,"menu_order":0,"comment_status":"closed","ping_status":"closed","template":"","meta":{"_acf_changed":false,"footnotes":""},"class_list":["post-4758","page","type-page","status-publish","has-post-thumbnail","hentry"],"acf":[],"_links":{"self":[{"href":"https:\/\/poniclubcatalunya.cat\/es\/wp-json\/wp\/v2\/pages\/4758","targetHints":{"allow":["GET"]}}],"collection":[{"href":"https:\/\/poniclubcatalunya.cat\/es\/wp-json\/wp\/v2\/pages"}],"about":[{"href":"https:\/\/poniclubcatalunya.cat\/es\/wp-json\/wp\/v2\/types\/page"}],"author":[{"embeddable":true,"href":"https:\/\/poniclubcatalunya.cat\/es\/wp-json\/wp\/v2\/users\/1"}],"replies":[{"embeddable":true,"href":"https:\/\/poniclubcatalunya.cat\/es\/wp-json\/wp\/v2\/comments?post=4758"}],"version-history":[{"count":1,"href":"https:\/\/poniclubcatalunya.cat\/es\/wp-json\/wp\/v2\/pages\/4758\/revisions"}],"predecessor-version":[{"id":4773,"href":"https:\/\/poniclubcatalunya.cat\/es\/wp-json\/wp\/v2\/pages\/4758\/revisions\/4773"}],"wp:featuredmedia":[{"embeddable":true,"href":"https:\/\/poniclubcatalunya.cat\/es\/wp-json\/wp\/v2\/media\/4561"}],"wp:attachment":[{"href":"https:\/\/poniclubcatalunya.cat\/es\/wp-json\/wp\/v2\/media?parent=4758"}],"curies":[{"name":"wp","href":"https:\/\/api.w.org\/{rel}","templated":true}]}}